{"id":1694,"date":"2020-08-06T16:48:34","date_gmt":"2020-08-06T13:48:34","guid":{"rendered":"https:\/\/chocolala.ee\/?post_type=product&#038;p=1694"},"modified":"2022-09-18T16:46:30","modified_gmt":"2022-09-18T13:46:30","slug":"champions-box-containing-our-award-winning-chocolates","status":"publish","type":"product","link":"https:\/\/chocolala.ee\/en\/product\/champions-box-containing-our-award-winning-chocolates\/","title":{"rendered":"Champions box containing our award winning chocolates"},"content":{"rendered":"","protected":false},"excerpt":{"rendered":"<p>Due to the heavy holiday season activity, this product is temporarily unavailable. It will be back on our offer in January.<\/p>\n","protected":false},"featured_media":1702,"comment_status":"open","ping_status":"closed","template":"","meta":[],"product_cat":[66,54],"product_tag":[],"features":[],"brands":[],"yoast_head":"<!-- This site is optimized with the Yoast SEO plugin v14.9 - https:\/\/yoast.com\/wordpress\/plugins\/seo\/ -->\n<title>Champions box containing our award winning chocolates - Chocolala<\/title>\n<meta name=\"description\" content=\"Champions box containing our award winning chocolates - All products, Small boxes (2-9 chocolates). Chocolala\" \/>\n<meta name=\"robots\" content=\"index, follow, max-snippet:-1, max-image-preview:large, max-video-preview:-1\" \/>\n<link rel=\"canonical\" href=\"https:\/\/chocolala.ee\/en\/product\/champions-box-containing-our-award-winning-chocolates\/\" \/>\n<meta property=\"og:locale\" content=\"en_US\" \/>\n<meta property=\"og:type\" content=\"article\" \/>\n<meta property=\"og:title\" content=\"Champions box containing our award winning chocolates - Chocolala\" \/>\n<meta property=\"og:description\" content=\"Champions box containing our award winning chocolates - All products, Small boxes (2-9 chocolates). Chocolala\" \/>\n<meta property=\"og:url\" content=\"https:\/\/chocolala.ee\/en\/product\/champions-box-containing-our-award-winning-chocolates\/\" \/>\n<meta property=\"og:site_name\" content=\"Chocolala\" \/>\n<meta property=\"article:publisher\" content=\"https:\/\/www.facebook.com\/chocolalaestonia\" \/>\n<meta property=\"article:modified_time\" content=\"2022-09-18T13:46:30+00:00\" \/>\n<meta property=\"og:image\" content=\"https:\/\/chocolala.ee\/wp-content\/uploads\/2020\/08\/V\u00f5itjate-karp-sisaldab-meie-v\u00f5idukomme-l\u00e4bi-aegade.-Champions-box-containing-our-award-winning-chocolates.-scaled.jpg\" \/>\n\t<meta property=\"og:image:width\" content=\"2560\" \/>\n\t<meta property=\"og:image:height\" content=\"2560\" \/>\n<meta name=\"twitter:card\" content=\"summary_large_image\" \/>\n<script type=\"application\/ld+json\" class=\"yoast-schema-graph\">{\"@context\":\"https:\/\/schema.org\",\"@graph\":[{\"@type\":\"Organization\",\"@id\":\"https:\/\/chocolala.ee\/en\/#organization\",\"name\":\"Chocolala\",\"url\":\"https:\/\/chocolala.ee\/en\/\",\"sameAs\":[\"https:\/\/www.facebook.com\/chocolalaestonia\",\"https:\/\/www.linkedin.com\/company\/chocolalaestonia\/\"],\"logo\":{\"@type\":\"ImageObject\",\"@id\":\"https:\/\/chocolala.ee\/en\/#logo\",\"inLanguage\":\"en-US\",\"url\":\"https:\/\/chocolala.ee\/wp-content\/uploads\/2020\/09\/500_500.jpg\",\"width\":500,\"height\":500,\"caption\":\"Chocolala\"},\"image\":{\"@id\":\"https:\/\/chocolala.ee\/en\/#logo\"}},{\"@type\":\"WebSite\",\"@id\":\"https:\/\/chocolala.ee\/en\/#website\",\"url\":\"https:\/\/chocolala.ee\/en\/\",\"name\":\"Chocolala\",\"description\":\"\",\"publisher\":{\"@id\":\"https:\/\/chocolala.ee\/en\/#organization\"},\"potentialAction\":[{\"@type\":\"SearchAction\",\"target\":\"https:\/\/chocolala.ee\/en\/?s={search_term_string}\",\"query-input\":\"required name=search_term_string\"}],\"inLanguage\":\"en-US\"},{\"@type\":\"ImageObject\",\"@id\":\"https:\/\/chocolala.ee\/en\/product\/champions-box-containing-our-award-winning-chocolates\/#primaryimage\",\"inLanguage\":\"en-US\",\"url\":\"https:\/\/chocolala.ee\/wp-content\/uploads\/2020\/08\/V\\u00f5itjate-karp-sisaldab-meie-v\\u00f5idukomme-l\\u00e4bi-aegade.-Champions-box-containing-our-award-winning-chocolates.-scaled.jpg\",\"width\":2560,\"height\":2560},{\"@type\":[\"WebPage\",\"ItemPage\"],\"@id\":\"https:\/\/chocolala.ee\/en\/product\/champions-box-containing-our-award-winning-chocolates\/#webpage\",\"url\":\"https:\/\/chocolala.ee\/en\/product\/champions-box-containing-our-award-winning-chocolates\/\",\"name\":\"Champions box containing our award winning chocolates - Chocolala\",\"isPartOf\":{\"@id\":\"https:\/\/chocolala.ee\/en\/#website\"},\"primaryImageOfPage\":{\"@id\":\"https:\/\/chocolala.ee\/en\/product\/champions-box-containing-our-award-winning-chocolates\/#primaryimage\"},\"datePublished\":\"2020-08-06T13:48:34+00:00\",\"dateModified\":\"2022-09-18T13:46:30+00:00\",\"description\":\"Champions box containing our award winning chocolates - All products, Small boxes (2-9 chocolates). Chocolala\",\"inLanguage\":\"en-US\",\"potentialAction\":[{\"@type\":\"ReadAction\",\"target\":[\"https:\/\/chocolala.ee\/en\/product\/champions-box-containing-our-award-winning-chocolates\/\"]}]}]}<\/script>\n<!-- \/ Yoast SEO plugin. -->","_links":{"self":[{"href":"https:\/\/chocolala.ee\/en\/wp-json\/wp\/v2\/product\/1694"}],"collection":[{"href":"https:\/\/chocolala.ee\/en\/wp-json\/wp\/v2\/product"}],"about":[{"href":"https:\/\/chocolala.ee\/en\/wp-json\/wp\/v2\/types\/product"}],"replies":[{"embeddable":true,"href":"https:\/\/chocolala.ee\/en\/wp-json\/wp\/v2\/comments?post=1694"}],"wp:featuredmedia":[{"embeddable":true,"href":"https:\/\/chocolala.ee\/en\/wp-json\/wp\/v2\/media\/1702"}],"wp:attachment":[{"href":"https:\/\/chocolala.ee\/en\/wp-json\/wp\/v2\/media?parent=1694"}],"wp:term":[{"taxonomy":"product_cat","embeddable":true,"href":"https:\/\/chocolala.ee\/en\/wp-json\/wp\/v2\/product_cat?post=1694"},{"taxonomy":"product_tag","embeddable":true,"href":"https:\/\/chocolala.ee\/en\/wp-json\/wp\/v2\/product_tag?post=1694"},{"taxonomy":"features","embeddable":true,"href":"https:\/\/chocolala.ee\/en\/wp-json\/wp\/v2\/features?post=1694"}],"curies":[{"name":"wp","href":"https:\/\/api.w.org\/{rel}","templated":true}]}}