{"id":2190,"date":"2020-08-07T15:31:42","date_gmt":"2020-08-07T12:31:42","guid":{"rendered":"https:\/\/chocolala.ee\/?post_type=product&#038;p=2190"},"modified":"2022-09-16T12:52:49","modified_gmt":"2022-09-16T09:52:49","slug":"small-white-chocolate-tablet-palju-onne-sulle","status":"publish","type":"product","link":"https:\/\/chocolala.ee\/en\/product\/small-white-chocolate-tablet-palju-onne-sulle\/","title":{"rendered":"Small white chocolate tablet &#8211; Palju \u00f5nne sulle"},"content":{"rendered":"","protected":false},"excerpt":{"rendered":"","protected":false},"featured_media":2195,"comment_status":"open","ping_status":"closed","template":"","meta":[],"product_cat":[66,44],"product_tag":[],"features":[],"brands":[],"yoast_head":"<!-- This site is optimized with the Yoast SEO plugin v14.9 - https:\/\/yoast.com\/wordpress\/plugins\/seo\/ -->\n<title>Small white chocolate tablet - Palju \u00f5nne sulle - Chocolala<\/title>\n<meta name=\"description\" content=\"Small white chocolate tablet - Palju \u00f5nne sulle - All products, Birthdays. Chocolala\" \/>\n<meta name=\"robots\" content=\"index, follow, max-snippet:-1, max-image-preview:large, max-video-preview:-1\" \/>\n<link rel=\"canonical\" href=\"https:\/\/chocolala.ee\/en\/product\/small-white-chocolate-tablet-palju-onne-sulle\/\" \/>\n<meta property=\"og:locale\" content=\"en_US\" \/>\n<meta property=\"og:type\" content=\"article\" \/>\n<meta property=\"og:title\" content=\"Small white chocolate tablet - Palju \u00f5nne sulle - Chocolala\" \/>\n<meta property=\"og:description\" content=\"Small white chocolate tablet - Palju \u00f5nne sulle - All products, Birthdays. Chocolala\" \/>\n<meta property=\"og:url\" content=\"https:\/\/chocolala.ee\/en\/product\/small-white-chocolate-tablet-palju-onne-sulle\/\" \/>\n<meta property=\"og:site_name\" content=\"Chocolala\" \/>\n<meta property=\"article:publisher\" content=\"https:\/\/www.facebook.com\/chocolalaestonia\" \/>\n<meta property=\"article:modified_time\" content=\"2022-09-16T09:52:49+00:00\" \/>\n<meta property=\"og:image\" content=\"https:\/\/chocolala.ee\/wp-content\/uploads\/2020\/08\/V\u00e4ike-valgest-\u0161okolaadist-tahvel-Palju-\u00f5nne-sulle.-Small-white-chocolate-tablet-Palju-\u00f5nne-sulle-scaled.jpg\" \/>\n\t<meta property=\"og:image:width\" content=\"2560\" \/>\n\t<meta property=\"og:image:height\" content=\"2560\" \/>\n<meta name=\"twitter:card\" content=\"summary_large_image\" \/>\n<script type=\"application\/ld+json\" class=\"yoast-schema-graph\">{\"@context\":\"https:\/\/schema.org\",\"@graph\":[{\"@type\":\"Organization\",\"@id\":\"https:\/\/chocolala.ee\/en\/#organization\",\"name\":\"Chocolala\",\"url\":\"https:\/\/chocolala.ee\/en\/\",\"sameAs\":[\"https:\/\/www.facebook.com\/chocolalaestonia\",\"https:\/\/www.linkedin.com\/company\/chocolalaestonia\/\"],\"logo\":{\"@type\":\"ImageObject\",\"@id\":\"https:\/\/chocolala.ee\/en\/#logo\",\"inLanguage\":\"en-US\",\"url\":\"https:\/\/chocolala.ee\/wp-content\/uploads\/2020\/09\/500_500.jpg\",\"width\":500,\"height\":500,\"caption\":\"Chocolala\"},\"image\":{\"@id\":\"https:\/\/chocolala.ee\/en\/#logo\"}},{\"@type\":\"WebSite\",\"@id\":\"https:\/\/chocolala.ee\/en\/#website\",\"url\":\"https:\/\/chocolala.ee\/en\/\",\"name\":\"Chocolala\",\"description\":\"\",\"publisher\":{\"@id\":\"https:\/\/chocolala.ee\/en\/#organization\"},\"potentialAction\":[{\"@type\":\"SearchAction\",\"target\":\"https:\/\/chocolala.ee\/en\/?s={search_term_string}\",\"query-input\":\"required name=search_term_string\"}],\"inLanguage\":\"en-US\"},{\"@type\":\"ImageObject\",\"@id\":\"https:\/\/chocolala.ee\/en\/product\/small-white-chocolate-tablet-palju-onne-sulle\/#primaryimage\",\"inLanguage\":\"en-US\",\"url\":\"https:\/\/chocolala.ee\/wp-content\/uploads\/2020\/08\/V\\u00e4ike-valgest-\\u0161okolaadist-tahvel-Palju-\\u00f5nne-sulle.-Small-white-chocolate-tablet-Palju-\\u00f5nne-sulle-scaled.jpg\",\"width\":2560,\"height\":2560},{\"@type\":[\"WebPage\",\"ItemPage\"],\"@id\":\"https:\/\/chocolala.ee\/en\/product\/small-white-chocolate-tablet-palju-onne-sulle\/#webpage\",\"url\":\"https:\/\/chocolala.ee\/en\/product\/small-white-chocolate-tablet-palju-onne-sulle\/\",\"name\":\"Small white chocolate tablet - Palju \\u00f5nne sulle - Chocolala\",\"isPartOf\":{\"@id\":\"https:\/\/chocolala.ee\/en\/#website\"},\"primaryImageOfPage\":{\"@id\":\"https:\/\/chocolala.ee\/en\/product\/small-white-chocolate-tablet-palju-onne-sulle\/#primaryimage\"},\"datePublished\":\"2020-08-07T12:31:42+00:00\",\"dateModified\":\"2022-09-16T09:52:49+00:00\",\"description\":\"Small white chocolate tablet - Palju \\u00f5nne sulle - All products, Birthdays. Chocolala\",\"inLanguage\":\"en-US\",\"potentialAction\":[{\"@type\":\"ReadAction\",\"target\":[\"https:\/\/chocolala.ee\/en\/product\/small-white-chocolate-tablet-palju-onne-sulle\/\"]}]}]}<\/script>\n<!-- \/ Yoast SEO plugin. -->","_links":{"self":[{"href":"https:\/\/chocolala.ee\/en\/wp-json\/wp\/v2\/product\/2190"}],"collection":[{"href":"https:\/\/chocolala.ee\/en\/wp-json\/wp\/v2\/product"}],"about":[{"href":"https:\/\/chocolala.ee\/en\/wp-json\/wp\/v2\/types\/product"}],"replies":[{"embeddable":true,"href":"https:\/\/chocolala.ee\/en\/wp-json\/wp\/v2\/comments?post=2190"}],"wp:featuredmedia":[{"embeddable":true,"href":"https:\/\/chocolala.ee\/en\/wp-json\/wp\/v2\/media\/2195"}],"wp:attachment":[{"href":"https:\/\/chocolala.ee\/en\/wp-json\/wp\/v2\/media?parent=2190"}],"wp:term":[{"taxonomy":"product_cat","embeddable":true,"href":"https:\/\/chocolala.ee\/en\/wp-json\/wp\/v2\/product_cat?post=2190"},{"taxonomy":"product_tag","embeddable":true,"href":"https:\/\/chocolala.ee\/en\/wp-json\/wp\/v2\/product_tag?post=2190"},{"taxonomy":"features","embeddable":true,"href":"https:\/\/chocolala.ee\/en\/wp-json\/wp\/v2\/features?post=2190"}],"curies":[{"name":"wp","href":"https:\/\/api.w.org\/{rel}","templated":true}]}}