{"id":43708,"date":"2025-10-08T11:50:34","date_gmt":"2025-10-08T08:50:34","guid":{"rendered":"https:\/\/chocolala.ee\/?post_type=product&#038;p=43708"},"modified":"2026-03-11T14:45:14","modified_gmt":"2026-03-11T11:45:14","slug":"laanemaa-experience-9-candies-box","status":"publish","type":"product","link":"https:\/\/chocolala.ee\/en\/product\/laanemaa-experience-9-candies-box\/","title":{"rendered":"L\u00e4\u00e4nemaa Experience &#8211; 9 candies Box"},"content":{"rendered":"<p>&#8220;The raspberry-matcha chocolate candy is a Chocolola masterpiece that won first place in the \u201cL\u00e4\u00e4nemaa Chocolate Candy 2025\u201d competition held as part of the L\u00e4\u00e4nemaa Chocolate Festival.<br \/>\nThis candy surprises with its enjoyable taste &#8211; where mild and slightly bitter matcha meets vibrant, sweet and sour raspberry, a duo of flavors is born that awakens the senses and caresses the soul. This candy is like L\u00e4\u00e4nemaa &#8211; always ready to surprise you, offer pleasures and experiences. This is the L\u00e4\u00e4nemaa Experience!&#8221;<\/p>\n","protected":false},"excerpt":{"rendered":"<p>A multi-award-winning box of nine chocolates: each piece features three harmonious layers \u2014 raspberry, matcha, black sesame. Recognized for its originality and finesse, this collection earned the top prize at the L\u00e4\u00e4nemaa Chocolate Festival 2025 and the Bronze Award in the European Craft Chocolate Competition of the 2025 International Chocolate Awards.<\/p>\n","protected":false},"featured_media":43711,"comment_status":"open","ping_status":"closed","template":"","meta":[],"product_cat":[66,49,54],"product_tag":[],"features":[],"brands":[],"yoast_head":"<!-- This site is optimized with the Yoast SEO plugin v14.9 - https:\/\/yoast.com\/wordpress\/plugins\/seo\/ -->\n<title>L\u00e4\u00e4nemaa Experience - 9 candies Box - Chocolala<\/title>\n<meta name=\"description\" content=\"L\u00e4\u00e4nemaa Experience - 9 candies Box - All products, Best sellers, Small boxes (2-9 chocolates). Chocolala\" \/>\n<meta name=\"robots\" content=\"index, follow, max-snippet:-1, max-image-preview:large, max-video-preview:-1\" \/>\n<link rel=\"canonical\" href=\"https:\/\/chocolala.ee\/en\/product\/laanemaa-experience-9-candies-box\/\" \/>\n<meta property=\"og:locale\" content=\"en_US\" \/>\n<meta property=\"og:type\" content=\"article\" \/>\n<meta property=\"og:title\" content=\"L\u00e4\u00e4nemaa Experience - 9 candies Box - Chocolala\" \/>\n<meta property=\"og:description\" content=\"L\u00e4\u00e4nemaa Experience - 9 candies Box - All products, Best sellers, Small boxes (2-9 chocolates). Chocolala\" \/>\n<meta property=\"og:url\" content=\"https:\/\/chocolala.ee\/en\/product\/laanemaa-experience-9-candies-box\/\" \/>\n<meta property=\"og:site_name\" content=\"Chocolala\" \/>\n<meta property=\"article:publisher\" content=\"https:\/\/www.facebook.com\/chocolalaestonia\" \/>\n<meta property=\"article:modified_time\" content=\"2026-03-11T11:45:14+00:00\" \/>\n<meta property=\"og:image\" content=\"https:\/\/chocolala.ee\/wp-content\/uploads\/2025\/10\/Laanema-elamus-9tk-karp.jpg\" \/>\n\t<meta property=\"og:image:width\" content=\"1443\" \/>\n\t<meta property=\"og:image:height\" content=\"1443\" \/>\n<meta name=\"twitter:card\" content=\"summary_large_image\" \/>\n<script type=\"application\/ld+json\" class=\"yoast-schema-graph\">{\"@context\":\"https:\/\/schema.org\",\"@graph\":[{\"@type\":\"Organization\",\"@id\":\"https:\/\/chocolala.ee\/en\/#organization\",\"name\":\"Chocolala\",\"url\":\"https:\/\/chocolala.ee\/en\/\",\"sameAs\":[\"https:\/\/www.facebook.com\/chocolalaestonia\",\"https:\/\/www.linkedin.com\/company\/chocolalaestonia\/\"],\"logo\":{\"@type\":\"ImageObject\",\"@id\":\"https:\/\/chocolala.ee\/en\/#logo\",\"inLanguage\":\"en-US\",\"url\":\"https:\/\/chocolala.ee\/wp-content\/uploads\/2020\/09\/500_500.jpg\",\"width\":500,\"height\":500,\"caption\":\"Chocolala\"},\"image\":{\"@id\":\"https:\/\/chocolala.ee\/en\/#logo\"}},{\"@type\":\"WebSite\",\"@id\":\"https:\/\/chocolala.ee\/en\/#website\",\"url\":\"https:\/\/chocolala.ee\/en\/\",\"name\":\"Chocolala\",\"description\":\"\",\"publisher\":{\"@id\":\"https:\/\/chocolala.ee\/en\/#organization\"},\"potentialAction\":[{\"@type\":\"SearchAction\",\"target\":\"https:\/\/chocolala.ee\/en\/?s={search_term_string}\",\"query-input\":\"required name=search_term_string\"}],\"inLanguage\":\"en-US\"},{\"@type\":\"ImageObject\",\"@id\":\"https:\/\/chocolala.ee\/en\/product\/laanemaa-experience-9-candies-box\/#primaryimage\",\"inLanguage\":\"en-US\",\"url\":\"https:\/\/chocolala.ee\/wp-content\/uploads\/2025\/10\/Laanema-elamus-9tk-karp.jpg\",\"width\":1443,\"height\":1443,\"caption\":\"L\\u00e4\\u00e4nema experience - 9 candies box\"},{\"@type\":[\"WebPage\",\"ItemPage\"],\"@id\":\"https:\/\/chocolala.ee\/en\/product\/laanemaa-experience-9-candies-box\/#webpage\",\"url\":\"https:\/\/chocolala.ee\/en\/product\/laanemaa-experience-9-candies-box\/\",\"name\":\"L\\u00e4\\u00e4nemaa Experience - 9 candies Box - Chocolala\",\"isPartOf\":{\"@id\":\"https:\/\/chocolala.ee\/en\/#website\"},\"primaryImageOfPage\":{\"@id\":\"https:\/\/chocolala.ee\/en\/product\/laanemaa-experience-9-candies-box\/#primaryimage\"},\"datePublished\":\"2025-10-08T08:50:34+00:00\",\"dateModified\":\"2026-03-11T11:45:14+00:00\",\"description\":\"L\\u00e4\\u00e4nemaa Experience - 9 candies Box - All products, Best sellers, Small boxes (2-9 chocolates). Chocolala\",\"inLanguage\":\"en-US\",\"potentialAction\":[{\"@type\":\"ReadAction\",\"target\":[\"https:\/\/chocolala.ee\/en\/product\/laanemaa-experience-9-candies-box\/\"]}]}]}<\/script>\n<!-- \/ Yoast SEO plugin. -->","_links":{"self":[{"href":"https:\/\/chocolala.ee\/en\/wp-json\/wp\/v2\/product\/43708"}],"collection":[{"href":"https:\/\/chocolala.ee\/en\/wp-json\/wp\/v2\/product"}],"about":[{"href":"https:\/\/chocolala.ee\/en\/wp-json\/wp\/v2\/types\/product"}],"replies":[{"embeddable":true,"href":"https:\/\/chocolala.ee\/en\/wp-json\/wp\/v2\/comments?post=43708"}],"wp:featuredmedia":[{"embeddable":true,"href":"https:\/\/chocolala.ee\/en\/wp-json\/wp\/v2\/media\/43711"}],"wp:attachment":[{"href":"https:\/\/chocolala.ee\/en\/wp-json\/wp\/v2\/media?parent=43708"}],"wp:term":[{"taxonomy":"product_cat","embeddable":true,"href":"https:\/\/chocolala.ee\/en\/wp-json\/wp\/v2\/product_cat?post=43708"},{"taxonomy":"product_tag","embeddable":true,"href":"https:\/\/chocolala.ee\/en\/wp-json\/wp\/v2\/product_tag?post=43708"},{"taxonomy":"features","embeddable":true,"href":"https:\/\/chocolala.ee\/en\/wp-json\/wp\/v2\/features?post=43708"}],"curies":[{"name":"wp","href":"https:\/\/api.w.org\/{rel}","templated":true}]}}