{"id":1136,"date":"2020-08-05T17:10:31","date_gmt":"2020-08-05T14:10:31","guid":{"rendered":"https:\/\/chocolala.ee\/product\/sao-thome-bean-to-bar-temnyy-shokolad-s-naturalnymi-rostkami-eli\/"},"modified":"2026-02-23T15:15:39","modified_gmt":"2026-02-23T12:15:39","slug":"sao-thome-bean-to-bar-temnyy-shokolad-s-naturalnymi-rostkami-eli","status":"publish","type":"product","link":"https:\/\/chocolala.ee\/ru\/product\/sao-thome-bean-to-bar-temnyy-shokolad-s-naturalnymi-rostkami-eli\/","title":{"rendered":"\u0422\u0435\u043c\u043d\u044b\u0439 \u0448\u043e\u043a\u043e\u043b\u0430\u0434 bean to bar \u0438\u0437 \u043a\u0430\u043a\u0430\u043e-\u0431\u043e\u0431\u043e\u0432 \u0441 \u0421\u0430\u043d-\u0422\u043e\u043c\u0435 \u0441 \u044d\u0441\u0442\u043e\u043d\u0441\u043a\u0438\u043c\u0438 \u0435\u043b\u043e\u0432\u044b\u043c\u0438 \u043f\u043e\u0431\u0435\u0433\u0430\u043c\u0438"},"content":{"rendered":"<p><strong>\u2116 3 \u0428\u043e\u043a\u043e\u043b\u0430\u0434 \u0438\u0437 \u043a\u0430\u043a\u0430\u043e-\u0431\u043e\u0431\u043e\u0432 \u0441 \u0421\u0430\u043d-\u0422\u043e\u043c\u0435 \u0441 \u0441\u0435\u0432\u0435\u0440\u043d\u044b\u043c\u0438 \u0435\u043b\u043e\u0432\u044b\u043c\u0438 \u043f\u043e\u0431\u0435\u0433\u0430\u043c\u0438.<\/strong><br \/>\n\u041d\u0435\u043a\u043e\u0433\u0434\u0430 \u043a\u0440\u0443\u043f\u043d\u0435\u0439\u0448\u0438\u0439 \u0432 \u043c\u0438\u0440\u0435 \u043f\u0440\u043e\u0438\u0437\u0432\u043e\u0434\u0438\u0442\u0435\u043b\u044c \u043a\u0430\u043a\u0430\u043e \u0421\u0430\u043d-\u0422\u043e\u043c\u0435 \u0438 \u041f\u0440\u0438\u043d\u0441\u0438\u043f\u0438 \u043c\u043e\u0436\u0435\u0442 \u0432\u0435\u0440\u043d\u0443\u0442\u044c \u0441\u0432\u043e\u0435 \u0432\u0442\u043e\u0440\u043e\u0435 \u0438\u043c\u044f \u2013 \u0448\u043e\u043a\u043e\u043b\u0430\u0434\u043d\u044b\u0435 \u043e\u0441\u0442\u0440\u043e\u0432\u0430. \u041d\u0430\u043c \u0432\u044b\u043f\u0430\u043b\u0430 \u0447\u0435\u0441\u0442\u044c \u043f\u0440\u0438\u0441\u0443\u0442\u0441\u0442\u0432\u043e\u0432\u0430\u0442\u044c \u043f\u0440\u0438 \u044d\u0442\u043e\u043c \u0430\u043f\u043f\u0435\u0442\u0438\u0442\u043d\u043e\u043c \u0432\u043e\u0437\u0440\u043e\u0436\u0434\u0435\u043d\u0438\u0438. \u041a\u0430\u043a\u0430\u043e \u043d\u0430 \u0421\u0430\u043d-\u0422\u043e\u043c\u0435 \u2013 \u0442\u0440\u043e\u043f\u0438\u0447\u0435\u0441\u043a\u0438\u0439 \u043e\u0441\u0442\u0440\u043e\u0432 \u0432 \u0417\u0430\u043f\u0430\u0434\u043d\u043e\u0439 \u0410\u0444\u0440\u0438\u043a\u0435 \u2013 \u0437\u0430\u0432\u0435\u0437\u043b\u0438 \u0432 1850-\u0445 \u0433\u043e\u0434\u0430\u0445 \u043f\u043e\u0440\u0442\u0443\u0433\u0430\u043b\u044c\u0441\u043a\u0438\u0435 \u043a\u043e\u043b\u043e\u043d\u0438\u0441\u0442\u044b, \u0434\u043e \u044d\u0442\u043e\u0433\u043e 30 \u043b\u0435\u0442 \u0443\u0441\u043f\u0435\u0448\u043d\u043e \u0432\u043e\u0437\u0434\u0435\u043b\u044b\u0432\u0430\u0432\u0448\u0438\u0435 \u0431\u0440\u0430\u0437\u0438\u043b\u044c\u0441\u043a\u043e\u0435 \u043a\u0430\u043a\u0430\u043e \u043d\u0430 \u0441\u043e\u0441\u0435\u0434\u043d\u0435\u043c \u043e\u0441\u0442\u0440\u043e\u0432\u0435 \u041f\u0440\u0438\u043d\u0441\u0438\u043f\u0438.<br \/>\n\u0412\u043a\u0443\u0441\u043e\u0432\u043e\u0439 \u043d\u044e\u0430\u043d\u0441 \u0437\u0434\u0435\u0441\u044c \u0441\u043e\u0437\u0434\u0430\u044e\u0442 \u0435\u043b\u043e\u0432\u044b\u0435 \u043f\u043e\u0431\u0435\u0433\u0438, \u0431\u043b\u0430\u0433\u043e\u0434\u0430\u0440\u044f \u043a\u043e\u0442\u043e\u0440\u044b\u043c \u0448\u043e\u043a\u043e\u043b\u0430\u0434 \u043e\u0431\u0440\u0435\u0442\u0430\u0435\u0442 \u0443\u043d\u0438\u043a\u0430\u043b\u044c\u043d\u044b\u0439 \u0432\u043a\u0443\u0441 \u0421\u0435\u0432\u0435\u0440\u0430. \u041f\u043e\u0431\u0435\u0433\u0438 \u0441\u043e\u0431\u0438\u0440\u0430\u044e\u0442 \u0432\u0435\u0441\u043d\u043e\u0439 \u043d\u0430 \u043e\u0440\u0433\u0430\u043d\u0438\u0447\u0435\u0441\u043a\u0438\u0445 \u0442\u0435\u0440\u0440\u0438\u0442\u043e\u0440\u0438\u044f\u0445 \u043e\u0441\u0442\u0440\u043e\u0432\u0430 \u0421\u0430\u0430\u0440\u0435\u043c\u0430\u0430.<\/p>\n","protected":false},"excerpt":{"rendered":"<p>\u2116 3 \u0428\u043e\u043a\u043e\u043b\u0430\u0434 \u0438\u0437 \u043a\u0430\u043a\u0430\u043e-\u0431\u043e\u0431\u043e\u0432 \u0441 \u0421\u0430\u043d-\u0422\u043e\u043c\u0435 \u0441 \u0441\u0435\u0432\u0435\u0440\u043d\u044b\u043c\u0438 \u0435\u043b\u043e\u0432\u044b\u043c\u0438 \u043f\u043e\u0431\u0435\u0433\u0430\u043c\u0438. \u041d\u0435\u043a\u043e\u0433\u0434\u0430 \u043a\u0440\u0443\u043f\u043d\u0435\u0439\u0448\u0438\u0439 \u0432 \u043c\u0438\u0440\u0435 \u043f\u0440\u043e\u0438\u0437\u0432\u043e\u0434\u0438\u0442\u0435\u043b\u044c \u043a\u0430\u043a\u0430\u043e \u0421\u0430\u043d-\u0422\u043e\u043c\u0435 \u0438 \u041f\u0440\u0438\u043d\u0441\u0438\u043f\u0438 \u043c\u043e\u0436\u0435\u0442 \u0432\u0435\u0440\u043d\u0443\u0442\u044c \u0441\u0432\u043e\u0435 \u0432\u0442\u043e\u0440\u043e\u0435 \u0438\u043c\u044f \u2013 \u0448\u043e\u043a\u043e\u043b\u0430\u0434\u043d\u044b\u0435 \u043e\u0441\u0442\u0440\u043e\u0432\u0430. \u041d\u0430\u043c \u0432\u044b\u043f\u0430\u043b\u0430 \u0447\u0435\u0441\u0442\u044c \u043f\u0440\u0438\u0441\u0443\u0442\u0441\u0442\u0432\u043e\u0432\u0430\u0442\u044c \u043f\u0440\u0438 \u044d\u0442\u043e\u043c \u0430\u043f\u043f\u0435\u0442\u0438\u0442\u043d\u043e\u043c \u0432\u043e\u0437\u0440\u043e\u0436\u0434\u0435\u043d\u0438\u0438. \u041a\u0430\u043a\u0430\u043e \u043d\u0430 \u0421\u0430\u043d-\u0422\u043e\u043c\u0435 \u2013 \u0442\u0440\u043e\u043f\u0438\u0447\u0435\u0441\u043a\u0438\u0439 \u043e\u0441\u0442\u0440\u043e\u0432 \u0432 \u0417\u0430\u043f\u0430\u0434\u043d\u043e\u0439 \u0410\u0444\u0440\u0438\u043a\u0435 \u2013 \u0437\u0430\u0432\u0435\u0437\u043b\u0438 \u0432 1850-\u0445 \u0433\u043e\u0434\u0430\u0445 \u043f\u043e\u0440\u0442\u0443\u0433\u0430\u043b\u044c\u0441\u043a\u0438\u0435 \u043a\u043e\u043b\u043e\u043d\u0438\u0441\u0442\u044b, \u0434\u043e \u044d\u0442\u043e\u0433\u043e 30 [&hellip;]<\/p>\n","protected":false},"featured_media":30324,"comment_status":"open","ping_status":"closed","template":"","meta":[],"product_cat":[73,107,71,103,135,83,122,108,123,72,104,136,84,74],"product_tag":[],"features":[],"brands":[],"yoast_head":"<!-- This site is optimized with the Yoast SEO plugin v14.9 - https:\/\/yoast.com\/wordpress\/plugins\/seo\/ -->\n<title>\u0422\u0435\u043c\u043d\u044b\u0439 \u0448\u043e\u043a\u043e\u043b\u0430\u0434 bean to bar \u0438\u0437 \u043a\u0430\u043a\u0430\u043e-\u0431\u043e\u0431\u043e\u0432 \u0441 \u0421\u0430\u043d-\u0422\u043e\u043c\u0435 \u0441 \u044d\u0441\u0442\u043e\u043d\u0441\u043a\u0438\u043c\u0438 \u0435\u043b\u043e\u0432\u044b\u043c\u0438 \u043f\u043e\u0431\u0435\u0433\u0430\u043c\u0438 - Chocolala<\/title>\n<meta name=\"description\" content=\"\u0422\u0435\u043c\u043d\u044b\u0439 \u0448\u043e\u043a\u043e\u043b\u0430\u0434 bean to bar \u0438\u0437 \u043a\u0430\u043a\u0430\u043e-\u0431\u043e\u0431\u043e\u0432 \u0441 \u0421\u0430\u043d-\u0422\u043e\u043c\u0435 \u0441 \u044d\u0441\u0442\u043e\u043d\u0441\u043a\u0438\u043c\u0438 \u0435\u043b\u043e\u0432\u044b\u043c\u0438 \u043f\u043e\u0431\u0435\u0433\u0430\u043c\u0438 - Bean to bar tahvlid (oast), Gluteenivaba, K\u00f5ik tooted, Loodusest, Naistep\u00e4ev, V\u00e4iksed tahvlid, Vegan, \u0411\u0435\u0437 \u0433\u043b\u044e\u0442\u0435\u043d\u0430, \u0412\u0435\u0433\u0430\u043d\u0441\u043a\u0438\u0435 \u043f\u0440\u043e\u0434\u0443\u043a\u0442\u044b, \u0412\u0441\u044f \u043f\u0440\u043e\u0434\u0443\u043a\u0446\u0438\u044f, \u0414\u0430\u0440\u044b \u043f\u0440\u0438\u0440\u043e\u0434\u044b, \u0416\u0435\u043d\u0441\u043a\u0438\u0439 \u0434\u0435\u043d\u044c, \u041c\u0430\u043b\u0435\u043d\u044c\u043a\u0438\u0435 \u043f\u043b\u0438\u0442\u043a\u0438, \u041f\u043b\u0438\u0442\u043a\u0438 bean to bar (\u0438\u0437 \u043a\u0430\u043a\u0430\u043e-\u0431\u043e\u0431\u043e\u0432). Chocolala\" \/>\n<meta name=\"robots\" content=\"index, follow, max-snippet:-1, max-image-preview:large, max-video-preview:-1\" \/>\n<link rel=\"canonical\" href=\"https:\/\/chocolala.ee\/ru\/product\/sao-thome-bean-to-bar-temnyy-shokolad-s-naturalnymi-rostkami-eli\/\" \/>\n<meta property=\"og:locale\" content=\"ru_RU\" \/>\n<meta property=\"og:type\" content=\"article\" \/>\n<meta property=\"og:title\" content=\"\u0422\u0435\u043c\u043d\u044b\u0439 \u0448\u043e\u043a\u043e\u043b\u0430\u0434 bean to bar \u0438\u0437 \u043a\u0430\u043a\u0430\u043e-\u0431\u043e\u0431\u043e\u0432 \u0441 \u0421\u0430\u043d-\u0422\u043e\u043c\u0435 \u0441 \u044d\u0441\u0442\u043e\u043d\u0441\u043a\u0438\u043c\u0438 \u0435\u043b\u043e\u0432\u044b\u043c\u0438 \u043f\u043e\u0431\u0435\u0433\u0430\u043c\u0438 - Chocolala\" \/>\n<meta property=\"og:description\" content=\"\u0422\u0435\u043c\u043d\u044b\u0439 \u0448\u043e\u043a\u043e\u043b\u0430\u0434 bean to bar \u0438\u0437 \u043a\u0430\u043a\u0430\u043e-\u0431\u043e\u0431\u043e\u0432 \u0441 \u0421\u0430\u043d-\u0422\u043e\u043c\u0435 \u0441 \u044d\u0441\u0442\u043e\u043d\u0441\u043a\u0438\u043c\u0438 \u0435\u043b\u043e\u0432\u044b\u043c\u0438 \u043f\u043e\u0431\u0435\u0433\u0430\u043c\u0438 - Bean to bar tahvlid (oast), Gluteenivaba, K\u00f5ik tooted, Loodusest, Naistep\u00e4ev, V\u00e4iksed tahvlid, Vegan, \u0411\u0435\u0437 \u0433\u043b\u044e\u0442\u0435\u043d\u0430, \u0412\u0435\u0433\u0430\u043d\u0441\u043a\u0438\u0435 \u043f\u0440\u043e\u0434\u0443\u043a\u0442\u044b, \u0412\u0441\u044f \u043f\u0440\u043e\u0434\u0443\u043a\u0446\u0438\u044f, \u0414\u0430\u0440\u044b \u043f\u0440\u0438\u0440\u043e\u0434\u044b, \u0416\u0435\u043d\u0441\u043a\u0438\u0439 \u0434\u0435\u043d\u044c, \u041c\u0430\u043b\u0435\u043d\u044c\u043a\u0438\u0435 \u043f\u043b\u0438\u0442\u043a\u0438, \u041f\u043b\u0438\u0442\u043a\u0438 bean to bar (\u0438\u0437 \u043a\u0430\u043a\u0430\u043e-\u0431\u043e\u0431\u043e\u0432). Chocolala\" \/>\n<meta property=\"og:url\" content=\"https:\/\/chocolala.ee\/ru\/product\/sao-thome-bean-to-bar-temnyy-shokolad-s-naturalnymi-rostkami-eli\/\" \/>\n<meta property=\"og:site_name\" content=\"Chocolala\" \/>\n<meta property=\"article:publisher\" content=\"https:\/\/www.facebook.com\/chocolalaestonia\" \/>\n<meta property=\"article:modified_time\" content=\"2026-02-23T12:15:39+00:00\" \/>\n<meta property=\"og:image\" content=\"https:\/\/chocolala.ee\/wp-content\/uploads\/2020\/08\/Dark-chocolate-with-Spruce-sprouts.jpg\" \/>\n\t<meta property=\"og:image:width\" content=\"1500\" \/>\n\t<meta property=\"og:image:height\" content=\"1500\" \/>\n<meta name=\"twitter:card\" content=\"summary_large_image\" \/>\n<script type=\"application\/ld+json\" class=\"yoast-schema-graph\">{\"@context\":\"https:\/\/schema.org\",\"@graph\":[{\"@type\":\"Organization\",\"@id\":\"https:\/\/chocolala.ee\/ru\/#organization\",\"name\":\"Chocolala\",\"url\":\"https:\/\/chocolala.ee\/ru\/\",\"sameAs\":[\"https:\/\/www.facebook.com\/chocolalaestonia\",\"https:\/\/www.linkedin.com\/company\/chocolalaestonia\/\"],\"logo\":{\"@type\":\"ImageObject\",\"@id\":\"https:\/\/chocolala.ee\/ru\/#logo\",\"inLanguage\":\"ru-RU\",\"url\":\"https:\/\/chocolala.ee\/wp-content\/uploads\/2020\/09\/500_500.jpg\",\"width\":500,\"height\":500,\"caption\":\"Chocolala\"},\"image\":{\"@id\":\"https:\/\/chocolala.ee\/ru\/#logo\"}},{\"@type\":\"WebSite\",\"@id\":\"https:\/\/chocolala.ee\/ru\/#website\",\"url\":\"https:\/\/chocolala.ee\/ru\/\",\"name\":\"Chocolala\",\"description\":\"\",\"publisher\":{\"@id\":\"https:\/\/chocolala.ee\/ru\/#organization\"},\"potentialAction\":[{\"@type\":\"SearchAction\",\"target\":\"https:\/\/chocolala.ee\/ru\/?s={search_term_string}\",\"query-input\":\"required name=search_term_string\"}],\"inLanguage\":\"ru-RU\"},{\"@type\":\"ImageObject\",\"@id\":\"https:\/\/chocolala.ee\/ru\/product\/sao-thome-bean-to-bar-temnyy-shokolad-s-naturalnymi-rostkami-eli\/#primaryimage\",\"inLanguage\":\"ru-RU\",\"url\":\"https:\/\/chocolala.ee\/wp-content\/uploads\/2020\/08\/Dark-chocolate-with-Spruce-sprouts.jpg\",\"width\":1500,\"height\":1500,\"caption\":\"Sao Thome\\u0301 bean to bar dark chocolate with natural spruce sprout\"},{\"@type\":[\"WebPage\",\"ItemPage\"],\"@id\":\"https:\/\/chocolala.ee\/ru\/product\/sao-thome-bean-to-bar-temnyy-shokolad-s-naturalnymi-rostkami-eli\/#webpage\",\"url\":\"https:\/\/chocolala.ee\/ru\/product\/sao-thome-bean-to-bar-temnyy-shokolad-s-naturalnymi-rostkami-eli\/\",\"name\":\"\\u0422\\u0435\\u043c\\u043d\\u044b\\u0439 \\u0448\\u043e\\u043a\\u043e\\u043b\\u0430\\u0434 bean to bar \\u0438\\u0437 \\u043a\\u0430\\u043a\\u0430\\u043e-\\u0431\\u043e\\u0431\\u043e\\u0432 \\u0441 \\u0421\\u0430\\u043d-\\u0422\\u043e\\u043c\\u0435 \\u0441 \\u044d\\u0441\\u0442\\u043e\\u043d\\u0441\\u043a\\u0438\\u043c\\u0438 \\u0435\\u043b\\u043e\\u0432\\u044b\\u043c\\u0438 \\u043f\\u043e\\u0431\\u0435\\u0433\\u0430\\u043c\\u0438 - Chocolala\",\"isPartOf\":{\"@id\":\"https:\/\/chocolala.ee\/ru\/#website\"},\"primaryImageOfPage\":{\"@id\":\"https:\/\/chocolala.ee\/ru\/product\/sao-thome-bean-to-bar-temnyy-shokolad-s-naturalnymi-rostkami-eli\/#primaryimage\"},\"datePublished\":\"2020-08-05T14:10:31+00:00\",\"dateModified\":\"2026-02-23T12:15:39+00:00\",\"description\":\"\\u0422\\u0435\\u043c\\u043d\\u044b\\u0439 \\u0448\\u043e\\u043a\\u043e\\u043b\\u0430\\u0434 bean to bar \\u0438\\u0437 \\u043a\\u0430\\u043a\\u0430\\u043e-\\u0431\\u043e\\u0431\\u043e\\u0432 \\u0441 \\u0421\\u0430\\u043d-\\u0422\\u043e\\u043c\\u0435 \\u0441 \\u044d\\u0441\\u0442\\u043e\\u043d\\u0441\\u043a\\u0438\\u043c\\u0438 \\u0435\\u043b\\u043e\\u0432\\u044b\\u043c\\u0438 \\u043f\\u043e\\u0431\\u0435\\u0433\\u0430\\u043c\\u0438 - Bean to bar tahvlid (oast), Gluteenivaba, K\\u00f5ik tooted, Loodusest, Naistep\\u00e4ev, V\\u00e4iksed tahvlid, Vegan, \\u0411\\u0435\\u0437 \\u0433\\u043b\\u044e\\u0442\\u0435\\u043d\\u0430, \\u0412\\u0435\\u0433\\u0430\\u043d\\u0441\\u043a\\u0438\\u0435 \\u043f\\u0440\\u043e\\u0434\\u0443\\u043a\\u0442\\u044b, \\u0412\\u0441\\u044f \\u043f\\u0440\\u043e\\u0434\\u0443\\u043a\\u0446\\u0438\\u044f, \\u0414\\u0430\\u0440\\u044b \\u043f\\u0440\\u0438\\u0440\\u043e\\u0434\\u044b, \\u0416\\u0435\\u043d\\u0441\\u043a\\u0438\\u0439 \\u0434\\u0435\\u043d\\u044c, \\u041c\\u0430\\u043b\\u0435\\u043d\\u044c\\u043a\\u0438\\u0435 \\u043f\\u043b\\u0438\\u0442\\u043a\\u0438, \\u041f\\u043b\\u0438\\u0442\\u043a\\u0438 bean to bar (\\u0438\\u0437 \\u043a\\u0430\\u043a\\u0430\\u043e-\\u0431\\u043e\\u0431\\u043e\\u0432). Chocolala\",\"inLanguage\":\"ru-RU\",\"potentialAction\":[{\"@type\":\"ReadAction\",\"target\":[\"https:\/\/chocolala.ee\/ru\/product\/sao-thome-bean-to-bar-temnyy-shokolad-s-naturalnymi-rostkami-eli\/\"]}]}]}<\/script>\n<!-- \/ Yoast SEO plugin. -->","_links":{"self":[{"href":"https:\/\/chocolala.ee\/ru\/wp-json\/wp\/v2\/product\/1136"}],"collection":[{"href":"https:\/\/chocolala.ee\/ru\/wp-json\/wp\/v2\/product"}],"about":[{"href":"https:\/\/chocolala.ee\/ru\/wp-json\/wp\/v2\/types\/product"}],"replies":[{"embeddable":true,"href":"https:\/\/chocolala.ee\/ru\/wp-json\/wp\/v2\/comments?post=1136"}],"wp:featuredmedia":[{"embeddable":true,"href":"https:\/\/chocolala.ee\/ru\/wp-json\/wp\/v2\/media\/30324"}],"wp:attachment":[{"href":"https:\/\/chocolala.ee\/ru\/wp-json\/wp\/v2\/media?parent=1136"}],"wp:term":[{"taxonomy":"product_cat","embeddable":true,"href":"https:\/\/chocolala.ee\/ru\/wp-json\/wp\/v2\/product_cat?post=1136"},{"taxonomy":"product_tag","embeddable":true,"href":"https:\/\/chocolala.ee\/ru\/wp-json\/wp\/v2\/product_tag?post=1136"},{"taxonomy":"features","embeddable":true,"href":"https:\/\/chocolala.ee\/ru\/wp-json\/wp\/v2\/features?post=1136"}],"curies":[{"name":"wp","href":"https:\/\/api.w.org\/{rel}","templated":true}]}}