{"id":1182,"date":"2020-08-06T10:38:18","date_gmt":"2020-08-06T07:38:18","guid":{"rendered":"https:\/\/chocolala.ee\/product\/serebryanye-shariki-temnyy-shokolad-s-domashney-nachinkoy-iz-solenoy-karameli-40-sht\/"},"modified":"2025-09-29T15:17:49","modified_gmt":"2025-09-29T12:17:49","slug":"serebryanye-shariki-temnyy-shokolad-s-domashney-nachinkoy-iz-solenoy-karameli-40-sht","status":"publish","type":"product","link":"https:\/\/chocolala.ee\/ru\/product\/serebryanye-shariki-temnyy-shokolad-s-domashney-nachinkoy-iz-solenoy-karameli-40-sht\/","title":{"rendered":"\u0421\u0435\u0440\u0435\u0431\u0440\u044f\u043d\u044b\u0435 \u0448\u0430\u0440\u0438\u043a\u0438 \u2013 \u0442\u0435\u043c\u043d\u044b\u0439 \u0448\u043e\u043a\u043e\u043b\u0430\u0434 \u0441 \u0434\u043e\u043c\u0430\u0448\u043d\u0435\u0439 \u043d\u0430\u0447\u0438\u043d\u043a\u043e\u0439 \u0438\u0437 \u0441\u043e\u043b\u0435\u043d\u043e\u0439 \u043a\u0430\u0440\u0430\u043c\u0435\u043b\u0438, 40 \u0448\u0442"},"content":{"rendered":"<p>&nbsp;<\/p>\n","protected":false},"excerpt":{"rendered":"<p>&nbsp;<\/p>\n","protected":false},"featured_media":1171,"comment_status":"open","ping_status":"closed","template":"","meta":[],"product_cat":[71,87,88,72],"product_tag":[],"features":[],"brands":[],"yoast_head":"<!-- This site is optimized with the Yoast SEO plugin v14.9 - https:\/\/yoast.com\/wordpress\/plugins\/seo\/ -->\n<title>\u0421\u0435\u0440\u0435\u0431\u0440\u044f\u043d\u044b\u0435 \u0448\u0430\u0440\u0438\u043a\u0438 \u2013 \u0442\u0435\u043c\u043d\u044b\u0439 \u0448\u043e\u043a\u043e\u043b\u0430\u0434 \u0441 \u0434\u043e\u043c\u0430\u0448\u043d\u0435\u0439 \u043d\u0430\u0447\u0438\u043d\u043a\u043e\u0439 \u0438\u0437 \u0441\u043e\u043b\u0435\u043d\u043e\u0439 \u043a\u0430\u0440\u0430\u043c\u0435\u043b\u0438, 40 \u0448\u0442 - Chocolala<\/title>\n<meta name=\"description\" content=\"\u0421\u0435\u0440\u0435\u0431\u0440\u044f\u043d\u044b\u0435 \u0448\u0430\u0440\u0438\u043a\u0438 \u2013 \u0442\u0435\u043c\u043d\u044b\u0439 \u0448\u043e\u043a\u043e\u043b\u0430\u0434 \u0441 \u0434\u043e\u043c\u0430\u0448\u043d\u0435\u0439 \u043d\u0430\u0447\u0438\u043d\u043a\u043e\u0439 \u0438\u0437 \u0441\u043e\u043b\u0435\u043d\u043e\u0439 \u043a\u0430\u0440\u0430\u043c\u0435\u043b\u0438, 40 \u0448\u0442 - K\u00f5ik tooted, Suured karbid (16-56 kommi), \u0411\u043e\u043b\u044c\u0448\u0438\u0435 \u043a\u043e\u0440\u043e\u0431\u043a\u0438 (16\u201356 \u043a\u043e\u043d\u0444\u0435\u0442), \u0412\u0441\u044f \u043f\u0440\u043e\u0434\u0443\u043a\u0446\u0438\u044f. Chocolala\" \/>\n<meta name=\"robots\" content=\"index, follow, max-snippet:-1, max-image-preview:large, max-video-preview:-1\" \/>\n<link rel=\"canonical\" href=\"https:\/\/chocolala.ee\/ru\/product\/serebryanye-shariki-temnyy-shokolad-s-domashney-nachinkoy-iz-solenoy-karameli-40-sht\/\" \/>\n<meta property=\"og:locale\" content=\"ru_RU\" \/>\n<meta property=\"og:type\" content=\"article\" \/>\n<meta property=\"og:title\" content=\"\u0421\u0435\u0440\u0435\u0431\u0440\u044f\u043d\u044b\u0435 \u0448\u0430\u0440\u0438\u043a\u0438 \u2013 \u0442\u0435\u043c\u043d\u044b\u0439 \u0448\u043e\u043a\u043e\u043b\u0430\u0434 \u0441 \u0434\u043e\u043c\u0430\u0448\u043d\u0435\u0439 \u043d\u0430\u0447\u0438\u043d\u043a\u043e\u0439 \u0438\u0437 \u0441\u043e\u043b\u0435\u043d\u043e\u0439 \u043a\u0430\u0440\u0430\u043c\u0435\u043b\u0438, 40 \u0448\u0442 - Chocolala\" \/>\n<meta property=\"og:description\" content=\"\u0421\u0435\u0440\u0435\u0431\u0440\u044f\u043d\u044b\u0435 \u0448\u0430\u0440\u0438\u043a\u0438 \u2013 \u0442\u0435\u043c\u043d\u044b\u0439 \u0448\u043e\u043a\u043e\u043b\u0430\u0434 \u0441 \u0434\u043e\u043c\u0430\u0448\u043d\u0435\u0439 \u043d\u0430\u0447\u0438\u043d\u043a\u043e\u0439 \u0438\u0437 \u0441\u043e\u043b\u0435\u043d\u043e\u0439 \u043a\u0430\u0440\u0430\u043c\u0435\u043b\u0438, 40 \u0448\u0442 - K\u00f5ik tooted, Suured karbid (16-56 kommi), \u0411\u043e\u043b\u044c\u0448\u0438\u0435 \u043a\u043e\u0440\u043e\u0431\u043a\u0438 (16\u201356 \u043a\u043e\u043d\u0444\u0435\u0442), \u0412\u0441\u044f \u043f\u0440\u043e\u0434\u0443\u043a\u0446\u0438\u044f. Chocolala\" \/>\n<meta property=\"og:url\" content=\"https:\/\/chocolala.ee\/ru\/product\/serebryanye-shariki-temnyy-shokolad-s-domashney-nachinkoy-iz-solenoy-karameli-40-sht\/\" \/>\n<meta property=\"og:site_name\" content=\"Chocolala\" \/>\n<meta property=\"article:publisher\" content=\"https:\/\/www.facebook.com\/chocolalaestonia\" \/>\n<meta property=\"article:modified_time\" content=\"2025-09-29T12:17:49+00:00\" \/>\n<meta property=\"og:image\" content=\"https:\/\/chocolala.ee\/wp-content\/uploads\/2020\/08\/H\u00f5bekuulid-kodune-soolakaramelli-t\u00e4idis-tumedas-\u0161okolaadis.-Silver-bullets-homemade-salted-caramel-filling-in-dark-chocolate-scaled.jpg\" \/>\n\t<meta property=\"og:image:width\" content=\"2560\" \/>\n\t<meta property=\"og:image:height\" content=\"2560\" \/>\n<meta name=\"twitter:card\" content=\"summary_large_image\" \/>\n<script type=\"application\/ld+json\" class=\"yoast-schema-graph\">{\"@context\":\"https:\/\/schema.org\",\"@graph\":[{\"@type\":\"Organization\",\"@id\":\"https:\/\/chocolala.ee\/ru\/#organization\",\"name\":\"Chocolala\",\"url\":\"https:\/\/chocolala.ee\/ru\/\",\"sameAs\":[\"https:\/\/www.facebook.com\/chocolalaestonia\",\"https:\/\/www.linkedin.com\/company\/chocolalaestonia\/\"],\"logo\":{\"@type\":\"ImageObject\",\"@id\":\"https:\/\/chocolala.ee\/ru\/#logo\",\"inLanguage\":\"ru-RU\",\"url\":\"https:\/\/chocolala.ee\/wp-content\/uploads\/2020\/09\/500_500.jpg\",\"width\":500,\"height\":500,\"caption\":\"Chocolala\"},\"image\":{\"@id\":\"https:\/\/chocolala.ee\/ru\/#logo\"}},{\"@type\":\"WebSite\",\"@id\":\"https:\/\/chocolala.ee\/ru\/#website\",\"url\":\"https:\/\/chocolala.ee\/ru\/\",\"name\":\"Chocolala\",\"description\":\"\",\"publisher\":{\"@id\":\"https:\/\/chocolala.ee\/ru\/#organization\"},\"potentialAction\":[{\"@type\":\"SearchAction\",\"target\":\"https:\/\/chocolala.ee\/ru\/?s={search_term_string}\",\"query-input\":\"required name=search_term_string\"}],\"inLanguage\":\"ru-RU\"},{\"@type\":\"ImageObject\",\"@id\":\"https:\/\/chocolala.ee\/ru\/product\/serebryanye-shariki-temnyy-shokolad-s-domashney-nachinkoy-iz-solenoy-karameli-40-sht\/#primaryimage\",\"inLanguage\":\"ru-RU\",\"url\":\"https:\/\/chocolala.ee\/wp-content\/uploads\/2020\/08\/H\\u00f5bekuulid-kodune-soolakaramelli-t\\u00e4idis-tumedas-\\u0161okolaadis.-Silver-bullets-homemade-salted-caramel-filling-in-dark-chocolate-scaled.jpg\",\"width\":2560,\"height\":2560},{\"@type\":[\"WebPage\",\"ItemPage\"],\"@id\":\"https:\/\/chocolala.ee\/ru\/product\/serebryanye-shariki-temnyy-shokolad-s-domashney-nachinkoy-iz-solenoy-karameli-40-sht\/#webpage\",\"url\":\"https:\/\/chocolala.ee\/ru\/product\/serebryanye-shariki-temnyy-shokolad-s-domashney-nachinkoy-iz-solenoy-karameli-40-sht\/\",\"name\":\"\\u0421\\u0435\\u0440\\u0435\\u0431\\u0440\\u044f\\u043d\\u044b\\u0435 \\u0448\\u0430\\u0440\\u0438\\u043a\\u0438 \\u2013 \\u0442\\u0435\\u043c\\u043d\\u044b\\u0439 \\u0448\\u043e\\u043a\\u043e\\u043b\\u0430\\u0434 \\u0441 \\u0434\\u043e\\u043c\\u0430\\u0448\\u043d\\u0435\\u0439 \\u043d\\u0430\\u0447\\u0438\\u043d\\u043a\\u043e\\u0439 \\u0438\\u0437 \\u0441\\u043e\\u043b\\u0435\\u043d\\u043e\\u0439 \\u043a\\u0430\\u0440\\u0430\\u043c\\u0435\\u043b\\u0438, 40 \\u0448\\u0442 - Chocolala\",\"isPartOf\":{\"@id\":\"https:\/\/chocolala.ee\/ru\/#website\"},\"primaryImageOfPage\":{\"@id\":\"https:\/\/chocolala.ee\/ru\/product\/serebryanye-shariki-temnyy-shokolad-s-domashney-nachinkoy-iz-solenoy-karameli-40-sht\/#primaryimage\"},\"datePublished\":\"2020-08-06T07:38:18+00:00\",\"dateModified\":\"2025-09-29T12:17:49+00:00\",\"description\":\"\\u0421\\u0435\\u0440\\u0435\\u0431\\u0440\\u044f\\u043d\\u044b\\u0435 \\u0448\\u0430\\u0440\\u0438\\u043a\\u0438 \\u2013 \\u0442\\u0435\\u043c\\u043d\\u044b\\u0439 \\u0448\\u043e\\u043a\\u043e\\u043b\\u0430\\u0434 \\u0441 \\u0434\\u043e\\u043c\\u0430\\u0448\\u043d\\u0435\\u0439 \\u043d\\u0430\\u0447\\u0438\\u043d\\u043a\\u043e\\u0439 \\u0438\\u0437 \\u0441\\u043e\\u043b\\u0435\\u043d\\u043e\\u0439 \\u043a\\u0430\\u0440\\u0430\\u043c\\u0435\\u043b\\u0438, 40 \\u0448\\u0442 - K\\u00f5ik tooted, Suured karbid (16-56 kommi), \\u0411\\u043e\\u043b\\u044c\\u0448\\u0438\\u0435 \\u043a\\u043e\\u0440\\u043e\\u0431\\u043a\\u0438 (16\\u201356 \\u043a\\u043e\\u043d\\u0444\\u0435\\u0442), \\u0412\\u0441\\u044f \\u043f\\u0440\\u043e\\u0434\\u0443\\u043a\\u0446\\u0438\\u044f. Chocolala\",\"inLanguage\":\"ru-RU\",\"potentialAction\":[{\"@type\":\"ReadAction\",\"target\":[\"https:\/\/chocolala.ee\/ru\/product\/serebryanye-shariki-temnyy-shokolad-s-domashney-nachinkoy-iz-solenoy-karameli-40-sht\/\"]}]}]}<\/script>\n<!-- \/ Yoast SEO plugin. -->","_links":{"self":[{"href":"https:\/\/chocolala.ee\/ru\/wp-json\/wp\/v2\/product\/1182"}],"collection":[{"href":"https:\/\/chocolala.ee\/ru\/wp-json\/wp\/v2\/product"}],"about":[{"href":"https:\/\/chocolala.ee\/ru\/wp-json\/wp\/v2\/types\/product"}],"replies":[{"embeddable":true,"href":"https:\/\/chocolala.ee\/ru\/wp-json\/wp\/v2\/comments?post=1182"}],"wp:featuredmedia":[{"embeddable":true,"href":"https:\/\/chocolala.ee\/ru\/wp-json\/wp\/v2\/media\/1171"}],"wp:attachment":[{"href":"https:\/\/chocolala.ee\/ru\/wp-json\/wp\/v2\/media?parent=1182"}],"wp:term":[{"taxonomy":"product_cat","embeddable":true,"href":"https:\/\/chocolala.ee\/ru\/wp-json\/wp\/v2\/product_cat?post=1182"},{"taxonomy":"product_tag","embeddable":true,"href":"https:\/\/chocolala.ee\/ru\/wp-json\/wp\/v2\/product_tag?post=1182"},{"taxonomy":"features","embeddable":true,"href":"https:\/\/chocolala.ee\/ru\/wp-json\/wp\/v2\/features?post=1182"}],"curies":[{"name":"wp","href":"https:\/\/api.w.org\/{rel}","templated":true}]}}