{"id":1304,"date":"2020-08-06T12:04:15","date_gmt":"2020-08-06T09:04:15","guid":{"rendered":"https:\/\/chocolala.ee\/product\/tallinnskaya-kilka-iz-molochnogo-shokolada\/"},"modified":"2026-03-12T15:56:26","modified_gmt":"2026-03-12T12:56:26","slug":"12-%d1%82%d0%b0%d0%bb%d0%bb%d0%b8%d0%bd%d0%bd%d1%81%d0%ba%d0%b0%d1%8f-%d0%ba%d0%b8%d0%bb%d1%8c%d0%ba%d0%b0-%d0%b8%d0%b7-%d1%82%d0%b5%d0%bc%d0%bd%d0%be%d0%b3%d0%be-%d1%88%d0%be%d0%ba%d0%be%d0%bb%d0%b0","status":"publish","type":"product","link":"https:\/\/chocolala.ee\/ru\/product\/12-%d1%82%d0%b0%d0%bb%d0%bb%d0%b8%d0%bd%d0%bd%d1%81%d0%ba%d0%b0%d1%8f-%d0%ba%d0%b8%d0%bb%d1%8c%d0%ba%d0%b0-%d0%b8%d0%b7-%d1%82%d0%b5%d0%bc%d0%bd%d0%be%d0%b3%d0%be-%d1%88%d0%be%d0%ba%d0%be%d0%bb%d0%b0\/","title":{"rendered":"12 \u0422\u0430\u043b\u043b\u0438\u043d\u043d\u0441\u043a\u0430\u044f \u043a\u0438\u043b\u044c\u043a\u0430 \u0438\u0437 \u0442\u0435\u043c\u043d\u043e\u0433\u043e \u0448\u043e\u043a\u043e\u043b\u0430\u0434\u0430"},"content":{"rendered":"<p>&nbsp;<\/p>\n","protected":false},"excerpt":{"rendered":"<p>12 \u0422\u0430\u043b\u043b\u0438\u043d\u043d\u0441\u043a\u0430\u044f \u043a\u0438\u043b\u044c\u043a\u0430 \u0438\u0437 \u043c\u043e\u043b\u043e\u0447\u043d\u043e\u0433\u043e \u0448\u043e\u043a\u043e\u043b\u0430\u0434\u0430 &#8211; \u043c\u0438\u043d. \u0432\u0435\u0441 \u043d\u0435\u0442\u0442\u043e 120\u0433\u0440.<\/p>\n","protected":false},"featured_media":34428,"comment_status":"open","ping_status":"closed","template":"","meta":[],"product_cat":[71,109,97,95,72,110,98,96],"product_tag":[],"features":[],"brands":[],"yoast_head":"<!-- This site is optimized with the Yoast SEO plugin v14.9 - https:\/\/yoast.com\/wordpress\/plugins\/seo\/ -->\n<title>12 \u0422\u0430\u043b\u043b\u0438\u043d\u043d\u0441\u043a\u0430\u044f \u043a\u0438\u043b\u044c\u043a\u0430 \u0438\u0437 \u0442\u0435\u043c\u043d\u043e\u0433\u043e \u0448\u043e\u043a\u043e\u043b\u0430\u0434\u0430 - Chocolala<\/title>\n<meta name=\"description\" content=\"12 \u0422\u0430\u043b\u043b\u0438\u043d\u043d\u0441\u043a\u0430\u044f \u043a\u0438\u043b\u044c\u043a\u0430 \u0438\u0437 \u0442\u0435\u043c\u043d\u043e\u0433\u043e \u0448\u043e\u043a\u043e\u043b\u0430\u0434\u0430 - K\u00f5ik tooted, Kuum \u0161okolaad ja kujukesed, Lastele, Lihav\u00f5tteks, \u0412\u0441\u044f \u043f\u0440\u043e\u0434\u0443\u043a\u0446\u0438\u044f, \u0413\u043e\u0440\u044f\u0447\u0438\u0439 \u0448\u043e\u043a\u043e\u043b\u0430\u0434 \u0438 \u0444\u0438\u0433\u0443\u0440\u043a\u0438, \u0414\u043b\u044f \u0434\u0435\u0442\u0435\u0439, \u041a \u041f\u0430\u0441\u0445\u0435. Chocolala\" \/>\n<meta name=\"robots\" content=\"index, follow, max-snippet:-1, max-image-preview:large, max-video-preview:-1\" \/>\n<link rel=\"canonical\" href=\"https:\/\/chocolala.ee\/ru\/product\/12-%d1%82%d0%b0%d0%bb%d0%bb%d0%b8%d0%bd%d0%bd%d1%81%d0%ba%d0%b0%d1%8f-%d0%ba%d0%b8%d0%bb%d1%8c%d0%ba%d0%b0-%d0%b8%d0%b7-%d1%82%d0%b5%d0%bc%d0%bd%d0%be%d0%b3%d0%be-%d1%88%d0%be%d0%ba%d0%be%d0%bb%d0%b0\/\" \/>\n<meta property=\"og:locale\" content=\"ru_RU\" \/>\n<meta property=\"og:type\" content=\"article\" \/>\n<meta property=\"og:title\" content=\"12 \u0422\u0430\u043b\u043b\u0438\u043d\u043d\u0441\u043a\u0430\u044f \u043a\u0438\u043b\u044c\u043a\u0430 \u0438\u0437 \u0442\u0435\u043c\u043d\u043e\u0433\u043e \u0448\u043e\u043a\u043e\u043b\u0430\u0434\u0430 - Chocolala\" \/>\n<meta property=\"og:description\" content=\"12 \u0422\u0430\u043b\u043b\u0438\u043d\u043d\u0441\u043a\u0430\u044f \u043a\u0438\u043b\u044c\u043a\u0430 \u0438\u0437 \u0442\u0435\u043c\u043d\u043e\u0433\u043e \u0448\u043e\u043a\u043e\u043b\u0430\u0434\u0430 - K\u00f5ik tooted, Kuum \u0161okolaad ja kujukesed, Lastele, Lihav\u00f5tteks, \u0412\u0441\u044f \u043f\u0440\u043e\u0434\u0443\u043a\u0446\u0438\u044f, \u0413\u043e\u0440\u044f\u0447\u0438\u0439 \u0448\u043e\u043a\u043e\u043b\u0430\u0434 \u0438 \u0444\u0438\u0433\u0443\u0440\u043a\u0438, \u0414\u043b\u044f \u0434\u0435\u0442\u0435\u0439, \u041a \u041f\u0430\u0441\u0445\u0435. Chocolala\" \/>\n<meta property=\"og:url\" content=\"https:\/\/chocolala.ee\/ru\/product\/12-%d1%82%d0%b0%d0%bb%d0%bb%d0%b8%d0%bd%d0%bd%d1%81%d0%ba%d0%b0%d1%8f-%d0%ba%d0%b8%d0%bb%d1%8c%d0%ba%d0%b0-%d0%b8%d0%b7-%d1%82%d0%b5%d0%bc%d0%bd%d0%be%d0%b3%d0%be-%d1%88%d0%be%d0%ba%d0%be%d0%bb%d0%b0\/\" \/>\n<meta property=\"og:site_name\" content=\"Chocolala\" \/>\n<meta property=\"article:publisher\" content=\"https:\/\/www.facebook.com\/chocolalaestonia\" \/>\n<meta property=\"article:modified_time\" content=\"2026-03-12T12:56:26+00:00\" \/>\n<meta property=\"og:image\" content=\"https:\/\/chocolala.ee\/wp-content\/uploads\/2020\/08\/Tallinna-Kilud-Chocolala-1.jpg\" \/>\n\t<meta property=\"og:image:width\" content=\"1000\" \/>\n\t<meta property=\"og:image:height\" content=\"998\" \/>\n<meta name=\"twitter:card\" content=\"summary_large_image\" \/>\n<script type=\"application\/ld+json\" class=\"yoast-schema-graph\">{\"@context\":\"https:\/\/schema.org\",\"@graph\":[{\"@type\":\"Organization\",\"@id\":\"https:\/\/chocolala.ee\/ru\/#organization\",\"name\":\"Chocolala\",\"url\":\"https:\/\/chocolala.ee\/ru\/\",\"sameAs\":[\"https:\/\/www.facebook.com\/chocolalaestonia\",\"https:\/\/www.linkedin.com\/company\/chocolalaestonia\/\"],\"logo\":{\"@type\":\"ImageObject\",\"@id\":\"https:\/\/chocolala.ee\/ru\/#logo\",\"inLanguage\":\"ru-RU\",\"url\":\"https:\/\/chocolala.ee\/wp-content\/uploads\/2020\/09\/500_500.jpg\",\"width\":500,\"height\":500,\"caption\":\"Chocolala\"},\"image\":{\"@id\":\"https:\/\/chocolala.ee\/ru\/#logo\"}},{\"@type\":\"WebSite\",\"@id\":\"https:\/\/chocolala.ee\/ru\/#website\",\"url\":\"https:\/\/chocolala.ee\/ru\/\",\"name\":\"Chocolala\",\"description\":\"\",\"publisher\":{\"@id\":\"https:\/\/chocolala.ee\/ru\/#organization\"},\"potentialAction\":[{\"@type\":\"SearchAction\",\"target\":\"https:\/\/chocolala.ee\/ru\/?s={search_term_string}\",\"query-input\":\"required name=search_term_string\"}],\"inLanguage\":\"ru-RU\"},{\"@type\":\"ImageObject\",\"@id\":\"https:\/\/chocolala.ee\/ru\/product\/12-%d1%82%d0%b0%d0%bb%d0%bb%d0%b8%d0%bd%d0%bd%d1%81%d0%ba%d0%b0%d1%8f-%d0%ba%d0%b8%d0%bb%d1%8c%d0%ba%d0%b0-%d0%b8%d0%b7-%d1%82%d0%b5%d0%bc%d0%bd%d0%be%d0%b3%d0%be-%d1%88%d0%be%d0%ba%d0%be%d0%bb%d0%b0\/#primaryimage\",\"inLanguage\":\"ru-RU\",\"url\":\"https:\/\/chocolala.ee\/wp-content\/uploads\/2020\/08\/Tallinna-Kilud-Chocolala-1.jpg\",\"width\":1000,\"height\":998,\"caption\":\"12 Chocolate Sardines\"},{\"@type\":[\"WebPage\",\"ItemPage\"],\"@id\":\"https:\/\/chocolala.ee\/ru\/product\/12-%d1%82%d0%b0%d0%bb%d0%bb%d0%b8%d0%bd%d0%bd%d1%81%d0%ba%d0%b0%d1%8f-%d0%ba%d0%b8%d0%bb%d1%8c%d0%ba%d0%b0-%d0%b8%d0%b7-%d1%82%d0%b5%d0%bc%d0%bd%d0%be%d0%b3%d0%be-%d1%88%d0%be%d0%ba%d0%be%d0%bb%d0%b0\/#webpage\",\"url\":\"https:\/\/chocolala.ee\/ru\/product\/12-%d1%82%d0%b0%d0%bb%d0%bb%d0%b8%d0%bd%d0%bd%d1%81%d0%ba%d0%b0%d1%8f-%d0%ba%d0%b8%d0%bb%d1%8c%d0%ba%d0%b0-%d0%b8%d0%b7-%d1%82%d0%b5%d0%bc%d0%bd%d0%be%d0%b3%d0%be-%d1%88%d0%be%d0%ba%d0%be%d0%bb%d0%b0\/\",\"name\":\"12 \\u0422\\u0430\\u043b\\u043b\\u0438\\u043d\\u043d\\u0441\\u043a\\u0430\\u044f \\u043a\\u0438\\u043b\\u044c\\u043a\\u0430 \\u0438\\u0437 \\u0442\\u0435\\u043c\\u043d\\u043e\\u0433\\u043e \\u0448\\u043e\\u043a\\u043e\\u043b\\u0430\\u0434\\u0430 - Chocolala\",\"isPartOf\":{\"@id\":\"https:\/\/chocolala.ee\/ru\/#website\"},\"primaryImageOfPage\":{\"@id\":\"https:\/\/chocolala.ee\/ru\/product\/12-%d1%82%d0%b0%d0%bb%d0%bb%d0%b8%d0%bd%d0%bd%d1%81%d0%ba%d0%b0%d1%8f-%d0%ba%d0%b8%d0%bb%d1%8c%d0%ba%d0%b0-%d0%b8%d0%b7-%d1%82%d0%b5%d0%bc%d0%bd%d0%be%d0%b3%d0%be-%d1%88%d0%be%d0%ba%d0%be%d0%bb%d0%b0\/#primaryimage\"},\"datePublished\":\"2020-08-06T09:04:15+00:00\",\"dateModified\":\"2026-03-12T12:56:26+00:00\",\"description\":\"12 \\u0422\\u0430\\u043b\\u043b\\u0438\\u043d\\u043d\\u0441\\u043a\\u0430\\u044f \\u043a\\u0438\\u043b\\u044c\\u043a\\u0430 \\u0438\\u0437 \\u0442\\u0435\\u043c\\u043d\\u043e\\u0433\\u043e \\u0448\\u043e\\u043a\\u043e\\u043b\\u0430\\u0434\\u0430 - K\\u00f5ik tooted, Kuum \\u0161okolaad ja kujukesed, Lastele, Lihav\\u00f5tteks, \\u0412\\u0441\\u044f \\u043f\\u0440\\u043e\\u0434\\u0443\\u043a\\u0446\\u0438\\u044f, \\u0413\\u043e\\u0440\\u044f\\u0447\\u0438\\u0439 \\u0448\\u043e\\u043a\\u043e\\u043b\\u0430\\u0434 \\u0438 \\u0444\\u0438\\u0433\\u0443\\u0440\\u043a\\u0438, \\u0414\\u043b\\u044f \\u0434\\u0435\\u0442\\u0435\\u0439, \\u041a \\u041f\\u0430\\u0441\\u0445\\u0435. Chocolala\",\"inLanguage\":\"ru-RU\",\"potentialAction\":[{\"@type\":\"ReadAction\",\"target\":[\"https:\/\/chocolala.ee\/ru\/product\/12-%d1%82%d0%b0%d0%bb%d0%bb%d0%b8%d0%bd%d0%bd%d1%81%d0%ba%d0%b0%d1%8f-%d0%ba%d0%b8%d0%bb%d1%8c%d0%ba%d0%b0-%d0%b8%d0%b7-%d1%82%d0%b5%d0%bc%d0%bd%d0%be%d0%b3%d0%be-%d1%88%d0%be%d0%ba%d0%be%d0%bb%d0%b0\/\"]}]}]}<\/script>\n<!-- \/ Yoast SEO plugin. -->","_links":{"self":[{"href":"https:\/\/chocolala.ee\/ru\/wp-json\/wp\/v2\/product\/1304"}],"collection":[{"href":"https:\/\/chocolala.ee\/ru\/wp-json\/wp\/v2\/product"}],"about":[{"href":"https:\/\/chocolala.ee\/ru\/wp-json\/wp\/v2\/types\/product"}],"replies":[{"embeddable":true,"href":"https:\/\/chocolala.ee\/ru\/wp-json\/wp\/v2\/comments?post=1304"}],"wp:featuredmedia":[{"embeddable":true,"href":"https:\/\/chocolala.ee\/ru\/wp-json\/wp\/v2\/media\/34428"}],"wp:attachment":[{"href":"https:\/\/chocolala.ee\/ru\/wp-json\/wp\/v2\/media?parent=1304"}],"wp:term":[{"taxonomy":"product_cat","embeddable":true,"href":"https:\/\/chocolala.ee\/ru\/wp-json\/wp\/v2\/product_cat?post=1304"},{"taxonomy":"product_tag","embeddable":true,"href":"https:\/\/chocolala.ee\/ru\/wp-json\/wp\/v2\/product_tag?post=1304"},{"taxonomy":"features","embeddable":true,"href":"https:\/\/chocolala.ee\/ru\/wp-json\/wp\/v2\/features?post=1304"}],"curies":[{"name":"wp","href":"https:\/\/api.w.org\/{rel}","templated":true}]}}