{"id":1320,"date":"2020-08-06T12:11:43","date_gmt":"2020-08-06T09:11:43","guid":{"rendered":"https:\/\/chocolala.ee\/product\/plitka-temnogo-shokolada-s-priznaniem-v-lyubvi-ma-armastan-sind\/"},"modified":"2025-09-29T17:27:52","modified_gmt":"2025-09-29T14:27:52","slug":"plitka-temnogo-shokolada-s-priznaniem-v-lyubvi-ma-armastan-sind","status":"publish","type":"product","link":"https:\/\/chocolala.ee\/ru\/product\/plitka-temnogo-shokolada-s-priznaniem-v-lyubvi-ma-armastan-sind\/","title":{"rendered":"\u041f\u043b\u0438\u0442\u043a\u0430 \u0442\u0435\u043c\u043d\u043e\u0433\u043e \u0448\u043e\u043a\u043e\u043b\u0430\u0434\u0430 \u0441 \u043f\u0440\u0438\u0437\u043d\u0430\u043d\u0438\u0435\u043c \u0432 \u043b\u044e\u0431\u0432\u0438 \u2013 Ma armastan sind !"},"content":{"rendered":"<p>&nbsp;<\/p>\n","protected":false},"excerpt":{"rendered":"<p>&nbsp;<\/p>\n","protected":false},"featured_media":1303,"comment_status":"open","ping_status":"closed","template":"","meta":[],"product_cat":[71,101,132,83,72,133,102,84],"product_tag":[],"features":[],"brands":[],"yoast_head":"<!-- This site is optimized with the Yoast SEO plugin v14.9 - https:\/\/yoast.com\/wordpress\/plugins\/seo\/ -->\n<title>\u041f\u043b\u0438\u0442\u043a\u0430 \u0442\u0435\u043c\u043d\u043e\u0433\u043e \u0448\u043e\u043a\u043e\u043b\u0430\u0434\u0430 \u0441 \u043f\u0440\u0438\u0437\u043d\u0430\u043d\u0438\u0435\u043c \u0432 \u043b\u044e\u0431\u0432\u0438 \u2013 Ma armastan sind ! - Chocolala<\/title>\n<meta name=\"description\" content=\"\u041f\u043b\u0438\u0442\u043a\u0430 \u0442\u0435\u043c\u043d\u043e\u0433\u043e \u0448\u043e\u043a\u043e\u043b\u0430\u0434\u0430 \u0441 \u043f\u0440\u0438\u0437\u043d\u0430\u043d\u0438\u0435\u043c \u0432 \u043b\u044e\u0431\u0432\u0438 \u2013 Ma armastan sind ! - K\u00f5ik tooted, S\u00f5brale ja armsamale, S\u00f5brap\u00e4ev, V\u00e4iksed tahvlid, \u0412\u0441\u044f \u043f\u0440\u043e\u0434\u0443\u043a\u0446\u0438\u044f, \u0414\u0435\u043d\u044c \u0441\u0432\u044f\u0442\u043e\u0433\u043e \u0412\u0430\u043b\u0435\u043d\u0442\u0438\u043d\u0430, \u0414\u0440\u0443\u0433\u0443 \u0438 \u043b\u044e\u0431\u0438\u043c\u043e\u043c\u0443 \u0447\u0435\u043b\u043e\u0432\u0435\u043a\u0443, \u041c\u0430\u043b\u0435\u043d\u044c\u043a\u0438\u0435 \u043f\u043b\u0438\u0442\u043a\u0438. Chocolala\" \/>\n<meta name=\"robots\" content=\"index, follow, max-snippet:-1, max-image-preview:large, max-video-preview:-1\" \/>\n<link rel=\"canonical\" href=\"https:\/\/chocolala.ee\/ru\/product\/plitka-temnogo-shokolada-s-priznaniem-v-lyubvi-ma-armastan-sind\/\" \/>\n<meta property=\"og:locale\" content=\"ru_RU\" \/>\n<meta property=\"og:type\" content=\"article\" \/>\n<meta property=\"og:title\" content=\"\u041f\u043b\u0438\u0442\u043a\u0430 \u0442\u0435\u043c\u043d\u043e\u0433\u043e \u0448\u043e\u043a\u043e\u043b\u0430\u0434\u0430 \u0441 \u043f\u0440\u0438\u0437\u043d\u0430\u043d\u0438\u0435\u043c \u0432 \u043b\u044e\u0431\u0432\u0438 \u2013 Ma armastan sind ! - Chocolala\" \/>\n<meta property=\"og:description\" content=\"\u041f\u043b\u0438\u0442\u043a\u0430 \u0442\u0435\u043c\u043d\u043e\u0433\u043e \u0448\u043e\u043a\u043e\u043b\u0430\u0434\u0430 \u0441 \u043f\u0440\u0438\u0437\u043d\u0430\u043d\u0438\u0435\u043c \u0432 \u043b\u044e\u0431\u0432\u0438 \u2013 Ma armastan sind ! - K\u00f5ik tooted, S\u00f5brale ja armsamale, S\u00f5brap\u00e4ev, V\u00e4iksed tahvlid, \u0412\u0441\u044f \u043f\u0440\u043e\u0434\u0443\u043a\u0446\u0438\u044f, \u0414\u0435\u043d\u044c \u0441\u0432\u044f\u0442\u043e\u0433\u043e \u0412\u0430\u043b\u0435\u043d\u0442\u0438\u043d\u0430, \u0414\u0440\u0443\u0433\u0443 \u0438 \u043b\u044e\u0431\u0438\u043c\u043e\u043c\u0443 \u0447\u0435\u043b\u043e\u0432\u0435\u043a\u0443, \u041c\u0430\u043b\u0435\u043d\u044c\u043a\u0438\u0435 \u043f\u043b\u0438\u0442\u043a\u0438. Chocolala\" \/>\n<meta property=\"og:url\" content=\"https:\/\/chocolala.ee\/ru\/product\/plitka-temnogo-shokolada-s-priznaniem-v-lyubvi-ma-armastan-sind\/\" \/>\n<meta property=\"og:site_name\" content=\"Chocolala\" \/>\n<meta property=\"article:publisher\" content=\"https:\/\/www.facebook.com\/chocolalaestonia\" \/>\n<meta property=\"article:modified_time\" content=\"2025-09-29T14:27:52+00:00\" \/>\n<meta property=\"og:image\" content=\"https:\/\/chocolala.ee\/wp-content\/uploads\/2020\/08\/Tume-\u0161okolaaditahvel-marjadega-Ma-armastan-sind-Dark-chocolate-tablet-with-berries-Ma-armastan-sind-scaled.jpg\" \/>\n\t<meta property=\"og:image:width\" content=\"2560\" \/>\n\t<meta property=\"og:image:height\" content=\"2560\" \/>\n<meta name=\"twitter:card\" content=\"summary_large_image\" \/>\n<script type=\"application\/ld+json\" class=\"yoast-schema-graph\">{\"@context\":\"https:\/\/schema.org\",\"@graph\":[{\"@type\":\"Organization\",\"@id\":\"https:\/\/chocolala.ee\/ru\/#organization\",\"name\":\"Chocolala\",\"url\":\"https:\/\/chocolala.ee\/ru\/\",\"sameAs\":[\"https:\/\/www.facebook.com\/chocolalaestonia\",\"https:\/\/www.linkedin.com\/company\/chocolalaestonia\/\"],\"logo\":{\"@type\":\"ImageObject\",\"@id\":\"https:\/\/chocolala.ee\/ru\/#logo\",\"inLanguage\":\"ru-RU\",\"url\":\"https:\/\/chocolala.ee\/wp-content\/uploads\/2020\/09\/500_500.jpg\",\"width\":500,\"height\":500,\"caption\":\"Chocolala\"},\"image\":{\"@id\":\"https:\/\/chocolala.ee\/ru\/#logo\"}},{\"@type\":\"WebSite\",\"@id\":\"https:\/\/chocolala.ee\/ru\/#website\",\"url\":\"https:\/\/chocolala.ee\/ru\/\",\"name\":\"Chocolala\",\"description\":\"\",\"publisher\":{\"@id\":\"https:\/\/chocolala.ee\/ru\/#organization\"},\"potentialAction\":[{\"@type\":\"SearchAction\",\"target\":\"https:\/\/chocolala.ee\/ru\/?s={search_term_string}\",\"query-input\":\"required name=search_term_string\"}],\"inLanguage\":\"ru-RU\"},{\"@type\":\"ImageObject\",\"@id\":\"https:\/\/chocolala.ee\/ru\/product\/plitka-temnogo-shokolada-s-priznaniem-v-lyubvi-ma-armastan-sind\/#primaryimage\",\"inLanguage\":\"ru-RU\",\"url\":\"https:\/\/chocolala.ee\/wp-content\/uploads\/2020\/08\/Tume-\\u0161okolaaditahvel-marjadega-Ma-armastan-sind-Dark-chocolate-tablet-with-berries-Ma-armastan-sind-scaled.jpg\",\"width\":2560,\"height\":2560},{\"@type\":[\"WebPage\",\"ItemPage\"],\"@id\":\"https:\/\/chocolala.ee\/ru\/product\/plitka-temnogo-shokolada-s-priznaniem-v-lyubvi-ma-armastan-sind\/#webpage\",\"url\":\"https:\/\/chocolala.ee\/ru\/product\/plitka-temnogo-shokolada-s-priznaniem-v-lyubvi-ma-armastan-sind\/\",\"name\":\"\\u041f\\u043b\\u0438\\u0442\\u043a\\u0430 \\u0442\\u0435\\u043c\\u043d\\u043e\\u0433\\u043e \\u0448\\u043e\\u043a\\u043e\\u043b\\u0430\\u0434\\u0430 \\u0441 \\u043f\\u0440\\u0438\\u0437\\u043d\\u0430\\u043d\\u0438\\u0435\\u043c \\u0432 \\u043b\\u044e\\u0431\\u0432\\u0438 \\u2013 Ma armastan sind ! - Chocolala\",\"isPartOf\":{\"@id\":\"https:\/\/chocolala.ee\/ru\/#website\"},\"primaryImageOfPage\":{\"@id\":\"https:\/\/chocolala.ee\/ru\/product\/plitka-temnogo-shokolada-s-priznaniem-v-lyubvi-ma-armastan-sind\/#primaryimage\"},\"datePublished\":\"2020-08-06T09:11:43+00:00\",\"dateModified\":\"2025-09-29T14:27:52+00:00\",\"description\":\"\\u041f\\u043b\\u0438\\u0442\\u043a\\u0430 \\u0442\\u0435\\u043c\\u043d\\u043e\\u0433\\u043e \\u0448\\u043e\\u043a\\u043e\\u043b\\u0430\\u0434\\u0430 \\u0441 \\u043f\\u0440\\u0438\\u0437\\u043d\\u0430\\u043d\\u0438\\u0435\\u043c \\u0432 \\u043b\\u044e\\u0431\\u0432\\u0438 \\u2013 Ma armastan sind ! - K\\u00f5ik tooted, S\\u00f5brale ja armsamale, S\\u00f5brap\\u00e4ev, V\\u00e4iksed tahvlid, \\u0412\\u0441\\u044f \\u043f\\u0440\\u043e\\u0434\\u0443\\u043a\\u0446\\u0438\\u044f, \\u0414\\u0435\\u043d\\u044c \\u0441\\u0432\\u044f\\u0442\\u043e\\u0433\\u043e \\u0412\\u0430\\u043b\\u0435\\u043d\\u0442\\u0438\\u043d\\u0430, \\u0414\\u0440\\u0443\\u0433\\u0443 \\u0438 \\u043b\\u044e\\u0431\\u0438\\u043c\\u043e\\u043c\\u0443 \\u0447\\u0435\\u043b\\u043e\\u0432\\u0435\\u043a\\u0443, \\u041c\\u0430\\u043b\\u0435\\u043d\\u044c\\u043a\\u0438\\u0435 \\u043f\\u043b\\u0438\\u0442\\u043a\\u0438. Chocolala\",\"inLanguage\":\"ru-RU\",\"potentialAction\":[{\"@type\":\"ReadAction\",\"target\":[\"https:\/\/chocolala.ee\/ru\/product\/plitka-temnogo-shokolada-s-priznaniem-v-lyubvi-ma-armastan-sind\/\"]}]}]}<\/script>\n<!-- \/ Yoast SEO plugin. -->","_links":{"self":[{"href":"https:\/\/chocolala.ee\/ru\/wp-json\/wp\/v2\/product\/1320"}],"collection":[{"href":"https:\/\/chocolala.ee\/ru\/wp-json\/wp\/v2\/product"}],"about":[{"href":"https:\/\/chocolala.ee\/ru\/wp-json\/wp\/v2\/types\/product"}],"replies":[{"embeddable":true,"href":"https:\/\/chocolala.ee\/ru\/wp-json\/wp\/v2\/comments?post=1320"}],"wp:featuredmedia":[{"embeddable":true,"href":"https:\/\/chocolala.ee\/ru\/wp-json\/wp\/v2\/media\/1303"}],"wp:attachment":[{"href":"https:\/\/chocolala.ee\/ru\/wp-json\/wp\/v2\/media?parent=1320"}],"wp:term":[{"taxonomy":"product_cat","embeddable":true,"href":"https:\/\/chocolala.ee\/ru\/wp-json\/wp\/v2\/product_cat?post=1320"},{"taxonomy":"product_tag","embeddable":true,"href":"https:\/\/chocolala.ee\/ru\/wp-json\/wp\/v2\/product_tag?post=1320"},{"taxonomy":"features","embeddable":true,"href":"https:\/\/chocolala.ee\/ru\/wp-json\/wp\/v2\/features?post=1320"}],"curies":[{"name":"wp","href":"https:\/\/api.w.org\/{rel}","templated":true}]}}