{"id":1354,"date":"2020-08-06T12:27:11","date_gmt":"2020-08-06T09:27:11","guid":{"rendered":"https:\/\/chocolala.ee\/product\/shokoladnye-zuby-dizayn-marko-myaetamma\/"},"modified":"2020-08-06T12:27:11","modified_gmt":"2020-08-06T09:27:11","slug":"shokoladnye-zuby-dizayn-marko-myaetamma","status":"publish","type":"product","link":"https:\/\/chocolala.ee\/ru\/product\/shokoladnye-zuby-dizayn-marko-myaetamma\/","title":{"rendered":"\u0428\u043e\u043a\u043e\u043b\u0430\u0434\u043d\u044b\u0435 \u0437\u0443\u0431\u044b, \u0434\u0438\u0437\u0430\u0439\u043d \u041c\u0430\u0440\u043a\u043e \u041c\u044f\u044d\u0442\u0430\u043c\u043c\u0430"},"content":{"rendered":"<p>&nbsp;<\/p>\n","protected":false},"excerpt":{"rendered":"<p>&nbsp;<\/p>\n","protected":false},"featured_media":1352,"comment_status":"open","ping_status":"closed","template":"","meta":[],"product_cat":[66,63,72,110],"product_tag":[],"features":[],"brands":[],"yoast_head":"<!-- This site is optimized with the Yoast SEO plugin v14.9 - https:\/\/yoast.com\/wordpress\/plugins\/seo\/ -->\n<title>\u0428\u043e\u043a\u043e\u043b\u0430\u0434\u043d\u044b\u0435 \u0437\u0443\u0431\u044b, \u0434\u0438\u0437\u0430\u0439\u043d \u041c\u0430\u0440\u043a\u043e \u041c\u044f\u044d\u0442\u0430\u043c\u043c\u0430 - Chocolala<\/title>\n<meta name=\"description\" content=\"\u0428\u043e\u043a\u043e\u043b\u0430\u0434\u043d\u044b\u0435 \u0437\u0443\u0431\u044b, \u0434\u0438\u0437\u0430\u0439\u043d \u041c\u0430\u0440\u043a\u043e \u041c\u044f\u044d\u0442\u0430\u043c\u043c\u0430 - All products, Hot chocolate and figurines, \u0412\u0441\u044f \u043f\u0440\u043e\u0434\u0443\u043a\u0446\u0438\u044f, \u0413\u043e\u0440\u044f\u0447\u0438\u0439 \u0448\u043e\u043a\u043e\u043b\u0430\u0434 \u0438 \u0444\u0438\u0433\u0443\u0440\u043a\u0438. Chocolala\" \/>\n<meta name=\"robots\" content=\"index, follow, max-snippet:-1, max-image-preview:large, max-video-preview:-1\" \/>\n<link rel=\"canonical\" href=\"https:\/\/chocolala.ee\/ru\/product\/shokoladnye-zuby-dizayn-marko-myaetamma\/\" \/>\n<meta property=\"og:locale\" content=\"ru_RU\" \/>\n<meta property=\"og:type\" content=\"article\" \/>\n<meta property=\"og:title\" content=\"\u0428\u043e\u043a\u043e\u043b\u0430\u0434\u043d\u044b\u0435 \u0437\u0443\u0431\u044b, \u0434\u0438\u0437\u0430\u0439\u043d \u041c\u0430\u0440\u043a\u043e \u041c\u044f\u044d\u0442\u0430\u043c\u043c\u0430 - Chocolala\" \/>\n<meta property=\"og:description\" content=\"\u0428\u043e\u043a\u043e\u043b\u0430\u0434\u043d\u044b\u0435 \u0437\u0443\u0431\u044b, \u0434\u0438\u0437\u0430\u0439\u043d \u041c\u0430\u0440\u043a\u043e \u041c\u044f\u044d\u0442\u0430\u043c\u043c\u0430 - All products, Hot chocolate and figurines, \u0412\u0441\u044f \u043f\u0440\u043e\u0434\u0443\u043a\u0446\u0438\u044f, \u0413\u043e\u0440\u044f\u0447\u0438\u0439 \u0448\u043e\u043a\u043e\u043b\u0430\u0434 \u0438 \u0444\u0438\u0433\u0443\u0440\u043a\u0438. Chocolala\" \/>\n<meta property=\"og:url\" content=\"https:\/\/chocolala.ee\/ru\/product\/shokoladnye-zuby-dizayn-marko-myaetamma\/\" \/>\n<meta property=\"og:site_name\" content=\"Chocolala\" \/>\n<meta property=\"article:publisher\" content=\"https:\/\/www.facebook.com\/chocolalaestonia\" \/>\n<meta property=\"og:image\" content=\"https:\/\/chocolala.ee\/wp-content\/uploads\/2020\/08\/\u0160okolaadist-hambad-Marko-M\u00e4etamme-disain.-Chocolate-dentures-designed-by-Marko-M\u00e4etamm-scaled.jpg\" \/>\n\t<meta property=\"og:image:width\" content=\"2560\" \/>\n\t<meta property=\"og:image:height\" content=\"2560\" \/>\n<meta name=\"twitter:card\" content=\"summary_large_image\" \/>\n<script type=\"application\/ld+json\" class=\"yoast-schema-graph\">{\"@context\":\"https:\/\/schema.org\",\"@graph\":[{\"@type\":\"Organization\",\"@id\":\"https:\/\/chocolala.ee\/ru\/#organization\",\"name\":\"Chocolala\",\"url\":\"https:\/\/chocolala.ee\/ru\/\",\"sameAs\":[\"https:\/\/www.facebook.com\/chocolalaestonia\",\"https:\/\/www.linkedin.com\/company\/chocolalaestonia\/\"],\"logo\":{\"@type\":\"ImageObject\",\"@id\":\"https:\/\/chocolala.ee\/ru\/#logo\",\"inLanguage\":\"ru-RU\",\"url\":\"https:\/\/chocolala.ee\/wp-content\/uploads\/2020\/09\/500_500.jpg\",\"width\":500,\"height\":500,\"caption\":\"Chocolala\"},\"image\":{\"@id\":\"https:\/\/chocolala.ee\/ru\/#logo\"}},{\"@type\":\"WebSite\",\"@id\":\"https:\/\/chocolala.ee\/ru\/#website\",\"url\":\"https:\/\/chocolala.ee\/ru\/\",\"name\":\"Chocolala\",\"description\":\"\",\"publisher\":{\"@id\":\"https:\/\/chocolala.ee\/ru\/#organization\"},\"potentialAction\":[{\"@type\":\"SearchAction\",\"target\":\"https:\/\/chocolala.ee\/ru\/?s={search_term_string}\",\"query-input\":\"required name=search_term_string\"}],\"inLanguage\":\"ru-RU\"},{\"@type\":\"ImageObject\",\"@id\":\"https:\/\/chocolala.ee\/ru\/product\/shokoladnye-zuby-dizayn-marko-myaetamma\/#primaryimage\",\"inLanguage\":\"ru-RU\",\"url\":\"https:\/\/chocolala.ee\/wp-content\/uploads\/2020\/08\/\\u0160okolaadist-hambad-Marko-M\\u00e4etamme-disain.-Chocolate-dentures-designed-by-Marko-M\\u00e4etamm-scaled.jpg\",\"width\":2560,\"height\":2560},{\"@type\":[\"WebPage\",\"ItemPage\"],\"@id\":\"https:\/\/chocolala.ee\/ru\/product\/shokoladnye-zuby-dizayn-marko-myaetamma\/#webpage\",\"url\":\"https:\/\/chocolala.ee\/ru\/product\/shokoladnye-zuby-dizayn-marko-myaetamma\/\",\"name\":\"\\u0428\\u043e\\u043a\\u043e\\u043b\\u0430\\u0434\\u043d\\u044b\\u0435 \\u0437\\u0443\\u0431\\u044b, \\u0434\\u0438\\u0437\\u0430\\u0439\\u043d \\u041c\\u0430\\u0440\\u043a\\u043e \\u041c\\u044f\\u044d\\u0442\\u0430\\u043c\\u043c\\u0430 - Chocolala\",\"isPartOf\":{\"@id\":\"https:\/\/chocolala.ee\/ru\/#website\"},\"primaryImageOfPage\":{\"@id\":\"https:\/\/chocolala.ee\/ru\/product\/shokoladnye-zuby-dizayn-marko-myaetamma\/#primaryimage\"},\"datePublished\":\"2020-08-06T09:27:11+00:00\",\"dateModified\":\"2020-08-06T09:27:11+00:00\",\"description\":\"\\u0428\\u043e\\u043a\\u043e\\u043b\\u0430\\u0434\\u043d\\u044b\\u0435 \\u0437\\u0443\\u0431\\u044b, \\u0434\\u0438\\u0437\\u0430\\u0439\\u043d \\u041c\\u0430\\u0440\\u043a\\u043e \\u041c\\u044f\\u044d\\u0442\\u0430\\u043c\\u043c\\u0430 - All products, Hot chocolate and figurines, \\u0412\\u0441\\u044f \\u043f\\u0440\\u043e\\u0434\\u0443\\u043a\\u0446\\u0438\\u044f, \\u0413\\u043e\\u0440\\u044f\\u0447\\u0438\\u0439 \\u0448\\u043e\\u043a\\u043e\\u043b\\u0430\\u0434 \\u0438 \\u0444\\u0438\\u0433\\u0443\\u0440\\u043a\\u0438. Chocolala\",\"inLanguage\":\"ru-RU\",\"potentialAction\":[{\"@type\":\"ReadAction\",\"target\":[\"https:\/\/chocolala.ee\/ru\/product\/shokoladnye-zuby-dizayn-marko-myaetamma\/\"]}]}]}<\/script>\n<!-- \/ Yoast SEO plugin. -->","_links":{"self":[{"href":"https:\/\/chocolala.ee\/ru\/wp-json\/wp\/v2\/product\/1354"}],"collection":[{"href":"https:\/\/chocolala.ee\/ru\/wp-json\/wp\/v2\/product"}],"about":[{"href":"https:\/\/chocolala.ee\/ru\/wp-json\/wp\/v2\/types\/product"}],"replies":[{"embeddable":true,"href":"https:\/\/chocolala.ee\/ru\/wp-json\/wp\/v2\/comments?post=1354"}],"wp:featuredmedia":[{"embeddable":true,"href":"https:\/\/chocolala.ee\/ru\/wp-json\/wp\/v2\/media\/1352"}],"wp:attachment":[{"href":"https:\/\/chocolala.ee\/ru\/wp-json\/wp\/v2\/media?parent=1354"}],"wp:term":[{"taxonomy":"product_cat","embeddable":true,"href":"https:\/\/chocolala.ee\/ru\/wp-json\/wp\/v2\/product_cat?post=1354"},{"taxonomy":"product_tag","embeddable":true,"href":"https:\/\/chocolala.ee\/ru\/wp-json\/wp\/v2\/product_tag?post=1354"},{"taxonomy":"features","embeddable":true,"href":"https:\/\/chocolala.ee\/ru\/wp-json\/wp\/v2\/features?post=1354"}],"curies":[{"name":"wp","href":"https:\/\/api.w.org\/{rel}","templated":true}]}}