{"id":1577,"date":"2020-08-06T15:05:46","date_gmt":"2020-08-06T12:05:46","guid":{"rendered":"https:\/\/chocolala.ee\/product\/prozrachnaya-korobka-s-9-shokoladnymi-konfetami-s-blagodarnostyu-aitah\/"},"modified":"2024-08-07T15:07:10","modified_gmt":"2024-08-07T12:07:10","slug":"prozrachnaya-korobka-s-9-shokoladnymi-konfetami-s-blagodarnostyu-aitah","status":"publish","type":"product","link":"https:\/\/chocolala.ee\/ru\/product\/prozrachnaya-korobka-s-9-shokoladnymi-konfetami-s-blagodarnostyu-aitah\/","title":{"rendered":"\u041f\u0440\u043e\u0437\u0440\u0430\u0447\u043d\u0430\u044f \u043a\u043e\u0440\u043e\u0431\u043a\u0430 \u0441 9 \u0448\u043e\u043a\u043e\u043b\u0430\u0434\u043d\u044b\u043c\u0438 \u043a\u043e\u043d\u0444\u0435\u0442\u0430\u043c\u0438 \u0441 \u0431\u043b\u0430\u0433\u043e\u0434\u0430\u0440\u043d\u043e\u0441\u0442\u044c\u044e \u2013 Ait\u00e4h!"},"content":{"rendered":"<p>&nbsp;<\/p>\n","protected":false},"excerpt":{"rendered":"<p>&nbsp;<\/p>\n","protected":false},"featured_media":36483,"comment_status":"open","ping_status":"closed","template":"","meta":[],"product_cat":[115,66,53,71,48,54,85,89,72,86,90,116],"product_tag":[],"features":[],"brands":[],"yoast_head":"<!-- This site is optimized with the Yoast SEO plugin v14.9 - https:\/\/yoast.com\/wordpress\/plugins\/seo\/ -->\n<title>\u041f\u0440\u043e\u0437\u0440\u0430\u0447\u043d\u0430\u044f \u043a\u043e\u0440\u043e\u0431\u043a\u0430 \u0441 9 \u0448\u043e\u043a\u043e\u043b\u0430\u0434\u043d\u044b\u043c\u0438 \u043a\u043e\u043d\u0444\u0435\u0442\u0430\u043c\u0438 \u0441 \u0431\u043b\u0430\u0433\u043e\u0434\u0430\u0440\u043d\u043e\u0441\u0442\u044c\u044e \u2013 Ait\u00e4h! - Chocolala<\/title>\n<meta name=\"description\" content=\"\u041f\u0440\u043e\u0437\u0440\u0430\u0447\u043d\u0430\u044f \u043a\u043e\u0440\u043e\u0431\u043a\u0430 \u0441 9 \u0448\u043e\u043a\u043e\u043b\u0430\u0434\u043d\u044b\u043c\u0438 \u043a\u043e\u043d\u0444\u0435\u0442\u0430\u043c\u0438 \u0441 \u0431\u043b\u0430\u0433\u043e\u0434\u0430\u0440\u043d\u043e\u0441\u0442\u044c\u044e \u2013 Ait\u00e4h! - Ait\u00e4h! s\u00f5numiga, All products, Chocolate boxes, K\u00f5ik tooted, Say - Thank you!, Small boxes (2-9 chocolates), \u0160okolaadikarbid, V\u00e4iksed karbid (2-9 kommi), \u0412\u0441\u044f \u043f\u0440\u043e\u0434\u0443\u043a\u0446\u0438\u044f, \u041a\u043e\u0440\u043e\u0431\u043a\u0438 \u0448\u043e\u043a\u043e\u043b\u0430\u0434\u043d\u044b\u0445 \u043a\u043e\u043d\u0444\u0435\u0442, \u041c\u0430\u043b\u0435\u043d\u044c\u043a\u0438\u0435 \u043a\u043e\u0440\u043e\u0431\u043a\u0438 (2\u20139 \u043a\u043e\u043d\u0444\u0435\u0442), \u0421 \u0431\u043b\u0430\u0433\u043e\u0434\u0430\u0440\u043d\u043e\u0441\u0442\u044c\u044e. Chocolala\" \/>\n<meta name=\"robots\" content=\"index, follow, max-snippet:-1, max-image-preview:large, max-video-preview:-1\" \/>\n<link rel=\"canonical\" href=\"https:\/\/chocolala.ee\/ru\/product\/prozrachnaya-korobka-s-9-shokoladnymi-konfetami-s-blagodarnostyu-aitah\/\" \/>\n<meta property=\"og:locale\" content=\"ru_RU\" \/>\n<meta property=\"og:type\" content=\"article\" \/>\n<meta property=\"og:title\" content=\"\u041f\u0440\u043e\u0437\u0440\u0430\u0447\u043d\u0430\u044f \u043a\u043e\u0440\u043e\u0431\u043a\u0430 \u0441 9 \u0448\u043e\u043a\u043e\u043b\u0430\u0434\u043d\u044b\u043c\u0438 \u043a\u043e\u043d\u0444\u0435\u0442\u0430\u043c\u0438 \u0441 \u0431\u043b\u0430\u0433\u043e\u0434\u0430\u0440\u043d\u043e\u0441\u0442\u044c\u044e \u2013 Ait\u00e4h! - Chocolala\" \/>\n<meta property=\"og:description\" content=\"\u041f\u0440\u043e\u0437\u0440\u0430\u0447\u043d\u0430\u044f \u043a\u043e\u0440\u043e\u0431\u043a\u0430 \u0441 9 \u0448\u043e\u043a\u043e\u043b\u0430\u0434\u043d\u044b\u043c\u0438 \u043a\u043e\u043d\u0444\u0435\u0442\u0430\u043c\u0438 \u0441 \u0431\u043b\u0430\u0433\u043e\u0434\u0430\u0440\u043d\u043e\u0441\u0442\u044c\u044e \u2013 Ait\u00e4h! - Ait\u00e4h! s\u00f5numiga, All products, Chocolate boxes, K\u00f5ik tooted, Say - Thank you!, Small boxes (2-9 chocolates), \u0160okolaadikarbid, V\u00e4iksed karbid (2-9 kommi), \u0412\u0441\u044f \u043f\u0440\u043e\u0434\u0443\u043a\u0446\u0438\u044f, \u041a\u043e\u0440\u043e\u0431\u043a\u0438 \u0448\u043e\u043a\u043e\u043b\u0430\u0434\u043d\u044b\u0445 \u043a\u043e\u043d\u0444\u0435\u0442, \u041c\u0430\u043b\u0435\u043d\u044c\u043a\u0438\u0435 \u043a\u043e\u0440\u043e\u0431\u043a\u0438 (2\u20139 \u043a\u043e\u043d\u0444\u0435\u0442), \u0421 \u0431\u043b\u0430\u0433\u043e\u0434\u0430\u0440\u043d\u043e\u0441\u0442\u044c\u044e. Chocolala\" \/>\n<meta property=\"og:url\" content=\"https:\/\/chocolala.ee\/ru\/product\/prozrachnaya-korobka-s-9-shokoladnymi-konfetami-s-blagodarnostyu-aitah\/\" \/>\n<meta property=\"og:site_name\" content=\"Chocolala\" \/>\n<meta property=\"article:publisher\" content=\"https:\/\/www.facebook.com\/chocolalaestonia\" \/>\n<meta property=\"article:modified_time\" content=\"2024-08-07T12:07:10+00:00\" \/>\n<meta property=\"og:image\" content=\"https:\/\/chocolala.ee\/wp-content\/uploads\/2020\/08\/9-sokolaadiga-labipaistev-karp-Aitah-Transparent-chocolate-box-Thank-You.jpg\" \/>\n\t<meta property=\"og:image:width\" content=\"1500\" \/>\n\t<meta property=\"og:image:height\" content=\"1501\" \/>\n<meta name=\"twitter:card\" content=\"summary_large_image\" \/>\n<script type=\"application\/ld+json\" class=\"yoast-schema-graph\">{\"@context\":\"https:\/\/schema.org\",\"@graph\":[{\"@type\":\"Organization\",\"@id\":\"https:\/\/chocolala.ee\/ru\/#organization\",\"name\":\"Chocolala\",\"url\":\"https:\/\/chocolala.ee\/ru\/\",\"sameAs\":[\"https:\/\/www.facebook.com\/chocolalaestonia\",\"https:\/\/www.linkedin.com\/company\/chocolalaestonia\/\"],\"logo\":{\"@type\":\"ImageObject\",\"@id\":\"https:\/\/chocolala.ee\/ru\/#logo\",\"inLanguage\":\"ru-RU\",\"url\":\"https:\/\/chocolala.ee\/wp-content\/uploads\/2020\/09\/500_500.jpg\",\"width\":500,\"height\":500,\"caption\":\"Chocolala\"},\"image\":{\"@id\":\"https:\/\/chocolala.ee\/ru\/#logo\"}},{\"@type\":\"WebSite\",\"@id\":\"https:\/\/chocolala.ee\/ru\/#website\",\"url\":\"https:\/\/chocolala.ee\/ru\/\",\"name\":\"Chocolala\",\"description\":\"\",\"publisher\":{\"@id\":\"https:\/\/chocolala.ee\/ru\/#organization\"},\"potentialAction\":[{\"@type\":\"SearchAction\",\"target\":\"https:\/\/chocolala.ee\/ru\/?s={search_term_string}\",\"query-input\":\"required name=search_term_string\"}],\"inLanguage\":\"ru-RU\"},{\"@type\":\"ImageObject\",\"@id\":\"https:\/\/chocolala.ee\/ru\/product\/prozrachnaya-korobka-s-9-shokoladnymi-konfetami-s-blagodarnostyu-aitah\/#primaryimage\",\"inLanguage\":\"ru-RU\",\"url\":\"https:\/\/chocolala.ee\/wp-content\/uploads\/2020\/08\/9-sokolaadiga-labipaistev-karp-Aitah-Transparent-chocolate-box-Thank-You.jpg\",\"width\":1500,\"height\":1501,\"caption\":\"9 \\u0161okolaadiga l\\u00e4bipaistev karp - Aitah-Transparent chocolate box Thank You\"},{\"@type\":[\"WebPage\",\"ItemPage\"],\"@id\":\"https:\/\/chocolala.ee\/ru\/product\/prozrachnaya-korobka-s-9-shokoladnymi-konfetami-s-blagodarnostyu-aitah\/#webpage\",\"url\":\"https:\/\/chocolala.ee\/ru\/product\/prozrachnaya-korobka-s-9-shokoladnymi-konfetami-s-blagodarnostyu-aitah\/\",\"name\":\"\\u041f\\u0440\\u043e\\u0437\\u0440\\u0430\\u0447\\u043d\\u0430\\u044f \\u043a\\u043e\\u0440\\u043e\\u0431\\u043a\\u0430 \\u0441 9 \\u0448\\u043e\\u043a\\u043e\\u043b\\u0430\\u0434\\u043d\\u044b\\u043c\\u0438 \\u043a\\u043e\\u043d\\u0444\\u0435\\u0442\\u0430\\u043c\\u0438 \\u0441 \\u0431\\u043b\\u0430\\u0433\\u043e\\u0434\\u0430\\u0440\\u043d\\u043e\\u0441\\u0442\\u044c\\u044e \\u2013 Ait\\u00e4h! - Chocolala\",\"isPartOf\":{\"@id\":\"https:\/\/chocolala.ee\/ru\/#website\"},\"primaryImageOfPage\":{\"@id\":\"https:\/\/chocolala.ee\/ru\/product\/prozrachnaya-korobka-s-9-shokoladnymi-konfetami-s-blagodarnostyu-aitah\/#primaryimage\"},\"datePublished\":\"2020-08-06T12:05:46+00:00\",\"dateModified\":\"2024-08-07T12:07:10+00:00\",\"description\":\"\\u041f\\u0440\\u043e\\u0437\\u0440\\u0430\\u0447\\u043d\\u0430\\u044f \\u043a\\u043e\\u0440\\u043e\\u0431\\u043a\\u0430 \\u0441 9 \\u0448\\u043e\\u043a\\u043e\\u043b\\u0430\\u0434\\u043d\\u044b\\u043c\\u0438 \\u043a\\u043e\\u043d\\u0444\\u0435\\u0442\\u0430\\u043c\\u0438 \\u0441 \\u0431\\u043b\\u0430\\u0433\\u043e\\u0434\\u0430\\u0440\\u043d\\u043e\\u0441\\u0442\\u044c\\u044e \\u2013 Ait\\u00e4h! - Ait\\u00e4h! s\\u00f5numiga, All products, Chocolate boxes, K\\u00f5ik tooted, Say - Thank you!, Small boxes (2-9 chocolates), \\u0160okolaadikarbid, V\\u00e4iksed karbid (2-9 kommi), \\u0412\\u0441\\u044f \\u043f\\u0440\\u043e\\u0434\\u0443\\u043a\\u0446\\u0438\\u044f, \\u041a\\u043e\\u0440\\u043e\\u0431\\u043a\\u0438 \\u0448\\u043e\\u043a\\u043e\\u043b\\u0430\\u0434\\u043d\\u044b\\u0445 \\u043a\\u043e\\u043d\\u0444\\u0435\\u0442, \\u041c\\u0430\\u043b\\u0435\\u043d\\u044c\\u043a\\u0438\\u0435 \\u043a\\u043e\\u0440\\u043e\\u0431\\u043a\\u0438 (2\\u20139 \\u043a\\u043e\\u043d\\u0444\\u0435\\u0442), \\u0421 \\u0431\\u043b\\u0430\\u0433\\u043e\\u0434\\u0430\\u0440\\u043d\\u043e\\u0441\\u0442\\u044c\\u044e. Chocolala\",\"inLanguage\":\"ru-RU\",\"potentialAction\":[{\"@type\":\"ReadAction\",\"target\":[\"https:\/\/chocolala.ee\/ru\/product\/prozrachnaya-korobka-s-9-shokoladnymi-konfetami-s-blagodarnostyu-aitah\/\"]}]}]}<\/script>\n<!-- \/ Yoast SEO plugin. -->","_links":{"self":[{"href":"https:\/\/chocolala.ee\/ru\/wp-json\/wp\/v2\/product\/1577"}],"collection":[{"href":"https:\/\/chocolala.ee\/ru\/wp-json\/wp\/v2\/product"}],"about":[{"href":"https:\/\/chocolala.ee\/ru\/wp-json\/wp\/v2\/types\/product"}],"replies":[{"embeddable":true,"href":"https:\/\/chocolala.ee\/ru\/wp-json\/wp\/v2\/comments?post=1577"}],"wp:featuredmedia":[{"embeddable":true,"href":"https:\/\/chocolala.ee\/ru\/wp-json\/wp\/v2\/media\/36483"}],"wp:attachment":[{"href":"https:\/\/chocolala.ee\/ru\/wp-json\/wp\/v2\/media?parent=1577"}],"wp:term":[{"taxonomy":"product_cat","embeddable":true,"href":"https:\/\/chocolala.ee\/ru\/wp-json\/wp\/v2\/product_cat?post=1577"},{"taxonomy":"product_tag","embeddable":true,"href":"https:\/\/chocolala.ee\/ru\/wp-json\/wp\/v2\/product_tag?post=1577"},{"taxonomy":"features","embeddable":true,"href":"https:\/\/chocolala.ee\/ru\/wp-json\/wp\/v2\/features?post=1577"}],"curies":[{"name":"wp","href":"https:\/\/api.w.org\/{rel}","templated":true}]}}