{"id":17724,"date":"2022-09-26T18:00:38","date_gmt":"2022-09-26T15:00:39","guid":{"rendered":"https:\/\/chocolala.ee\/?post_type=product&#038;p=17724"},"modified":"2025-09-29T14:52:19","modified_gmt":"2025-09-29T11:52:19","slug":"%d0%ba%d0%be%d1%80%d0%be%d0%b1%d0%ba%d0%b0-%d0%ba%d0%be%d0%bd%d1%84%d0%b5%d1%82-%d1%81-%d0%b8-%d0%ba%d0%b0%d1%80%d1%82%d0%b8%d0%bd%d0%be%d0%b9-%d0%ba%d0%be%d0%bd%d1%80%d0%b0%d0%b4-%d0%bc%d1%8f%d0%b3","status":"publish","type":"product","link":"https:\/\/chocolala.ee\/ru\/product\/%d0%ba%d0%be%d1%80%d0%be%d0%b1%d0%ba%d0%b0-%d0%ba%d0%be%d0%bd%d1%84%d0%b5%d1%82-%d1%81-%d0%b8-%d0%ba%d0%b0%d1%80%d1%82%d0%b8%d0%bd%d0%be%d0%b9-%d0%ba%d0%be%d0%bd%d1%80%d0%b0%d0%b4-%d0%bc%d1%8f%d0%b3\/","title":{"rendered":"\u041a\u043e\u0440\u043e\u0431\u043a\u0430 \u043a\u043e\u043d\u0444\u0435\u0442 \u0441 \u0438 \u043a\u0430\u0440\u0442\u0438\u043d\u043e\u0439 \u041a\u043e\u043d\u0440\u0430\u0434 \u041c\u044f\u0433\u0438 (\u00ab\u042e\u0436\u043d\u043e-\u042d\u0441\u0442\u043e\u043d\u0441\u043a\u0438\u0439 \u043f\u0435\u0439\u0437\u0430\u0436\u00bb) \u2013 12 \u0448\u043e\u043a\u043e\u043b\u0430\u0434\u043d\u044b\u0445 \u043a\u043e\u043d\u0444\u0435\u0442"},"content":{"rendered":"<p>&nbsp;<\/p>\n","protected":false},"excerpt":{"rendered":"<p>&nbsp;<\/p>\n","protected":false},"featured_media":17727,"comment_status":"open","ping_status":"closed","template":"","meta":[],"product_cat":[66,53,99,47,45,71,55,101,85,87,88,72,102,86,100],"product_tag":[],"features":[],"brands":[],"yoast_head":"<!-- This site is optimized with the Yoast SEO plugin v14.9 - https:\/\/yoast.com\/wordpress\/plugins\/seo\/ -->\n<title>\u041a\u043e\u0440\u043e\u0431\u043a\u0430 \u043a\u043e\u043d\u0444\u0435\u0442 \u0441 \u0438 \u043a\u0430\u0440\u0442\u0438\u043d\u043e\u0439 \u041a\u043e\u043d\u0440\u0430\u0434 \u041c\u044f\u0433\u0438 (\u00ab\u042e\u0436\u043d\u043e-\u042d\u0441\u0442\u043e\u043d\u0441\u043a\u0438\u0439 \u043f\u0435\u0439\u0437\u0430\u0436\u00bb) \u2013 12 \u0448\u043e\u043a\u043e\u043b\u0430\u0434\u043d\u044b\u0445 \u043a\u043e\u043d\u0444\u0435\u0442 - Chocolala<\/title>\n<meta name=\"description\" content=\"\u041a\u043e\u0440\u043e\u0431\u043a\u0430 \u043a\u043e\u043d\u0444\u0435\u0442 \u0441 \u0438 \u043a\u0430\u0440\u0442\u0438\u043d\u043e\u0439 \u041a\u043e\u043d\u0440\u0430\u0434 \u041c\u044f\u0433\u0438 (\u00ab\u042e\u0436\u043d\u043e-\u042d\u0441\u0442\u043e\u043d\u0441\u043a\u0438\u0439 \u043f\u0435\u0439\u0437\u0430\u0436\u00bb) \u2013 12 \u0448\u043e\u043a\u043e\u043b\u0430\u0434\u043d\u044b\u0445 \u043a\u043e\u043d\u0444\u0435\u0442 - All products, Chocolate boxes, Emale ja isale, For mother and father, Friends and loved ones, K\u00f5ik tooted, Large boxes (16-56 chocolates), S\u00f5brale ja armsamale, \u0160okolaadikarbid, Suured karbid (16-56 kommi), \u0411\u043e\u043b\u044c\u0448\u0438\u0435 \u043a\u043e\u0440\u043e\u0431\u043a\u0438 (16\u201356 \u043a\u043e\u043d\u0444\u0435\u0442), \u0412\u0441\u044f \u043f\u0440\u043e\u0434\u0443\u043a\u0446\u0438\u044f, \u0414\u0440\u0443\u0433\u0443 \u0438 \u043b\u044e\u0431\u0438\u043c\u043e\u043c\u0443 \u0447\u0435\u043b\u043e\u0432\u0435\u043a\u0443, \u041a\u043e\u0440\u043e\u0431\u043a\u0438 \u0448\u043e\u043a\u043e\u043b\u0430\u0434\u043d\u044b\u0445 \u043a\u043e\u043d\u0444\u0435\u0442, \u041c\u0430\u043c\u0435 \u0438 \u043f\u0430\u043f\u0435. Chocolala\" \/>\n<meta name=\"robots\" content=\"index, follow, max-snippet:-1, max-image-preview:large, max-video-preview:-1\" \/>\n<link rel=\"canonical\" href=\"https:\/\/chocolala.ee\/ru\/product\/%d0%ba%d0%be%d1%80%d0%be%d0%b1%d0%ba%d0%b0-%d0%ba%d0%be%d0%bd%d1%84%d0%b5%d1%82-%d1%81-%d0%b8-%d0%ba%d0%b0%d1%80%d1%82%d0%b8%d0%bd%d0%be%d0%b9-%d0%ba%d0%be%d0%bd%d1%80%d0%b0%d0%b4-%d0%bc%d1%8f%d0%b3\/\" \/>\n<meta property=\"og:locale\" content=\"ru_RU\" \/>\n<meta property=\"og:type\" content=\"article\" \/>\n<meta property=\"og:title\" content=\"\u041a\u043e\u0440\u043e\u0431\u043a\u0430 \u043a\u043e\u043d\u0444\u0435\u0442 \u0441 \u0438 \u043a\u0430\u0440\u0442\u0438\u043d\u043e\u0439 \u041a\u043e\u043d\u0440\u0430\u0434 \u041c\u044f\u0433\u0438 (\u00ab\u042e\u0436\u043d\u043e-\u042d\u0441\u0442\u043e\u043d\u0441\u043a\u0438\u0439 \u043f\u0435\u0439\u0437\u0430\u0436\u00bb) \u2013 12 \u0448\u043e\u043a\u043e\u043b\u0430\u0434\u043d\u044b\u0445 \u043a\u043e\u043d\u0444\u0435\u0442 - Chocolala\" \/>\n<meta property=\"og:description\" content=\"\u041a\u043e\u0440\u043e\u0431\u043a\u0430 \u043a\u043e\u043d\u0444\u0435\u0442 \u0441 \u0438 \u043a\u0430\u0440\u0442\u0438\u043d\u043e\u0439 \u041a\u043e\u043d\u0440\u0430\u0434 \u041c\u044f\u0433\u0438 (\u00ab\u042e\u0436\u043d\u043e-\u042d\u0441\u0442\u043e\u043d\u0441\u043a\u0438\u0439 \u043f\u0435\u0439\u0437\u0430\u0436\u00bb) \u2013 12 \u0448\u043e\u043a\u043e\u043b\u0430\u0434\u043d\u044b\u0445 \u043a\u043e\u043d\u0444\u0435\u0442 - All products, Chocolate boxes, Emale ja isale, For mother and father, Friends and loved ones, K\u00f5ik tooted, Large boxes (16-56 chocolates), S\u00f5brale ja armsamale, \u0160okolaadikarbid, Suured karbid (16-56 kommi), \u0411\u043e\u043b\u044c\u0448\u0438\u0435 \u043a\u043e\u0440\u043e\u0431\u043a\u0438 (16\u201356 \u043a\u043e\u043d\u0444\u0435\u0442), \u0412\u0441\u044f \u043f\u0440\u043e\u0434\u0443\u043a\u0446\u0438\u044f, \u0414\u0440\u0443\u0433\u0443 \u0438 \u043b\u044e\u0431\u0438\u043c\u043e\u043c\u0443 \u0447\u0435\u043b\u043e\u0432\u0435\u043a\u0443, \u041a\u043e\u0440\u043e\u0431\u043a\u0438 \u0448\u043e\u043a\u043e\u043b\u0430\u0434\u043d\u044b\u0445 \u043a\u043e\u043d\u0444\u0435\u0442, \u041c\u0430\u043c\u0435 \u0438 \u043f\u0430\u043f\u0435. Chocolala\" \/>\n<meta property=\"og:url\" content=\"https:\/\/chocolala.ee\/ru\/product\/%d0%ba%d0%be%d1%80%d0%be%d0%b1%d0%ba%d0%b0-%d0%ba%d0%be%d0%bd%d1%84%d0%b5%d1%82-%d1%81-%d0%b8-%d0%ba%d0%b0%d1%80%d1%82%d0%b8%d0%bd%d0%be%d0%b9-%d0%ba%d0%be%d0%bd%d1%80%d0%b0%d0%b4-%d0%bc%d1%8f%d0%b3\/\" \/>\n<meta property=\"og:site_name\" content=\"Chocolala\" \/>\n<meta property=\"article:publisher\" content=\"https:\/\/www.facebook.com\/chocolalaestonia\" \/>\n<meta property=\"article:modified_time\" content=\"2025-09-29T11:52:19+00:00\" \/>\n<meta property=\"og:image\" content=\"https:\/\/chocolala.ee\/wp-content\/uploads\/2022\/09\/Magi-Louna-Eesti-Maastik-Top-12-Kommiga.jpg\" \/>\n\t<meta property=\"og:image:width\" content=\"1500\" \/>\n\t<meta property=\"og:image:height\" content=\"1500\" \/>\n<meta name=\"twitter:card\" content=\"summary_large_image\" \/>\n<script type=\"application\/ld+json\" class=\"yoast-schema-graph\">{\"@context\":\"https:\/\/schema.org\",\"@graph\":[{\"@type\":\"Organization\",\"@id\":\"https:\/\/chocolala.ee\/ru\/#organization\",\"name\":\"Chocolala\",\"url\":\"https:\/\/chocolala.ee\/ru\/\",\"sameAs\":[\"https:\/\/www.facebook.com\/chocolalaestonia\",\"https:\/\/www.linkedin.com\/company\/chocolalaestonia\/\"],\"logo\":{\"@type\":\"ImageObject\",\"@id\":\"https:\/\/chocolala.ee\/ru\/#logo\",\"inLanguage\":\"ru-RU\",\"url\":\"https:\/\/chocolala.ee\/wp-content\/uploads\/2020\/09\/500_500.jpg\",\"width\":500,\"height\":500,\"caption\":\"Chocolala\"},\"image\":{\"@id\":\"https:\/\/chocolala.ee\/ru\/#logo\"}},{\"@type\":\"WebSite\",\"@id\":\"https:\/\/chocolala.ee\/ru\/#website\",\"url\":\"https:\/\/chocolala.ee\/ru\/\",\"name\":\"Chocolala\",\"description\":\"\",\"publisher\":{\"@id\":\"https:\/\/chocolala.ee\/ru\/#organization\"},\"potentialAction\":[{\"@type\":\"SearchAction\",\"target\":\"https:\/\/chocolala.ee\/ru\/?s={search_term_string}\",\"query-input\":\"required name=search_term_string\"}],\"inLanguage\":\"ru-RU\"},{\"@type\":\"ImageObject\",\"@id\":\"https:\/\/chocolala.ee\/ru\/product\/%d0%ba%d0%be%d1%80%d0%be%d0%b1%d0%ba%d0%b0-%d0%ba%d0%be%d0%bd%d1%84%d0%b5%d1%82-%d1%81-%d0%b8-%d0%ba%d0%b0%d1%80%d1%82%d0%b8%d0%bd%d0%be%d0%b9-%d0%ba%d0%be%d0%bd%d1%80%d0%b0%d0%b4-%d0%bc%d1%8f%d0%b3\/#primaryimage\",\"inLanguage\":\"ru-RU\",\"url\":\"https:\/\/chocolala.ee\/wp-content\/uploads\/2022\/09\/Magi-Louna-Eesti-Maastik-Top-12-Kommiga.jpg\",\"width\":1500,\"height\":1500,\"caption\":\"Konrad Magi - Southern Estonian Landscape -12 Candies\"},{\"@type\":[\"WebPage\",\"ItemPage\"],\"@id\":\"https:\/\/chocolala.ee\/ru\/product\/%d0%ba%d0%be%d1%80%d0%be%d0%b1%d0%ba%d0%b0-%d0%ba%d0%be%d0%bd%d1%84%d0%b5%d1%82-%d1%81-%d0%b8-%d0%ba%d0%b0%d1%80%d1%82%d0%b8%d0%bd%d0%be%d0%b9-%d0%ba%d0%be%d0%bd%d1%80%d0%b0%d0%b4-%d0%bc%d1%8f%d0%b3\/#webpage\",\"url\":\"https:\/\/chocolala.ee\/ru\/product\/%d0%ba%d0%be%d1%80%d0%be%d0%b1%d0%ba%d0%b0-%d0%ba%d0%be%d0%bd%d1%84%d0%b5%d1%82-%d1%81-%d0%b8-%d0%ba%d0%b0%d1%80%d1%82%d0%b8%d0%bd%d0%be%d0%b9-%d0%ba%d0%be%d0%bd%d1%80%d0%b0%d0%b4-%d0%bc%d1%8f%d0%b3\/\",\"name\":\"\\u041a\\u043e\\u0440\\u043e\\u0431\\u043a\\u0430 \\u043a\\u043e\\u043d\\u0444\\u0435\\u0442 \\u0441 \\u0438 \\u043a\\u0430\\u0440\\u0442\\u0438\\u043d\\u043e\\u0439 \\u041a\\u043e\\u043d\\u0440\\u0430\\u0434 \\u041c\\u044f\\u0433\\u0438 (\\u00ab\\u042e\\u0436\\u043d\\u043e-\\u042d\\u0441\\u0442\\u043e\\u043d\\u0441\\u043a\\u0438\\u0439 \\u043f\\u0435\\u0439\\u0437\\u0430\\u0436\\u00bb) \\u2013 12 \\u0448\\u043e\\u043a\\u043e\\u043b\\u0430\\u0434\\u043d\\u044b\\u0445 \\u043a\\u043e\\u043d\\u0444\\u0435\\u0442 - Chocolala\",\"isPartOf\":{\"@id\":\"https:\/\/chocolala.ee\/ru\/#website\"},\"primaryImageOfPage\":{\"@id\":\"https:\/\/chocolala.ee\/ru\/product\/%d0%ba%d0%be%d1%80%d0%be%d0%b1%d0%ba%d0%b0-%d0%ba%d0%be%d0%bd%d1%84%d0%b5%d1%82-%d1%81-%d0%b8-%d0%ba%d0%b0%d1%80%d1%82%d0%b8%d0%bd%d0%be%d0%b9-%d0%ba%d0%be%d0%bd%d1%80%d0%b0%d0%b4-%d0%bc%d1%8f%d0%b3\/#primaryimage\"},\"datePublished\":\"2022-09-26T15:00:39+00:00\",\"dateModified\":\"2025-09-29T11:52:19+00:00\",\"description\":\"\\u041a\\u043e\\u0440\\u043e\\u0431\\u043a\\u0430 \\u043a\\u043e\\u043d\\u0444\\u0435\\u0442 \\u0441 \\u0438 \\u043a\\u0430\\u0440\\u0442\\u0438\\u043d\\u043e\\u0439 \\u041a\\u043e\\u043d\\u0440\\u0430\\u0434 \\u041c\\u044f\\u0433\\u0438 (\\u00ab\\u042e\\u0436\\u043d\\u043e-\\u042d\\u0441\\u0442\\u043e\\u043d\\u0441\\u043a\\u0438\\u0439 \\u043f\\u0435\\u0439\\u0437\\u0430\\u0436\\u00bb) \\u2013 12 \\u0448\\u043e\\u043a\\u043e\\u043b\\u0430\\u0434\\u043d\\u044b\\u0445 \\u043a\\u043e\\u043d\\u0444\\u0435\\u0442 - All products, Chocolate boxes, Emale ja isale, For mother and father, Friends and loved ones, K\\u00f5ik tooted, Large boxes (16-56 chocolates), S\\u00f5brale ja armsamale, \\u0160okolaadikarbid, Suured karbid (16-56 kommi), \\u0411\\u043e\\u043b\\u044c\\u0448\\u0438\\u0435 \\u043a\\u043e\\u0440\\u043e\\u0431\\u043a\\u0438 (16\\u201356 \\u043a\\u043e\\u043d\\u0444\\u0435\\u0442), \\u0412\\u0441\\u044f \\u043f\\u0440\\u043e\\u0434\\u0443\\u043a\\u0446\\u0438\\u044f, \\u0414\\u0440\\u0443\\u0433\\u0443 \\u0438 \\u043b\\u044e\\u0431\\u0438\\u043c\\u043e\\u043c\\u0443 \\u0447\\u0435\\u043b\\u043e\\u0432\\u0435\\u043a\\u0443, \\u041a\\u043e\\u0440\\u043e\\u0431\\u043a\\u0438 \\u0448\\u043e\\u043a\\u043e\\u043b\\u0430\\u0434\\u043d\\u044b\\u0445 \\u043a\\u043e\\u043d\\u0444\\u0435\\u0442, \\u041c\\u0430\\u043c\\u0435 \\u0438 \\u043f\\u0430\\u043f\\u0435. Chocolala\",\"inLanguage\":\"ru-RU\",\"potentialAction\":[{\"@type\":\"ReadAction\",\"target\":[\"https:\/\/chocolala.ee\/ru\/product\/%d0%ba%d0%be%d1%80%d0%be%d0%b1%d0%ba%d0%b0-%d0%ba%d0%be%d0%bd%d1%84%d0%b5%d1%82-%d1%81-%d0%b8-%d0%ba%d0%b0%d1%80%d1%82%d0%b8%d0%bd%d0%be%d0%b9-%d0%ba%d0%be%d0%bd%d1%80%d0%b0%d0%b4-%d0%bc%d1%8f%d0%b3\/\"]}]}]}<\/script>\n<!-- \/ Yoast SEO plugin. -->","_links":{"self":[{"href":"https:\/\/chocolala.ee\/ru\/wp-json\/wp\/v2\/product\/17724"}],"collection":[{"href":"https:\/\/chocolala.ee\/ru\/wp-json\/wp\/v2\/product"}],"about":[{"href":"https:\/\/chocolala.ee\/ru\/wp-json\/wp\/v2\/types\/product"}],"replies":[{"embeddable":true,"href":"https:\/\/chocolala.ee\/ru\/wp-json\/wp\/v2\/comments?post=17724"}],"wp:featuredmedia":[{"embeddable":true,"href":"https:\/\/chocolala.ee\/ru\/wp-json\/wp\/v2\/media\/17727"}],"wp:attachment":[{"href":"https:\/\/chocolala.ee\/ru\/wp-json\/wp\/v2\/media?parent=17724"}],"wp:term":[{"taxonomy":"product_cat","embeddable":true,"href":"https:\/\/chocolala.ee\/ru\/wp-json\/wp\/v2\/product_cat?post=17724"},{"taxonomy":"product_tag","embeddable":true,"href":"https:\/\/chocolala.ee\/ru\/wp-json\/wp\/v2\/product_tag?post=17724"},{"taxonomy":"features","embeddable":true,"href":"https:\/\/chocolala.ee\/ru\/wp-json\/wp\/v2\/features?post=17724"}],"curies":[{"name":"wp","href":"https:\/\/api.w.org\/{rel}","templated":true}]}}