{"id":18148,"date":"2022-10-30T18:20:30","date_gmt":"2022-10-30T15:20:31","guid":{"rendered":"https:\/\/chocolala.ee\/?post_type=product&#038;p=18148"},"modified":"2026-02-23T15:17:42","modified_gmt":"2026-02-23T12:17:42","slug":"%d0%b3%d0%be%d1%80%d1%8f%d1%87%d0%b8%d0%b9-%d1%88%d0%be%d0%ba%d0%be%d0%bb%d0%b0%d0%b4-%d1%81-%d0%ba%d0%be%d1%84%d0%b5","status":"publish","type":"product","link":"https:\/\/chocolala.ee\/ru\/product\/%d0%b3%d0%be%d1%80%d1%8f%d1%87%d0%b8%d0%b9-%d1%88%d0%be%d0%ba%d0%be%d0%bb%d0%b0%d0%b4-%d1%81-%d0%ba%d0%be%d1%84%d0%b5\/","title":{"rendered":"\u0413\u043e\u0440\u044f\u0447\u0438\u0439 \u0448\u043e\u043a\u043e\u043b\u0430\u0434 \u0441 \u043a\u043e\u0444\u0435"},"content":{"rendered":"<p>&nbsp;<\/p>\n","protected":false},"excerpt":{"rendered":"<p>\u0413\u043e\u0440\u044f\u0447\u0438\u0439 \u0448\u043e\u043a\u043e\u043b\u0430\u0434 \u0441 \u043a\u043e\u0444\u0435 &#8211; \u041c\u0430\u0441\u0441\u0430 \u043d\u0435\u0442\u0442\u043e 400 \u0433\u0440.<\/p>\n","protected":false},"featured_media":18151,"comment_status":"open","ping_status":"closed","template":"","meta":[],"product_cat":[141,71,109,135,72,110,142,136],"product_tag":[],"features":[],"brands":[],"yoast_head":"<!-- This site is optimized with the Yoast SEO plugin v14.9 - https:\/\/yoast.com\/wordpress\/plugins\/seo\/ -->\n<title>\u0413\u043e\u0440\u044f\u0447\u0438\u0439 \u0448\u043e\u043a\u043e\u043b\u0430\u0434 \u0441 \u043a\u043e\u0444\u0435 - Chocolala<\/title>\n<meta name=\"description\" content=\"\u0413\u043e\u0440\u044f\u0447\u0438\u0439 \u0448\u043e\u043a\u043e\u043b\u0430\u0434 \u0441 \u043a\u043e\u0444\u0435 - Isadep\u00e4ev, K\u00f5ik tooted, Kuum \u0161okolaad ja kujukesed, Naistep\u00e4ev, \u0412\u0441\u044f \u043f\u0440\u043e\u0434\u0443\u043a\u0446\u0438\u044f, \u0413\u043e\u0440\u044f\u0447\u0438\u0439 \u0448\u043e\u043a\u043e\u043b\u0430\u0434 \u0438 \u0444\u0438\u0433\u0443\u0440\u043a\u0438, \u0414\u0435\u043d\u044c \u043e\u0442\u0446\u0430, \u0416\u0435\u043d\u0441\u043a\u0438\u0439 \u0434\u0435\u043d\u044c. Chocolala\" \/>\n<meta name=\"robots\" content=\"index, follow, max-snippet:-1, max-image-preview:large, max-video-preview:-1\" \/>\n<link rel=\"canonical\" href=\"https:\/\/chocolala.ee\/ru\/product\/%d0%b3%d0%be%d1%80%d1%8f%d1%87%d0%b8%d0%b9-%d1%88%d0%be%d0%ba%d0%be%d0%bb%d0%b0%d0%b4-%d1%81-%d0%ba%d0%be%d1%84%d0%b5\/\" \/>\n<meta property=\"og:locale\" content=\"ru_RU\" \/>\n<meta property=\"og:type\" content=\"article\" \/>\n<meta property=\"og:title\" content=\"\u0413\u043e\u0440\u044f\u0447\u0438\u0439 \u0448\u043e\u043a\u043e\u043b\u0430\u0434 \u0441 \u043a\u043e\u0444\u0435 - Chocolala\" \/>\n<meta property=\"og:description\" content=\"\u0413\u043e\u0440\u044f\u0447\u0438\u0439 \u0448\u043e\u043a\u043e\u043b\u0430\u0434 \u0441 \u043a\u043e\u0444\u0435 - Isadep\u00e4ev, K\u00f5ik tooted, Kuum \u0161okolaad ja kujukesed, Naistep\u00e4ev, \u0412\u0441\u044f \u043f\u0440\u043e\u0434\u0443\u043a\u0446\u0438\u044f, \u0413\u043e\u0440\u044f\u0447\u0438\u0439 \u0448\u043e\u043a\u043e\u043b\u0430\u0434 \u0438 \u0444\u0438\u0433\u0443\u0440\u043a\u0438, \u0414\u0435\u043d\u044c \u043e\u0442\u0446\u0430, \u0416\u0435\u043d\u0441\u043a\u0438\u0439 \u0434\u0435\u043d\u044c. Chocolala\" \/>\n<meta property=\"og:url\" content=\"https:\/\/chocolala.ee\/ru\/product\/%d0%b3%d0%be%d1%80%d1%8f%d1%87%d0%b8%d0%b9-%d1%88%d0%be%d0%ba%d0%be%d0%bb%d0%b0%d0%b4-%d1%81-%d0%ba%d0%be%d1%84%d0%b5\/\" \/>\n<meta property=\"og:site_name\" content=\"Chocolala\" \/>\n<meta property=\"article:publisher\" content=\"https:\/\/www.facebook.com\/chocolalaestonia\" \/>\n<meta property=\"article:modified_time\" content=\"2026-02-23T12:17:42+00:00\" \/>\n<meta property=\"og:image\" content=\"https:\/\/chocolala.ee\/wp-content\/uploads\/2022\/10\/Kohviga-Kuum-sokolaad-Coffee-hot-chocolate.jpg\" \/>\n\t<meta property=\"og:image:width\" content=\"1266\" \/>\n\t<meta property=\"og:image:height\" content=\"1266\" \/>\n<meta name=\"twitter:card\" content=\"summary_large_image\" \/>\n<script type=\"application\/ld+json\" class=\"yoast-schema-graph\">{\"@context\":\"https:\/\/schema.org\",\"@graph\":[{\"@type\":\"Organization\",\"@id\":\"https:\/\/chocolala.ee\/ru\/#organization\",\"name\":\"Chocolala\",\"url\":\"https:\/\/chocolala.ee\/ru\/\",\"sameAs\":[\"https:\/\/www.facebook.com\/chocolalaestonia\",\"https:\/\/www.linkedin.com\/company\/chocolalaestonia\/\"],\"logo\":{\"@type\":\"ImageObject\",\"@id\":\"https:\/\/chocolala.ee\/ru\/#logo\",\"inLanguage\":\"ru-RU\",\"url\":\"https:\/\/chocolala.ee\/wp-content\/uploads\/2020\/09\/500_500.jpg\",\"width\":500,\"height\":500,\"caption\":\"Chocolala\"},\"image\":{\"@id\":\"https:\/\/chocolala.ee\/ru\/#logo\"}},{\"@type\":\"WebSite\",\"@id\":\"https:\/\/chocolala.ee\/ru\/#website\",\"url\":\"https:\/\/chocolala.ee\/ru\/\",\"name\":\"Chocolala\",\"description\":\"\",\"publisher\":{\"@id\":\"https:\/\/chocolala.ee\/ru\/#organization\"},\"potentialAction\":[{\"@type\":\"SearchAction\",\"target\":\"https:\/\/chocolala.ee\/ru\/?s={search_term_string}\",\"query-input\":\"required name=search_term_string\"}],\"inLanguage\":\"ru-RU\"},{\"@type\":\"ImageObject\",\"@id\":\"https:\/\/chocolala.ee\/ru\/product\/%d0%b3%d0%be%d1%80%d1%8f%d1%87%d0%b8%d0%b9-%d1%88%d0%be%d0%ba%d0%be%d0%bb%d0%b0%d0%b4-%d1%81-%d0%ba%d0%be%d1%84%d0%b5\/#primaryimage\",\"inLanguage\":\"ru-RU\",\"url\":\"https:\/\/chocolala.ee\/wp-content\/uploads\/2022\/10\/Kohviga-Kuum-sokolaad-Coffee-hot-chocolate.jpg\",\"width\":1266,\"height\":1266,\"caption\":\"Kohviga Kuum sokolaad - Coffee hot chocolate\"},{\"@type\":[\"WebPage\",\"ItemPage\"],\"@id\":\"https:\/\/chocolala.ee\/ru\/product\/%d0%b3%d0%be%d1%80%d1%8f%d1%87%d0%b8%d0%b9-%d1%88%d0%be%d0%ba%d0%be%d0%bb%d0%b0%d0%b4-%d1%81-%d0%ba%d0%be%d1%84%d0%b5\/#webpage\",\"url\":\"https:\/\/chocolala.ee\/ru\/product\/%d0%b3%d0%be%d1%80%d1%8f%d1%87%d0%b8%d0%b9-%d1%88%d0%be%d0%ba%d0%be%d0%bb%d0%b0%d0%b4-%d1%81-%d0%ba%d0%be%d1%84%d0%b5\/\",\"name\":\"\\u0413\\u043e\\u0440\\u044f\\u0447\\u0438\\u0439 \\u0448\\u043e\\u043a\\u043e\\u043b\\u0430\\u0434 \\u0441 \\u043a\\u043e\\u0444\\u0435 - Chocolala\",\"isPartOf\":{\"@id\":\"https:\/\/chocolala.ee\/ru\/#website\"},\"primaryImageOfPage\":{\"@id\":\"https:\/\/chocolala.ee\/ru\/product\/%d0%b3%d0%be%d1%80%d1%8f%d1%87%d0%b8%d0%b9-%d1%88%d0%be%d0%ba%d0%be%d0%bb%d0%b0%d0%b4-%d1%81-%d0%ba%d0%be%d1%84%d0%b5\/#primaryimage\"},\"datePublished\":\"2022-10-30T15:20:31+00:00\",\"dateModified\":\"2026-02-23T12:17:42+00:00\",\"description\":\"\\u0413\\u043e\\u0440\\u044f\\u0447\\u0438\\u0439 \\u0448\\u043e\\u043a\\u043e\\u043b\\u0430\\u0434 \\u0441 \\u043a\\u043e\\u0444\\u0435 - Isadep\\u00e4ev, K\\u00f5ik tooted, Kuum \\u0161okolaad ja kujukesed, Naistep\\u00e4ev, \\u0412\\u0441\\u044f \\u043f\\u0440\\u043e\\u0434\\u0443\\u043a\\u0446\\u0438\\u044f, \\u0413\\u043e\\u0440\\u044f\\u0447\\u0438\\u0439 \\u0448\\u043e\\u043a\\u043e\\u043b\\u0430\\u0434 \\u0438 \\u0444\\u0438\\u0433\\u0443\\u0440\\u043a\\u0438, \\u0414\\u0435\\u043d\\u044c \\u043e\\u0442\\u0446\\u0430, \\u0416\\u0435\\u043d\\u0441\\u043a\\u0438\\u0439 \\u0434\\u0435\\u043d\\u044c. Chocolala\",\"inLanguage\":\"ru-RU\",\"potentialAction\":[{\"@type\":\"ReadAction\",\"target\":[\"https:\/\/chocolala.ee\/ru\/product\/%d0%b3%d0%be%d1%80%d1%8f%d1%87%d0%b8%d0%b9-%d1%88%d0%be%d0%ba%d0%be%d0%bb%d0%b0%d0%b4-%d1%81-%d0%ba%d0%be%d1%84%d0%b5\/\"]}]}]}<\/script>\n<!-- \/ Yoast SEO plugin. -->","_links":{"self":[{"href":"https:\/\/chocolala.ee\/ru\/wp-json\/wp\/v2\/product\/18148"}],"collection":[{"href":"https:\/\/chocolala.ee\/ru\/wp-json\/wp\/v2\/product"}],"about":[{"href":"https:\/\/chocolala.ee\/ru\/wp-json\/wp\/v2\/types\/product"}],"replies":[{"embeddable":true,"href":"https:\/\/chocolala.ee\/ru\/wp-json\/wp\/v2\/comments?post=18148"}],"wp:featuredmedia":[{"embeddable":true,"href":"https:\/\/chocolala.ee\/ru\/wp-json\/wp\/v2\/media\/18151"}],"wp:attachment":[{"href":"https:\/\/chocolala.ee\/ru\/wp-json\/wp\/v2\/media?parent=18148"}],"wp:term":[{"taxonomy":"product_cat","embeddable":true,"href":"https:\/\/chocolala.ee\/ru\/wp-json\/wp\/v2\/product_cat?post=18148"},{"taxonomy":"product_tag","embeddable":true,"href":"https:\/\/chocolala.ee\/ru\/wp-json\/wp\/v2\/product_tag?post=18148"},{"taxonomy":"features","embeddable":true,"href":"https:\/\/chocolala.ee\/ru\/wp-json\/wp\/v2\/features?post=18148"}],"curies":[{"name":"wp","href":"https:\/\/api.w.org\/{rel}","templated":true}]}}