{"id":2034,"date":"2020-08-07T14:10:46","date_gmt":"2020-08-07T11:10:46","guid":{"rendered":"https:\/\/chocolala.ee\/product\/kallis-oled-mulle-zolotaya-korobka-s-16-shokoladnymi-konfetami-dlya-dorogogo-cheloveka\/"},"modified":"2025-09-29T15:13:07","modified_gmt":"2025-09-29T12:13:07","slug":"kallis-oled-mulle-zolotaya-korobka-s-16-shokoladnymi-konfetami-dlya-dorogogo-cheloveka","status":"publish","type":"product","link":"https:\/\/chocolala.ee\/ru\/product\/kallis-oled-mulle-zolotaya-korobka-s-16-shokoladnymi-konfetami-dlya-dorogogo-cheloveka\/","title":{"rendered":"Kallis Oled Mulle \u2013 \u0417\u043e\u043b\u043e\u0442\u0430\u044f \u043a\u043e\u0440\u043e\u0431\u043a\u0430 \u0441 16 \u0448\u043e\u043a\u043e\u043b\u0430\u0434\u043d\u044b\u043c\u0438 \u043a\u043e\u043d\u0444\u0435\u0442\u0430\u043c\u0438 \u0434\u043b\u044f \u0434\u043e\u0440\u043e\u0433\u043e\u0433\u043e \u0447\u0435\u043b\u043e\u0432\u0435\u043a\u0430"},"content":{"rendered":"<p>&nbsp;<\/p>\n","protected":false},"excerpt":{"rendered":"<p>&nbsp;<\/p>\n","protected":false},"featured_media":32575,"comment_status":"open","ping_status":"closed","template":"","meta":[],"product_cat":[99,71,101,132,87,88,72,133,102,100],"product_tag":[],"features":[],"brands":[],"yoast_head":"<!-- This site is optimized with the Yoast SEO plugin v14.9 - https:\/\/yoast.com\/wordpress\/plugins\/seo\/ -->\n<title>Kallis Oled Mulle \u2013 \u0417\u043e\u043b\u043e\u0442\u0430\u044f \u043a\u043e\u0440\u043e\u0431\u043a\u0430 \u0441 16 \u0448\u043e\u043a\u043e\u043b\u0430\u0434\u043d\u044b\u043c\u0438 \u043a\u043e\u043d\u0444\u0435\u0442\u0430\u043c\u0438 \u0434\u043b\u044f \u0434\u043e\u0440\u043e\u0433\u043e\u0433\u043e \u0447\u0435\u043b\u043e\u0432\u0435\u043a\u0430 - Chocolala<\/title>\n<meta name=\"description\" content=\"Kallis Oled Mulle \u2013 \u0417\u043e\u043b\u043e\u0442\u0430\u044f \u043a\u043e\u0440\u043e\u0431\u043a\u0430 \u0441 16 \u0448\u043e\u043a\u043e\u043b\u0430\u0434\u043d\u044b\u043c\u0438 \u043a\u043e\u043d\u0444\u0435\u0442\u0430\u043c\u0438 \u0434\u043b\u044f \u0434\u043e\u0440\u043e\u0433\u043e\u0433\u043e \u0447\u0435\u043b\u043e\u0432\u0435\u043a\u0430 - Emale ja isale, K\u00f5ik tooted, S\u00f5brale ja armsamale, S\u00f5brap\u00e4ev, Suured karbid (16-56 kommi), \u0411\u043e\u043b\u044c\u0448\u0438\u0435 \u043a\u043e\u0440\u043e\u0431\u043a\u0438 (16\u201356 \u043a\u043e\u043d\u0444\u0435\u0442), \u0412\u0441\u044f \u043f\u0440\u043e\u0434\u0443\u043a\u0446\u0438\u044f, \u0414\u0435\u043d\u044c \u0441\u0432\u044f\u0442\u043e\u0433\u043e \u0412\u0430\u043b\u0435\u043d\u0442\u0438\u043d\u0430, \u0414\u0440\u0443\u0433\u0443 \u0438 \u043b\u044e\u0431\u0438\u043c\u043e\u043c\u0443 \u0447\u0435\u043b\u043e\u0432\u0435\u043a\u0443, \u041c\u0430\u043c\u0435 \u0438 \u043f\u0430\u043f\u0435. Chocolala\" \/>\n<meta name=\"robots\" content=\"index, follow, max-snippet:-1, max-image-preview:large, max-video-preview:-1\" \/>\n<link rel=\"canonical\" href=\"https:\/\/chocolala.ee\/ru\/product\/kallis-oled-mulle-zolotaya-korobka-s-16-shokoladnymi-konfetami-dlya-dorogogo-cheloveka\/\" \/>\n<meta property=\"og:locale\" content=\"ru_RU\" \/>\n<meta property=\"og:type\" content=\"article\" \/>\n<meta property=\"og:title\" content=\"Kallis Oled Mulle \u2013 \u0417\u043e\u043b\u043e\u0442\u0430\u044f \u043a\u043e\u0440\u043e\u0431\u043a\u0430 \u0441 16 \u0448\u043e\u043a\u043e\u043b\u0430\u0434\u043d\u044b\u043c\u0438 \u043a\u043e\u043d\u0444\u0435\u0442\u0430\u043c\u0438 \u0434\u043b\u044f \u0434\u043e\u0440\u043e\u0433\u043e\u0433\u043e \u0447\u0435\u043b\u043e\u0432\u0435\u043a\u0430 - Chocolala\" \/>\n<meta property=\"og:description\" content=\"Kallis Oled Mulle \u2013 \u0417\u043e\u043b\u043e\u0442\u0430\u044f \u043a\u043e\u0440\u043e\u0431\u043a\u0430 \u0441 16 \u0448\u043e\u043a\u043e\u043b\u0430\u0434\u043d\u044b\u043c\u0438 \u043a\u043e\u043d\u0444\u0435\u0442\u0430\u043c\u0438 \u0434\u043b\u044f \u0434\u043e\u0440\u043e\u0433\u043e\u0433\u043e \u0447\u0435\u043b\u043e\u0432\u0435\u043a\u0430 - Emale ja isale, K\u00f5ik tooted, S\u00f5brale ja armsamale, S\u00f5brap\u00e4ev, Suured karbid (16-56 kommi), \u0411\u043e\u043b\u044c\u0448\u0438\u0435 \u043a\u043e\u0440\u043e\u0431\u043a\u0438 (16\u201356 \u043a\u043e\u043d\u0444\u0435\u0442), \u0412\u0441\u044f \u043f\u0440\u043e\u0434\u0443\u043a\u0446\u0438\u044f, \u0414\u0435\u043d\u044c \u0441\u0432\u044f\u0442\u043e\u0433\u043e \u0412\u0430\u043b\u0435\u043d\u0442\u0438\u043d\u0430, \u0414\u0440\u0443\u0433\u0443 \u0438 \u043b\u044e\u0431\u0438\u043c\u043e\u043c\u0443 \u0447\u0435\u043b\u043e\u0432\u0435\u043a\u0443, \u041c\u0430\u043c\u0435 \u0438 \u043f\u0430\u043f\u0435. Chocolala\" \/>\n<meta property=\"og:url\" content=\"https:\/\/chocolala.ee\/ru\/product\/kallis-oled-mulle-zolotaya-korobka-s-16-shokoladnymi-konfetami-dlya-dorogogo-cheloveka\/\" \/>\n<meta property=\"og:site_name\" content=\"Chocolala\" \/>\n<meta property=\"article:publisher\" content=\"https:\/\/www.facebook.com\/chocolalaestonia\" \/>\n<meta property=\"article:modified_time\" content=\"2025-09-29T12:13:07+00:00\" \/>\n<meta property=\"og:image\" content=\"https:\/\/chocolala.ee\/wp-content\/uploads\/2020\/08\/16-kommiga-Kallis-Oled-Mulle-chocolate-box-with-16-chocolates-You-are-Dear-to-Me.jpg\" \/>\n\t<meta property=\"og:image:width\" content=\"1767\" \/>\n\t<meta property=\"og:image:height\" content=\"1767\" \/>\n<meta name=\"twitter:card\" content=\"summary_large_image\" \/>\n<script type=\"application\/ld+json\" class=\"yoast-schema-graph\">{\"@context\":\"https:\/\/schema.org\",\"@graph\":[{\"@type\":\"Organization\",\"@id\":\"https:\/\/chocolala.ee\/ru\/#organization\",\"name\":\"Chocolala\",\"url\":\"https:\/\/chocolala.ee\/ru\/\",\"sameAs\":[\"https:\/\/www.facebook.com\/chocolalaestonia\",\"https:\/\/www.linkedin.com\/company\/chocolalaestonia\/\"],\"logo\":{\"@type\":\"ImageObject\",\"@id\":\"https:\/\/chocolala.ee\/ru\/#logo\",\"inLanguage\":\"ru-RU\",\"url\":\"https:\/\/chocolala.ee\/wp-content\/uploads\/2020\/09\/500_500.jpg\",\"width\":500,\"height\":500,\"caption\":\"Chocolala\"},\"image\":{\"@id\":\"https:\/\/chocolala.ee\/ru\/#logo\"}},{\"@type\":\"WebSite\",\"@id\":\"https:\/\/chocolala.ee\/ru\/#website\",\"url\":\"https:\/\/chocolala.ee\/ru\/\",\"name\":\"Chocolala\",\"description\":\"\",\"publisher\":{\"@id\":\"https:\/\/chocolala.ee\/ru\/#organization\"},\"potentialAction\":[{\"@type\":\"SearchAction\",\"target\":\"https:\/\/chocolala.ee\/ru\/?s={search_term_string}\",\"query-input\":\"required name=search_term_string\"}],\"inLanguage\":\"ru-RU\"},{\"@type\":\"ImageObject\",\"@id\":\"https:\/\/chocolala.ee\/ru\/product\/kallis-oled-mulle-zolotaya-korobka-s-16-shokoladnymi-konfetami-dlya-dorogogo-cheloveka\/#primaryimage\",\"inLanguage\":\"ru-RU\",\"url\":\"https:\/\/chocolala.ee\/wp-content\/uploads\/2020\/08\/16-kommiga-Kallis-Oled-Mulle-chocolate-box-with-16-chocolates-You-are-Dear-to-Me.jpg\",\"width\":1767,\"height\":1767,\"caption\":\"16 kommiga Kallis Oled Mulle - chocolate box with 16 chocolates - You are Dear to Me\"},{\"@type\":[\"WebPage\",\"ItemPage\"],\"@id\":\"https:\/\/chocolala.ee\/ru\/product\/kallis-oled-mulle-zolotaya-korobka-s-16-shokoladnymi-konfetami-dlya-dorogogo-cheloveka\/#webpage\",\"url\":\"https:\/\/chocolala.ee\/ru\/product\/kallis-oled-mulle-zolotaya-korobka-s-16-shokoladnymi-konfetami-dlya-dorogogo-cheloveka\/\",\"name\":\"Kallis Oled Mulle \\u2013 \\u0417\\u043e\\u043b\\u043e\\u0442\\u0430\\u044f \\u043a\\u043e\\u0440\\u043e\\u0431\\u043a\\u0430 \\u0441 16 \\u0448\\u043e\\u043a\\u043e\\u043b\\u0430\\u0434\\u043d\\u044b\\u043c\\u0438 \\u043a\\u043e\\u043d\\u0444\\u0435\\u0442\\u0430\\u043c\\u0438 \\u0434\\u043b\\u044f \\u0434\\u043e\\u0440\\u043e\\u0433\\u043e\\u0433\\u043e \\u0447\\u0435\\u043b\\u043e\\u0432\\u0435\\u043a\\u0430 - Chocolala\",\"isPartOf\":{\"@id\":\"https:\/\/chocolala.ee\/ru\/#website\"},\"primaryImageOfPage\":{\"@id\":\"https:\/\/chocolala.ee\/ru\/product\/kallis-oled-mulle-zolotaya-korobka-s-16-shokoladnymi-konfetami-dlya-dorogogo-cheloveka\/#primaryimage\"},\"datePublished\":\"2020-08-07T11:10:46+00:00\",\"dateModified\":\"2025-09-29T12:13:07+00:00\",\"description\":\"Kallis Oled Mulle \\u2013 \\u0417\\u043e\\u043b\\u043e\\u0442\\u0430\\u044f \\u043a\\u043e\\u0440\\u043e\\u0431\\u043a\\u0430 \\u0441 16 \\u0448\\u043e\\u043a\\u043e\\u043b\\u0430\\u0434\\u043d\\u044b\\u043c\\u0438 \\u043a\\u043e\\u043d\\u0444\\u0435\\u0442\\u0430\\u043c\\u0438 \\u0434\\u043b\\u044f \\u0434\\u043e\\u0440\\u043e\\u0433\\u043e\\u0433\\u043e \\u0447\\u0435\\u043b\\u043e\\u0432\\u0435\\u043a\\u0430 - Emale ja isale, K\\u00f5ik tooted, S\\u00f5brale ja armsamale, S\\u00f5brap\\u00e4ev, Suured karbid (16-56 kommi), \\u0411\\u043e\\u043b\\u044c\\u0448\\u0438\\u0435 \\u043a\\u043e\\u0440\\u043e\\u0431\\u043a\\u0438 (16\\u201356 \\u043a\\u043e\\u043d\\u0444\\u0435\\u0442), \\u0412\\u0441\\u044f \\u043f\\u0440\\u043e\\u0434\\u0443\\u043a\\u0446\\u0438\\u044f, \\u0414\\u0435\\u043d\\u044c \\u0441\\u0432\\u044f\\u0442\\u043e\\u0433\\u043e \\u0412\\u0430\\u043b\\u0435\\u043d\\u0442\\u0438\\u043d\\u0430, \\u0414\\u0440\\u0443\\u0433\\u0443 \\u0438 \\u043b\\u044e\\u0431\\u0438\\u043c\\u043e\\u043c\\u0443 \\u0447\\u0435\\u043b\\u043e\\u0432\\u0435\\u043a\\u0443, \\u041c\\u0430\\u043c\\u0435 \\u0438 \\u043f\\u0430\\u043f\\u0435. Chocolala\",\"inLanguage\":\"ru-RU\",\"potentialAction\":[{\"@type\":\"ReadAction\",\"target\":[\"https:\/\/chocolala.ee\/ru\/product\/kallis-oled-mulle-zolotaya-korobka-s-16-shokoladnymi-konfetami-dlya-dorogogo-cheloveka\/\"]}]}]}<\/script>\n<!-- \/ Yoast SEO plugin. -->","_links":{"self":[{"href":"https:\/\/chocolala.ee\/ru\/wp-json\/wp\/v2\/product\/2034"}],"collection":[{"href":"https:\/\/chocolala.ee\/ru\/wp-json\/wp\/v2\/product"}],"about":[{"href":"https:\/\/chocolala.ee\/ru\/wp-json\/wp\/v2\/types\/product"}],"replies":[{"embeddable":true,"href":"https:\/\/chocolala.ee\/ru\/wp-json\/wp\/v2\/comments?post=2034"}],"wp:featuredmedia":[{"embeddable":true,"href":"https:\/\/chocolala.ee\/ru\/wp-json\/wp\/v2\/media\/32575"}],"wp:attachment":[{"href":"https:\/\/chocolala.ee\/ru\/wp-json\/wp\/v2\/media?parent=2034"}],"wp:term":[{"taxonomy":"product_cat","embeddable":true,"href":"https:\/\/chocolala.ee\/ru\/wp-json\/wp\/v2\/product_cat?post=2034"},{"taxonomy":"product_tag","embeddable":true,"href":"https:\/\/chocolala.ee\/ru\/wp-json\/wp\/v2\/product_tag?post=2034"},{"taxonomy":"features","embeddable":true,"href":"https:\/\/chocolala.ee\/ru\/wp-json\/wp\/v2\/features?post=2034"}],"curies":[{"name":"wp","href":"https:\/\/api.w.org\/{rel}","templated":true}]}}