{"id":20748,"date":"2023-01-15T20:02:21","date_gmt":"2023-01-15T17:02:21","guid":{"rendered":"https:\/\/chocolala.ee\/?post_type=product&#038;p=20748"},"modified":"2025-04-23T16:03:12","modified_gmt":"2025-04-23T13:03:12","slug":"%d0%bb%d0%be%d0%b6%d0%ba%d0%b8-%d0%b4%d0%bb%d1%8f-%d0%bf%d1%80%d0%b8%d0%b3%d0%be%d1%82%d0%be%d0%b2%d0%bb%d0%b5%d0%bd%d0%b8%d1%8f-%d0%b3%d0%be%d1%80%d1%8f%d1%87%d0%b5%d0%b3%d0%be-%d0%ba%d0%be%d1%84","status":"publish","type":"product","link":"https:\/\/chocolala.ee\/ru\/product\/%d0%bb%d0%be%d0%b6%d0%ba%d0%b8-%d0%b4%d0%bb%d1%8f-%d0%bf%d1%80%d0%b8%d0%b3%d0%be%d1%82%d0%be%d0%b2%d0%bb%d0%b5%d0%bd%d0%b8%d1%8f-%d0%b3%d0%be%d1%80%d1%8f%d1%87%d0%b5%d0%b3%d0%be-%d0%ba%d0%be%d1%84\/","title":{"rendered":"\u041b\u043e\u0436\u043a\u0438 \u0434\u043b\u044f \u043f\u0440\u0438\u0433\u043e\u0442\u043e\u0432\u043b\u0435\u043d\u0438\u044f \u0433\u043e\u0440\u044f\u0447\u0435\u0433\u043e \u0448\u043e\u043a\u043e\u043b\u0430\u0434\u0430 \u0441 \u043a\u043e\u0444\u0435"},"content":{"rendered":"","protected":false},"excerpt":{"rendered":"","protected":false},"featured_media":20875,"comment_status":"open","ping_status":"closed","template":"","meta":[],"product_cat":[71,109,97,101,72,110,98,102],"product_tag":[],"features":[],"brands":[],"yoast_head":"<!-- This site is optimized with the Yoast SEO plugin v14.9 - https:\/\/yoast.com\/wordpress\/plugins\/seo\/ -->\n<title>\u041b\u043e\u0436\u043a\u0438 \u0434\u043b\u044f \u043f\u0440\u0438\u0433\u043e\u0442\u043e\u0432\u043b\u0435\u043d\u0438\u044f \u0433\u043e\u0440\u044f\u0447\u0435\u0433\u043e \u0448\u043e\u043a\u043e\u043b\u0430\u0434\u0430 \u0441 \u043a\u043e\u0444\u0435 - Chocolala<\/title>\n<meta name=\"description\" content=\"\u041b\u043e\u0436\u043a\u0438 \u0434\u043b\u044f \u043f\u0440\u0438\u0433\u043e\u0442\u043e\u0432\u043b\u0435\u043d\u0438\u044f \u0433\u043e\u0440\u044f\u0447\u0435\u0433\u043e \u0448\u043e\u043a\u043e\u043b\u0430\u0434\u0430 \u0441 \u043a\u043e\u0444\u0435 - K\u00f5ik tooted, Kuum \u0161okolaad ja kujukesed, Lastele, S\u00f5brale ja armsamale, \u0412\u0441\u044f \u043f\u0440\u043e\u0434\u0443\u043a\u0446\u0438\u044f, \u0413\u043e\u0440\u044f\u0447\u0438\u0439 \u0448\u043e\u043a\u043e\u043b\u0430\u0434 \u0438 \u0444\u0438\u0433\u0443\u0440\u043a\u0438, \u0414\u043b\u044f \u0434\u0435\u0442\u0435\u0439, \u0414\u0440\u0443\u0433\u0443 \u0438 \u043b\u044e\u0431\u0438\u043c\u043e\u043c\u0443 \u0447\u0435\u043b\u043e\u0432\u0435\u043a\u0443. Chocolala\" \/>\n<meta name=\"robots\" content=\"index, follow, max-snippet:-1, max-image-preview:large, max-video-preview:-1\" \/>\n<link rel=\"canonical\" href=\"https:\/\/chocolala.ee\/ru\/product\/%d0%bb%d0%be%d0%b6%d0%ba%d0%b8-%d0%b4%d0%bb%d1%8f-%d0%bf%d1%80%d0%b8%d0%b3%d0%be%d1%82%d0%be%d0%b2%d0%bb%d0%b5%d0%bd%d0%b8%d1%8f-%d0%b3%d0%be%d1%80%d1%8f%d1%87%d0%b5%d0%b3%d0%be-%d0%ba%d0%be%d1%84\/\" \/>\n<meta property=\"og:locale\" content=\"ru_RU\" \/>\n<meta property=\"og:type\" content=\"article\" \/>\n<meta property=\"og:title\" content=\"\u041b\u043e\u0436\u043a\u0438 \u0434\u043b\u044f \u043f\u0440\u0438\u0433\u043e\u0442\u043e\u0432\u043b\u0435\u043d\u0438\u044f \u0433\u043e\u0440\u044f\u0447\u0435\u0433\u043e \u0448\u043e\u043a\u043e\u043b\u0430\u0434\u0430 \u0441 \u043a\u043e\u0444\u0435 - Chocolala\" \/>\n<meta property=\"og:description\" content=\"\u041b\u043e\u0436\u043a\u0438 \u0434\u043b\u044f \u043f\u0440\u0438\u0433\u043e\u0442\u043e\u0432\u043b\u0435\u043d\u0438\u044f \u0433\u043e\u0440\u044f\u0447\u0435\u0433\u043e \u0448\u043e\u043a\u043e\u043b\u0430\u0434\u0430 \u0441 \u043a\u043e\u0444\u0435 - K\u00f5ik tooted, Kuum \u0161okolaad ja kujukesed, Lastele, S\u00f5brale ja armsamale, \u0412\u0441\u044f \u043f\u0440\u043e\u0434\u0443\u043a\u0446\u0438\u044f, \u0413\u043e\u0440\u044f\u0447\u0438\u0439 \u0448\u043e\u043a\u043e\u043b\u0430\u0434 \u0438 \u0444\u0438\u0433\u0443\u0440\u043a\u0438, \u0414\u043b\u044f \u0434\u0435\u0442\u0435\u0439, \u0414\u0440\u0443\u0433\u0443 \u0438 \u043b\u044e\u0431\u0438\u043c\u043e\u043c\u0443 \u0447\u0435\u043b\u043e\u0432\u0435\u043a\u0443. Chocolala\" \/>\n<meta property=\"og:url\" content=\"https:\/\/chocolala.ee\/ru\/product\/%d0%bb%d0%be%d0%b6%d0%ba%d0%b8-%d0%b4%d0%bb%d1%8f-%d0%bf%d1%80%d0%b8%d0%b3%d0%be%d1%82%d0%be%d0%b2%d0%bb%d0%b5%d0%bd%d0%b8%d1%8f-%d0%b3%d0%be%d1%80%d1%8f%d1%87%d0%b5%d0%b3%d0%be-%d0%ba%d0%be%d1%84\/\" \/>\n<meta property=\"og:site_name\" content=\"Chocolala\" \/>\n<meta property=\"article:publisher\" content=\"https:\/\/www.facebook.com\/chocolalaestonia\" \/>\n<meta property=\"article:modified_time\" content=\"2025-04-23T13:03:12+00:00\" \/>\n<meta property=\"og:image\" content=\"https:\/\/chocolala.ee\/wp-content\/uploads\/2023\/01\/Hot-chocolate-spoon-with-Coffee2-scaled.jpg\" \/>\n\t<meta property=\"og:image:width\" content=\"2560\" \/>\n\t<meta property=\"og:image:height\" content=\"2560\" \/>\n<meta name=\"twitter:card\" content=\"summary_large_image\" \/>\n<script type=\"application\/ld+json\" class=\"yoast-schema-graph\">{\"@context\":\"https:\/\/schema.org\",\"@graph\":[{\"@type\":\"Organization\",\"@id\":\"https:\/\/chocolala.ee\/ru\/#organization\",\"name\":\"Chocolala\",\"url\":\"https:\/\/chocolala.ee\/ru\/\",\"sameAs\":[\"https:\/\/www.facebook.com\/chocolalaestonia\",\"https:\/\/www.linkedin.com\/company\/chocolalaestonia\/\"],\"logo\":{\"@type\":\"ImageObject\",\"@id\":\"https:\/\/chocolala.ee\/ru\/#logo\",\"inLanguage\":\"ru-RU\",\"url\":\"https:\/\/chocolala.ee\/wp-content\/uploads\/2020\/09\/500_500.jpg\",\"width\":500,\"height\":500,\"caption\":\"Chocolala\"},\"image\":{\"@id\":\"https:\/\/chocolala.ee\/ru\/#logo\"}},{\"@type\":\"WebSite\",\"@id\":\"https:\/\/chocolala.ee\/ru\/#website\",\"url\":\"https:\/\/chocolala.ee\/ru\/\",\"name\":\"Chocolala\",\"description\":\"\",\"publisher\":{\"@id\":\"https:\/\/chocolala.ee\/ru\/#organization\"},\"potentialAction\":[{\"@type\":\"SearchAction\",\"target\":\"https:\/\/chocolala.ee\/ru\/?s={search_term_string}\",\"query-input\":\"required name=search_term_string\"}],\"inLanguage\":\"ru-RU\"},{\"@type\":\"ImageObject\",\"@id\":\"https:\/\/chocolala.ee\/ru\/product\/%d0%bb%d0%be%d0%b6%d0%ba%d0%b8-%d0%b4%d0%bb%d1%8f-%d0%bf%d1%80%d0%b8%d0%b3%d0%be%d1%82%d0%be%d0%b2%d0%bb%d0%b5%d0%bd%d0%b8%d1%8f-%d0%b3%d0%be%d1%80%d1%8f%d1%87%d0%b5%d0%b3%d0%be-%d0%ba%d0%be%d1%84\/#primaryimage\",\"inLanguage\":\"ru-RU\",\"url\":\"https:\/\/chocolala.ee\/wp-content\/uploads\/2023\/01\/Hot-chocolate-spoon-with-Coffee2-scaled.jpg\",\"width\":2560,\"height\":2560,\"caption\":\"Hot chocolate spoon with Coffee2\"},{\"@type\":[\"WebPage\",\"ItemPage\"],\"@id\":\"https:\/\/chocolala.ee\/ru\/product\/%d0%bb%d0%be%d0%b6%d0%ba%d0%b8-%d0%b4%d0%bb%d1%8f-%d0%bf%d1%80%d0%b8%d0%b3%d0%be%d1%82%d0%be%d0%b2%d0%bb%d0%b5%d0%bd%d0%b8%d1%8f-%d0%b3%d0%be%d1%80%d1%8f%d1%87%d0%b5%d0%b3%d0%be-%d0%ba%d0%be%d1%84\/#webpage\",\"url\":\"https:\/\/chocolala.ee\/ru\/product\/%d0%bb%d0%be%d0%b6%d0%ba%d0%b8-%d0%b4%d0%bb%d1%8f-%d0%bf%d1%80%d0%b8%d0%b3%d0%be%d1%82%d0%be%d0%b2%d0%bb%d0%b5%d0%bd%d0%b8%d1%8f-%d0%b3%d0%be%d1%80%d1%8f%d1%87%d0%b5%d0%b3%d0%be-%d0%ba%d0%be%d1%84\/\",\"name\":\"\\u041b\\u043e\\u0436\\u043a\\u0438 \\u0434\\u043b\\u044f \\u043f\\u0440\\u0438\\u0433\\u043e\\u0442\\u043e\\u0432\\u043b\\u0435\\u043d\\u0438\\u044f \\u0433\\u043e\\u0440\\u044f\\u0447\\u0435\\u0433\\u043e \\u0448\\u043e\\u043a\\u043e\\u043b\\u0430\\u0434\\u0430 \\u0441 \\u043a\\u043e\\u0444\\u0435 - Chocolala\",\"isPartOf\":{\"@id\":\"https:\/\/chocolala.ee\/ru\/#website\"},\"primaryImageOfPage\":{\"@id\":\"https:\/\/chocolala.ee\/ru\/product\/%d0%bb%d0%be%d0%b6%d0%ba%d0%b8-%d0%b4%d0%bb%d1%8f-%d0%bf%d1%80%d0%b8%d0%b3%d0%be%d1%82%d0%be%d0%b2%d0%bb%d0%b5%d0%bd%d0%b8%d1%8f-%d0%b3%d0%be%d1%80%d1%8f%d1%87%d0%b5%d0%b3%d0%be-%d0%ba%d0%be%d1%84\/#primaryimage\"},\"datePublished\":\"2023-01-15T17:02:21+00:00\",\"dateModified\":\"2025-04-23T13:03:12+00:00\",\"description\":\"\\u041b\\u043e\\u0436\\u043a\\u0438 \\u0434\\u043b\\u044f \\u043f\\u0440\\u0438\\u0433\\u043e\\u0442\\u043e\\u0432\\u043b\\u0435\\u043d\\u0438\\u044f \\u0433\\u043e\\u0440\\u044f\\u0447\\u0435\\u0433\\u043e \\u0448\\u043e\\u043a\\u043e\\u043b\\u0430\\u0434\\u0430 \\u0441 \\u043a\\u043e\\u0444\\u0435 - K\\u00f5ik tooted, Kuum \\u0161okolaad ja kujukesed, Lastele, S\\u00f5brale ja armsamale, \\u0412\\u0441\\u044f \\u043f\\u0440\\u043e\\u0434\\u0443\\u043a\\u0446\\u0438\\u044f, \\u0413\\u043e\\u0440\\u044f\\u0447\\u0438\\u0439 \\u0448\\u043e\\u043a\\u043e\\u043b\\u0430\\u0434 \\u0438 \\u0444\\u0438\\u0433\\u0443\\u0440\\u043a\\u0438, \\u0414\\u043b\\u044f \\u0434\\u0435\\u0442\\u0435\\u0439, \\u0414\\u0440\\u0443\\u0433\\u0443 \\u0438 \\u043b\\u044e\\u0431\\u0438\\u043c\\u043e\\u043c\\u0443 \\u0447\\u0435\\u043b\\u043e\\u0432\\u0435\\u043a\\u0443. Chocolala\",\"inLanguage\":\"ru-RU\",\"potentialAction\":[{\"@type\":\"ReadAction\",\"target\":[\"https:\/\/chocolala.ee\/ru\/product\/%d0%bb%d0%be%d0%b6%d0%ba%d0%b8-%d0%b4%d0%bb%d1%8f-%d0%bf%d1%80%d0%b8%d0%b3%d0%be%d1%82%d0%be%d0%b2%d0%bb%d0%b5%d0%bd%d0%b8%d1%8f-%d0%b3%d0%be%d1%80%d1%8f%d1%87%d0%b5%d0%b3%d0%be-%d0%ba%d0%be%d1%84\/\"]}]}]}<\/script>\n<!-- \/ Yoast SEO plugin. -->","_links":{"self":[{"href":"https:\/\/chocolala.ee\/ru\/wp-json\/wp\/v2\/product\/20748"}],"collection":[{"href":"https:\/\/chocolala.ee\/ru\/wp-json\/wp\/v2\/product"}],"about":[{"href":"https:\/\/chocolala.ee\/ru\/wp-json\/wp\/v2\/types\/product"}],"replies":[{"embeddable":true,"href":"https:\/\/chocolala.ee\/ru\/wp-json\/wp\/v2\/comments?post=20748"}],"wp:featuredmedia":[{"embeddable":true,"href":"https:\/\/chocolala.ee\/ru\/wp-json\/wp\/v2\/media\/20875"}],"wp:attachment":[{"href":"https:\/\/chocolala.ee\/ru\/wp-json\/wp\/v2\/media?parent=20748"}],"wp:term":[{"taxonomy":"product_cat","embeddable":true,"href":"https:\/\/chocolala.ee\/ru\/wp-json\/wp\/v2\/product_cat?post=20748"},{"taxonomy":"product_tag","embeddable":true,"href":"https:\/\/chocolala.ee\/ru\/wp-json\/wp\/v2\/product_tag?post=20748"},{"taxonomy":"features","embeddable":true,"href":"https:\/\/chocolala.ee\/ru\/wp-json\/wp\/v2\/features?post=20748"}],"curies":[{"name":"wp","href":"https:\/\/api.w.org\/{rel}","templated":true}]}}