{"id":20765,"date":"2023-01-17T13:24:40","date_gmt":"2023-01-17T10:24:40","guid":{"rendered":"https:\/\/chocolala.ee\/?post_type=product&#038;p=20765"},"modified":"2026-02-11T13:57:04","modified_gmt":"2026-02-11T10:57:04","slug":"%d1%83%d0%ba%d1%80%d0%b0%d1%88%d0%b5%d0%bd%d0%bd%d0%be%d0%b5-%d0%b7%d0%be%d0%bb%d0%be%d1%82%d0%be%d0%bc-%d1%80%d1%83%d0%b1%d0%b8%d0%bd%d0%be%d0%b2%d0%be%d0%b5-%d1%88%d0%be%d0%ba%d0%be%d0%bb%d0%b0","status":"publish","type":"product","link":"https:\/\/chocolala.ee\/ru\/product\/%d1%83%d0%ba%d1%80%d0%b0%d1%88%d0%b5%d0%bd%d0%bd%d0%be%d0%b5-%d0%b7%d0%be%d0%bb%d0%be%d1%82%d0%be%d0%bc-%d1%80%d1%83%d0%b1%d0%b8%d0%bd%d0%be%d0%b2%d0%be%d0%b5-%d1%88%d0%be%d0%ba%d0%be%d0%bb%d0%b0\/","title":{"rendered":"\u0423\u043a\u0440\u0430\u0448\u0435\u043d\u043d\u043e\u0435 \u0437\u043e\u043b\u043e\u0442\u043e\u043c \u0440\u0443\u0431\u0438\u043d\u043e\u0432\u043e\u0435 \u0448\u043e\u043a\u043e\u043b\u0430\u0434\u043d\u043e\u0435 \u0441\u0435\u0440\u0434\u0446\u0435 \u0441 6 \u043a\u043e\u043d\u0444\u0435\u0442\u0430\u043c\u0438 \u0448\u0430\u043c\u043f\u0430\u043d\u0441\u043a\u043e\u0433\u043e"},"content":{"rendered":"<p>&nbsp;<\/p>\n","protected":false},"excerpt":{"rendered":"<p>\u0420\u0443\u0431\u0438\u043d\u043e\u0432\u043e\u0435 \u0448\u043e\u043a\u043e\u043b\u0430\u0434\u043d\u043e\u0435 \u0441\u0435\u0440\u0434\u0446\u0435 \u0441 6 \u043a\u043e\u043d\u0444\u0435\u0442\u0430\u043c\u0438 \u0448\u0430\u043c\u043f\u0430\u043d\u0441\u043a\u043e\u0433\u043e, \u0441\u043f\u0440\u044f\u0442\u0430\u043d\u043d\u044b\u043c\u0438 \u0432\u043d\u0443\u0442\u0440\u0438. \u0423\u043a\u0440\u0430\u0448\u0435\u043d 24-\u043a\u0430\u0440\u0430\u0442\u043d\u044b\u043c \u0437\u043e\u043b\u043e\u0442\u043e\u043c. \u041c\u0438\u043d. \u0412\u0435\u0441 \u043d\u0435\u0442\u0442\u043e 156\u0433.<\/p>\n","protected":false},"featured_media":20872,"comment_status":"open","ping_status":"closed","template":"","meta":[],"product_cat":[66,49,53,75,71,54,132,85,89,131,72,133,86,76,90],"product_tag":[],"features":[],"brands":[],"yoast_head":"<!-- This site is optimized with the Yoast SEO plugin v14.9 - https:\/\/yoast.com\/wordpress\/plugins\/seo\/ -->\n<title>\u0423\u043a\u0440\u0430\u0448\u0435\u043d\u043d\u043e\u0435 \u0437\u043e\u043b\u043e\u0442\u043e\u043c \u0440\u0443\u0431\u0438\u043d\u043e\u0432\u043e\u0435 \u0448\u043e\u043a\u043e\u043b\u0430\u0434\u043d\u043e\u0435 \u0441\u0435\u0440\u0434\u0446\u0435 \u0441 6 \u043a\u043e\u043d\u0444\u0435\u0442\u0430\u043c\u0438 \u0448\u0430\u043c\u043f\u0430\u043d\u0441\u043a\u043e\u0433\u043e - Chocolala<\/title>\n<meta name=\"description\" content=\"\u0423\u043a\u0440\u0430\u0448\u0435\u043d\u043d\u043e\u0435 \u0437\u043e\u043b\u043e\u0442\u043e\u043c \u0440\u0443\u0431\u0438\u043d\u043e\u0432\u043e\u0435 \u0448\u043e\u043a\u043e\u043b\u0430\u0434\u043d\u043e\u0435 \u0441\u0435\u0440\u0434\u0446\u0435 \u0441 6 \u043a\u043e\u043d\u0444\u0435\u0442\u0430\u043c\u0438 \u0448\u0430\u043c\u043f\u0430\u043d\u0441\u043a\u043e\u0433\u043e - All products, Best sellers, Chocolate boxes, Klientide lemmikud, K\u00f5ik tooted, Small boxes (2-9 chocolates), S\u00f5brap\u00e4ev, \u0160okolaadikarbid, V\u00e4iksed karbid (2-9 kommi), Valentine, \u0412\u0441\u044f \u043f\u0440\u043e\u0434\u0443\u043a\u0446\u0438\u044f, \u0414\u0435\u043d\u044c \u0441\u0432\u044f\u0442\u043e\u0433\u043e \u0412\u0430\u043b\u0435\u043d\u0442\u0438\u043d\u0430, \u041a\u043e\u0440\u043e\u0431\u043a\u0438 \u0448\u043e\u043a\u043e\u043b\u0430\u0434\u043d\u044b\u0445 \u043a\u043e\u043d\u0444\u0435\u0442, \u041b\u044e\u0431\u0438\u043c\u044b\u0439 \u0448\u043e\u043a\u043e\u043b\u0430\u0434 \u043d\u0430\u0448\u0438\u0445 \u043a\u043b\u0438\u0435\u043d\u0442\u043e\u0432, \u041c\u0430\u043b\u0435\u043d\u044c\u043a\u0438\u0435 \u043a\u043e\u0440\u043e\u0431\u043a\u0438 (2\u20139 \u043a\u043e\u043d\u0444\u0435\u0442). Chocolala\" \/>\n<meta name=\"robots\" content=\"index, follow, max-snippet:-1, max-image-preview:large, max-video-preview:-1\" \/>\n<link rel=\"canonical\" href=\"https:\/\/chocolala.ee\/ru\/product\/%d1%83%d0%ba%d1%80%d0%b0%d1%88%d0%b5%d0%bd%d0%bd%d0%be%d0%b5-%d0%b7%d0%be%d0%bb%d0%be%d1%82%d0%be%d0%bc-%d1%80%d1%83%d0%b1%d0%b8%d0%bd%d0%be%d0%b2%d0%be%d0%b5-%d1%88%d0%be%d0%ba%d0%be%d0%bb%d0%b0\/\" \/>\n<meta property=\"og:locale\" content=\"ru_RU\" \/>\n<meta property=\"og:type\" content=\"article\" \/>\n<meta property=\"og:title\" content=\"\u0423\u043a\u0440\u0430\u0448\u0435\u043d\u043d\u043e\u0435 \u0437\u043e\u043b\u043e\u0442\u043e\u043c \u0440\u0443\u0431\u0438\u043d\u043e\u0432\u043e\u0435 \u0448\u043e\u043a\u043e\u043b\u0430\u0434\u043d\u043e\u0435 \u0441\u0435\u0440\u0434\u0446\u0435 \u0441 6 \u043a\u043e\u043d\u0444\u0435\u0442\u0430\u043c\u0438 \u0448\u0430\u043c\u043f\u0430\u043d\u0441\u043a\u043e\u0433\u043e - Chocolala\" \/>\n<meta property=\"og:description\" content=\"\u0423\u043a\u0440\u0430\u0448\u0435\u043d\u043d\u043e\u0435 \u0437\u043e\u043b\u043e\u0442\u043e\u043c \u0440\u0443\u0431\u0438\u043d\u043e\u0432\u043e\u0435 \u0448\u043e\u043a\u043e\u043b\u0430\u0434\u043d\u043e\u0435 \u0441\u0435\u0440\u0434\u0446\u0435 \u0441 6 \u043a\u043e\u043d\u0444\u0435\u0442\u0430\u043c\u0438 \u0448\u0430\u043c\u043f\u0430\u043d\u0441\u043a\u043e\u0433\u043e - All products, Best sellers, Chocolate boxes, Klientide lemmikud, K\u00f5ik tooted, Small boxes (2-9 chocolates), S\u00f5brap\u00e4ev, \u0160okolaadikarbid, V\u00e4iksed karbid (2-9 kommi), Valentine, \u0412\u0441\u044f \u043f\u0440\u043e\u0434\u0443\u043a\u0446\u0438\u044f, \u0414\u0435\u043d\u044c \u0441\u0432\u044f\u0442\u043e\u0433\u043e \u0412\u0430\u043b\u0435\u043d\u0442\u0438\u043d\u0430, \u041a\u043e\u0440\u043e\u0431\u043a\u0438 \u0448\u043e\u043a\u043e\u043b\u0430\u0434\u043d\u044b\u0445 \u043a\u043e\u043d\u0444\u0435\u0442, \u041b\u044e\u0431\u0438\u043c\u044b\u0439 \u0448\u043e\u043a\u043e\u043b\u0430\u0434 \u043d\u0430\u0448\u0438\u0445 \u043a\u043b\u0438\u0435\u043d\u0442\u043e\u0432, \u041c\u0430\u043b\u0435\u043d\u044c\u043a\u0438\u0435 \u043a\u043e\u0440\u043e\u0431\u043a\u0438 (2\u20139 \u043a\u043e\u043d\u0444\u0435\u0442). Chocolala\" \/>\n<meta property=\"og:url\" content=\"https:\/\/chocolala.ee\/ru\/product\/%d1%83%d0%ba%d1%80%d0%b0%d1%88%d0%b5%d0%bd%d0%bd%d0%be%d0%b5-%d0%b7%d0%be%d0%bb%d0%be%d1%82%d0%be%d0%bc-%d1%80%d1%83%d0%b1%d0%b8%d0%bd%d0%be%d0%b2%d0%be%d0%b5-%d1%88%d0%be%d0%ba%d0%be%d0%bb%d0%b0\/\" \/>\n<meta property=\"og:site_name\" content=\"Chocolala\" \/>\n<meta property=\"article:publisher\" content=\"https:\/\/www.facebook.com\/chocolalaestonia\" \/>\n<meta property=\"article:modified_time\" content=\"2026-02-11T10:57:04+00:00\" \/>\n<meta property=\"og:image\" content=\"https:\/\/chocolala.ee\/wp-content\/uploads\/2023\/01\/Gold-decorated-ruby-chocolate-heart-with-6-champagne-candies2-scaled.jpg\" \/>\n\t<meta property=\"og:image:width\" content=\"2560\" \/>\n\t<meta property=\"og:image:height\" content=\"2560\" \/>\n<meta name=\"twitter:card\" content=\"summary_large_image\" \/>\n<script type=\"application\/ld+json\" class=\"yoast-schema-graph\">{\"@context\":\"https:\/\/schema.org\",\"@graph\":[{\"@type\":\"Organization\",\"@id\":\"https:\/\/chocolala.ee\/ru\/#organization\",\"name\":\"Chocolala\",\"url\":\"https:\/\/chocolala.ee\/ru\/\",\"sameAs\":[\"https:\/\/www.facebook.com\/chocolalaestonia\",\"https:\/\/www.linkedin.com\/company\/chocolalaestonia\/\"],\"logo\":{\"@type\":\"ImageObject\",\"@id\":\"https:\/\/chocolala.ee\/ru\/#logo\",\"inLanguage\":\"ru-RU\",\"url\":\"https:\/\/chocolala.ee\/wp-content\/uploads\/2020\/09\/500_500.jpg\",\"width\":500,\"height\":500,\"caption\":\"Chocolala\"},\"image\":{\"@id\":\"https:\/\/chocolala.ee\/ru\/#logo\"}},{\"@type\":\"WebSite\",\"@id\":\"https:\/\/chocolala.ee\/ru\/#website\",\"url\":\"https:\/\/chocolala.ee\/ru\/\",\"name\":\"Chocolala\",\"description\":\"\",\"publisher\":{\"@id\":\"https:\/\/chocolala.ee\/ru\/#organization\"},\"potentialAction\":[{\"@type\":\"SearchAction\",\"target\":\"https:\/\/chocolala.ee\/ru\/?s={search_term_string}\",\"query-input\":\"required name=search_term_string\"}],\"inLanguage\":\"ru-RU\"},{\"@type\":\"ImageObject\",\"@id\":\"https:\/\/chocolala.ee\/ru\/product\/%d1%83%d0%ba%d1%80%d0%b0%d1%88%d0%b5%d0%bd%d0%bd%d0%be%d0%b5-%d0%b7%d0%be%d0%bb%d0%be%d1%82%d0%be%d0%bc-%d1%80%d1%83%d0%b1%d0%b8%d0%bd%d0%be%d0%b2%d0%be%d0%b5-%d1%88%d0%be%d0%ba%d0%be%d0%bb%d0%b0\/#primaryimage\",\"inLanguage\":\"ru-RU\",\"url\":\"https:\/\/chocolala.ee\/wp-content\/uploads\/2023\/01\/Gold-decorated-ruby-chocolate-heart-with-6-champagne-candies2-scaled.jpg\",\"width\":2560,\"height\":2560,\"caption\":\"Gold-decorated ruby chocolate heart with 6 champagne candies2\"},{\"@type\":[\"WebPage\",\"ItemPage\"],\"@id\":\"https:\/\/chocolala.ee\/ru\/product\/%d1%83%d0%ba%d1%80%d0%b0%d1%88%d0%b5%d0%bd%d0%bd%d0%be%d0%b5-%d0%b7%d0%be%d0%bb%d0%be%d1%82%d0%be%d0%bc-%d1%80%d1%83%d0%b1%d0%b8%d0%bd%d0%be%d0%b2%d0%be%d0%b5-%d1%88%d0%be%d0%ba%d0%be%d0%bb%d0%b0\/#webpage\",\"url\":\"https:\/\/chocolala.ee\/ru\/product\/%d1%83%d0%ba%d1%80%d0%b0%d1%88%d0%b5%d0%bd%d0%bd%d0%be%d0%b5-%d0%b7%d0%be%d0%bb%d0%be%d1%82%d0%be%d0%bc-%d1%80%d1%83%d0%b1%d0%b8%d0%bd%d0%be%d0%b2%d0%be%d0%b5-%d1%88%d0%be%d0%ba%d0%be%d0%bb%d0%b0\/\",\"name\":\"\\u0423\\u043a\\u0440\\u0430\\u0448\\u0435\\u043d\\u043d\\u043e\\u0435 \\u0437\\u043e\\u043b\\u043e\\u0442\\u043e\\u043c \\u0440\\u0443\\u0431\\u0438\\u043d\\u043e\\u0432\\u043e\\u0435 \\u0448\\u043e\\u043a\\u043e\\u043b\\u0430\\u0434\\u043d\\u043e\\u0435 \\u0441\\u0435\\u0440\\u0434\\u0446\\u0435 \\u0441 6 \\u043a\\u043e\\u043d\\u0444\\u0435\\u0442\\u0430\\u043c\\u0438 \\u0448\\u0430\\u043c\\u043f\\u0430\\u043d\\u0441\\u043a\\u043e\\u0433\\u043e - Chocolala\",\"isPartOf\":{\"@id\":\"https:\/\/chocolala.ee\/ru\/#website\"},\"primaryImageOfPage\":{\"@id\":\"https:\/\/chocolala.ee\/ru\/product\/%d1%83%d0%ba%d1%80%d0%b0%d1%88%d0%b5%d0%bd%d0%bd%d0%be%d0%b5-%d0%b7%d0%be%d0%bb%d0%be%d1%82%d0%be%d0%bc-%d1%80%d1%83%d0%b1%d0%b8%d0%bd%d0%be%d0%b2%d0%be%d0%b5-%d1%88%d0%be%d0%ba%d0%be%d0%bb%d0%b0\/#primaryimage\"},\"datePublished\":\"2023-01-17T10:24:40+00:00\",\"dateModified\":\"2026-02-11T10:57:04+00:00\",\"description\":\"\\u0423\\u043a\\u0440\\u0430\\u0448\\u0435\\u043d\\u043d\\u043e\\u0435 \\u0437\\u043e\\u043b\\u043e\\u0442\\u043e\\u043c \\u0440\\u0443\\u0431\\u0438\\u043d\\u043e\\u0432\\u043e\\u0435 \\u0448\\u043e\\u043a\\u043e\\u043b\\u0430\\u0434\\u043d\\u043e\\u0435 \\u0441\\u0435\\u0440\\u0434\\u0446\\u0435 \\u0441 6 \\u043a\\u043e\\u043d\\u0444\\u0435\\u0442\\u0430\\u043c\\u0438 \\u0448\\u0430\\u043c\\u043f\\u0430\\u043d\\u0441\\u043a\\u043e\\u0433\\u043e - All products, Best sellers, Chocolate boxes, Klientide lemmikud, K\\u00f5ik tooted, Small boxes (2-9 chocolates), S\\u00f5brap\\u00e4ev, \\u0160okolaadikarbid, V\\u00e4iksed karbid (2-9 kommi), Valentine, \\u0412\\u0441\\u044f \\u043f\\u0440\\u043e\\u0434\\u0443\\u043a\\u0446\\u0438\\u044f, \\u0414\\u0435\\u043d\\u044c \\u0441\\u0432\\u044f\\u0442\\u043e\\u0433\\u043e \\u0412\\u0430\\u043b\\u0435\\u043d\\u0442\\u0438\\u043d\\u0430, \\u041a\\u043e\\u0440\\u043e\\u0431\\u043a\\u0438 \\u0448\\u043e\\u043a\\u043e\\u043b\\u0430\\u0434\\u043d\\u044b\\u0445 \\u043a\\u043e\\u043d\\u0444\\u0435\\u0442, \\u041b\\u044e\\u0431\\u0438\\u043c\\u044b\\u0439 \\u0448\\u043e\\u043a\\u043e\\u043b\\u0430\\u0434 \\u043d\\u0430\\u0448\\u0438\\u0445 \\u043a\\u043b\\u0438\\u0435\\u043d\\u0442\\u043e\\u0432, \\u041c\\u0430\\u043b\\u0435\\u043d\\u044c\\u043a\\u0438\\u0435 \\u043a\\u043e\\u0440\\u043e\\u0431\\u043a\\u0438 (2\\u20139 \\u043a\\u043e\\u043d\\u0444\\u0435\\u0442). Chocolala\",\"inLanguage\":\"ru-RU\",\"potentialAction\":[{\"@type\":\"ReadAction\",\"target\":[\"https:\/\/chocolala.ee\/ru\/product\/%d1%83%d0%ba%d1%80%d0%b0%d1%88%d0%b5%d0%bd%d0%bd%d0%be%d0%b5-%d0%b7%d0%be%d0%bb%d0%be%d1%82%d0%be%d0%bc-%d1%80%d1%83%d0%b1%d0%b8%d0%bd%d0%be%d0%b2%d0%be%d0%b5-%d1%88%d0%be%d0%ba%d0%be%d0%bb%d0%b0\/\"]}]}]}<\/script>\n<!-- \/ Yoast SEO plugin. -->","_links":{"self":[{"href":"https:\/\/chocolala.ee\/ru\/wp-json\/wp\/v2\/product\/20765"}],"collection":[{"href":"https:\/\/chocolala.ee\/ru\/wp-json\/wp\/v2\/product"}],"about":[{"href":"https:\/\/chocolala.ee\/ru\/wp-json\/wp\/v2\/types\/product"}],"replies":[{"embeddable":true,"href":"https:\/\/chocolala.ee\/ru\/wp-json\/wp\/v2\/comments?post=20765"}],"wp:featuredmedia":[{"embeddable":true,"href":"https:\/\/chocolala.ee\/ru\/wp-json\/wp\/v2\/media\/20872"}],"wp:attachment":[{"href":"https:\/\/chocolala.ee\/ru\/wp-json\/wp\/v2\/media?parent=20765"}],"wp:term":[{"taxonomy":"product_cat","embeddable":true,"href":"https:\/\/chocolala.ee\/ru\/wp-json\/wp\/v2\/product_cat?post=20765"},{"taxonomy":"product_tag","embeddable":true,"href":"https:\/\/chocolala.ee\/ru\/wp-json\/wp\/v2\/product_tag?post=20765"},{"taxonomy":"features","embeddable":true,"href":"https:\/\/chocolala.ee\/ru\/wp-json\/wp\/v2\/features?post=20765"}],"curies":[{"name":"wp","href":"https:\/\/api.w.org\/{rel}","templated":true}]}}