{"id":21468,"date":"2023-02-15T13:32:36","date_gmt":"2023-02-15T10:32:36","guid":{"rendered":"https:\/\/chocolala.ee\/?post_type=product&#038;p=21468"},"modified":"2026-02-23T15:07:10","modified_gmt":"2026-02-23T12:07:10","slug":"%d0%ba%d0%be%d1%80%d0%be%d0%b1%d0%ba%d0%b0-%d0%ba%d0%be%d0%bd%d1%84%d0%b5%d1%82-%d1%81-%d0%b6%d0%b5%d0%bd%d1%81%d0%ba%d0%b8%d0%bc-%d0%b4%d0%bd%d0%b5%d0%bc-head-naistepaeva-%d0%b8-9-%d1%88%d0%be","status":"publish","type":"product","link":"https:\/\/chocolala.ee\/ru\/product\/%d0%ba%d0%be%d1%80%d0%be%d0%b1%d0%ba%d0%b0-%d0%ba%d0%be%d0%bd%d1%84%d0%b5%d1%82-%d1%81-%d0%b6%d0%b5%d0%bd%d1%81%d0%ba%d0%b8%d0%bc-%d0%b4%d0%bd%d0%b5%d0%bc-head-naistepaeva-%d0%b8-9-%d1%88%d0%be\/","title":{"rendered":"\u041a\u043e\u0440\u043e\u0431\u043a\u0430 \u043a\u043e\u043d\u0444\u0435\u0442 &#8211; \u0421 \u0436\u0435\u043d\u0441\u043a\u0438\u043c \u0434\u043d\u0435\u043c (Head Naistep\u00e4eva!) \u0438 9 \u0448\u043e\u043a\u043e\u043b\u0430\u0434\u043d\u044b\u043c\u0438 \u043a\u043e\u043d\u0444\u0435\u0442\u0430\u043c\u0438"},"content":{"rendered":"<p><br data-mce-bogus=\"1\"><\/p>\n","protected":false},"excerpt":{"rendered":"<p>\u0423 \u043d\u0430\u0441 \u0435\u0441\u0442\u044c \u044d\u0442\u0438 \u043a\u043e\u0440\u043e\u0431\u043a\u0438 \u0432 \u043e\u0433\u0440\u0430\u043d\u0438\u0447\u0435\u043d\u043d\u043e\u043c \u043a\u043e\u043b\u0438\u0447\u0435\u0441\u0442\u0432\u0435, 5 \u0440\u0430\u0437\u043b\u0438\u0447\u043d\u044b\u0445 \u0434\u0438\u0437\u0430\u0439\u043d\u043e\u0432. \u041c\u044b \u043c\u043e\u0436\u0435\u043c \u043e\u0442\u043f\u0440\u0430\u0432\u0438\u0442\u044c \u0432\u0430\u043c \u043e\u0434\u0438\u043d \u0438\u0437 \u044d\u0442\u0438\u0445 \u0434\u0438\u0437\u0430\u0439\u043d\u043e\u0432 \u043d\u0430 \u043d\u0430\u0448 \u0432\u044b\u0431\u043e\u0440, \u0432 \u0437\u0430\u0432\u0438\u0441\u0438\u043c\u043e\u0441\u0442\u0438 \u043e\u0442 \u0442\u043e\u0433\u043e, \u0447\u0442\u043e \u0434\u043e\u0441\u0442\u0443\u043f\u043d\u043e \u0432 \u0434\u0430\u043d\u043d\u044b\u0439 \u043c\u043e\u043c\u0435\u043d\u0442.<\/p>\n","protected":false},"featured_media":21471,"comment_status":"open","ping_status":"closed","template":"","meta":[],"product_cat":[71,101,89,72,102,90],"product_tag":[],"features":[],"brands":[],"yoast_head":"<!-- This site is optimized with the Yoast SEO plugin v14.9 - https:\/\/yoast.com\/wordpress\/plugins\/seo\/ -->\n<title>\u041a\u043e\u0440\u043e\u0431\u043a\u0430 \u043a\u043e\u043d\u0444\u0435\u0442 - \u0421 \u0436\u0435\u043d\u0441\u043a\u0438\u043c \u0434\u043d\u0435\u043c (Head Naistep\u00e4eva!) \u0438 9 \u0448\u043e\u043a\u043e\u043b\u0430\u0434\u043d\u044b\u043c\u0438 \u043a\u043e\u043d\u0444\u0435\u0442\u0430\u043c\u0438 - Chocolala<\/title>\n<meta name=\"description\" content=\"\u041a\u043e\u0440\u043e\u0431\u043a\u0430 \u043a\u043e\u043d\u0444\u0435\u0442 - \u0421 \u0436\u0435\u043d\u0441\u043a\u0438\u043c \u0434\u043d\u0435\u043c (Head Naistep\u00e4eva!) \u0438 9 \u0448\u043e\u043a\u043e\u043b\u0430\u0434\u043d\u044b\u043c\u0438 \u043a\u043e\u043d\u0444\u0435\u0442\u0430\u043c\u0438 - K\u00f5ik tooted, S\u00f5brale ja armsamale, V\u00e4iksed karbid (2-9 kommi), \u0412\u0441\u044f \u043f\u0440\u043e\u0434\u0443\u043a\u0446\u0438\u044f, \u0414\u0440\u0443\u0433\u0443 \u0438 \u043b\u044e\u0431\u0438\u043c\u043e\u043c\u0443 \u0447\u0435\u043b\u043e\u0432\u0435\u043a\u0443, \u041c\u0430\u043b\u0435\u043d\u044c\u043a\u0438\u0435 \u043a\u043e\u0440\u043e\u0431\u043a\u0438 (2\u20139 \u043a\u043e\u043d\u0444\u0435\u0442)- \u043c\u0438\u043d\u0438\u043c\u0430\u043b\u044c\u043d\u044b\u0439 \u0432\u0435\u0441 \u043d\u0435\u0442\u0442\u043e 80 \u0433\" \/>\n<meta name=\"robots\" content=\"index, follow, max-snippet:-1, max-image-preview:large, max-video-preview:-1\" \/>\n<link rel=\"canonical\" href=\"https:\/\/chocolala.ee\/ru\/product\/%d0%ba%d0%be%d1%80%d0%be%d0%b1%d0%ba%d0%b0-%d0%ba%d0%be%d0%bd%d1%84%d0%b5%d1%82-%d1%81-%d0%b6%d0%b5%d0%bd%d1%81%d0%ba%d0%b8%d0%bc-%d0%b4%d0%bd%d0%b5%d0%bc-head-naistepaeva-%d0%b8-9-%d1%88%d0%be\/\" \/>\n<meta property=\"og:locale\" content=\"ru_RU\" \/>\n<meta property=\"og:type\" content=\"article\" \/>\n<meta property=\"og:title\" content=\"\u041a\u043e\u0440\u043e\u0431\u043a\u0430 \u043a\u043e\u043d\u0444\u0435\u0442 - \u0421 \u0436\u0435\u043d\u0441\u043a\u0438\u043c \u0434\u043d\u0435\u043c (Head Naistep\u00e4eva!) \u0438 9 \u0448\u043e\u043a\u043e\u043b\u0430\u0434\u043d\u044b\u043c\u0438 \u043a\u043e\u043d\u0444\u0435\u0442\u0430\u043c\u0438 - Chocolala\" \/>\n<meta property=\"og:description\" content=\"\u041a\u043e\u0440\u043e\u0431\u043a\u0430 \u043a\u043e\u043d\u0444\u0435\u0442 - \u0421 \u0436\u0435\u043d\u0441\u043a\u0438\u043c \u0434\u043d\u0435\u043c (Head Naistep\u00e4eva!) \u0438 9 \u0448\u043e\u043a\u043e\u043b\u0430\u0434\u043d\u044b\u043c\u0438 \u043a\u043e\u043d\u0444\u0435\u0442\u0430\u043c\u0438 - K\u00f5ik tooted, S\u00f5brale ja armsamale, V\u00e4iksed karbid (2-9 kommi), \u0412\u0441\u044f \u043f\u0440\u043e\u0434\u0443\u043a\u0446\u0438\u044f, \u0414\u0440\u0443\u0433\u0443 \u0438 \u043b\u044e\u0431\u0438\u043c\u043e\u043c\u0443 \u0447\u0435\u043b\u043e\u0432\u0435\u043a\u0443, \u041c\u0430\u043b\u0435\u043d\u044c\u043a\u0438\u0435 \u043a\u043e\u0440\u043e\u0431\u043a\u0438 (2\u20139 \u043a\u043e\u043d\u0444\u0435\u0442)- \u043c\u0438\u043d\u0438\u043c\u0430\u043b\u044c\u043d\u044b\u0439 \u0432\u0435\u0441 \u043d\u0435\u0442\u0442\u043e 80 \u0433\" \/>\n<meta property=\"og:url\" content=\"https:\/\/chocolala.ee\/ru\/product\/%d0%ba%d0%be%d1%80%d0%be%d0%b1%d0%ba%d0%b0-%d0%ba%d0%be%d0%bd%d1%84%d0%b5%d1%82-%d1%81-%d0%b6%d0%b5%d0%bd%d1%81%d0%ba%d0%b8%d0%bc-%d0%b4%d0%bd%d0%b5%d0%bc-head-naistepaeva-%d0%b8-9-%d1%88%d0%be\/\" \/>\n<meta property=\"og:site_name\" content=\"Chocolala\" \/>\n<meta property=\"article:publisher\" content=\"https:\/\/www.facebook.com\/chocolalaestonia\" \/>\n<meta property=\"article:modified_time\" content=\"2026-02-23T12:07:10+00:00\" \/>\n<meta property=\"og:image\" content=\"https:\/\/chocolala.ee\/wp-content\/uploads\/2023\/02\/Naistepaev-2023.jpg\" \/>\n\t<meta property=\"og:image:width\" content=\"500\" \/>\n\t<meta property=\"og:image:height\" content=\"500\" \/>\n<meta name=\"twitter:card\" content=\"summary_large_image\" \/>\n<script type=\"application\/ld+json\" class=\"yoast-schema-graph\">{\"@context\":\"https:\/\/schema.org\",\"@graph\":[{\"@type\":\"Organization\",\"@id\":\"https:\/\/chocolala.ee\/ru\/#organization\",\"name\":\"Chocolala\",\"url\":\"https:\/\/chocolala.ee\/ru\/\",\"sameAs\":[\"https:\/\/www.facebook.com\/chocolalaestonia\",\"https:\/\/www.linkedin.com\/company\/chocolalaestonia\/\"],\"logo\":{\"@type\":\"ImageObject\",\"@id\":\"https:\/\/chocolala.ee\/ru\/#logo\",\"inLanguage\":\"ru-RU\",\"url\":\"https:\/\/chocolala.ee\/wp-content\/uploads\/2020\/09\/500_500.jpg\",\"width\":500,\"height\":500,\"caption\":\"Chocolala\"},\"image\":{\"@id\":\"https:\/\/chocolala.ee\/ru\/#logo\"}},{\"@type\":\"WebSite\",\"@id\":\"https:\/\/chocolala.ee\/ru\/#website\",\"url\":\"https:\/\/chocolala.ee\/ru\/\",\"name\":\"Chocolala\",\"description\":\"\",\"publisher\":{\"@id\":\"https:\/\/chocolala.ee\/ru\/#organization\"},\"potentialAction\":[{\"@type\":\"SearchAction\",\"target\":\"https:\/\/chocolala.ee\/ru\/?s={search_term_string}\",\"query-input\":\"required name=search_term_string\"}],\"inLanguage\":\"ru-RU\"},{\"@type\":\"ImageObject\",\"@id\":\"https:\/\/chocolala.ee\/ru\/product\/%d0%ba%d0%be%d1%80%d0%be%d0%b1%d0%ba%d0%b0-%d0%ba%d0%be%d0%bd%d1%84%d0%b5%d1%82-%d1%81-%d0%b6%d0%b5%d0%bd%d1%81%d0%ba%d0%b8%d0%bc-%d0%b4%d0%bd%d0%b5%d0%bc-head-naistepaeva-%d0%b8-9-%d1%88%d0%be\/#primaryimage\",\"inLanguage\":\"ru-RU\",\"url\":\"https:\/\/chocolala.ee\/wp-content\/uploads\/2023\/02\/Naistepaev-2023.jpg\",\"width\":500,\"height\":500,\"caption\":\"Women\\u00b4s day 2023\"},{\"@type\":[\"WebPage\",\"ItemPage\"],\"@id\":\"https:\/\/chocolala.ee\/ru\/product\/%d0%ba%d0%be%d1%80%d0%be%d0%b1%d0%ba%d0%b0-%d0%ba%d0%be%d0%bd%d1%84%d0%b5%d1%82-%d1%81-%d0%b6%d0%b5%d0%bd%d1%81%d0%ba%d0%b8%d0%bc-%d0%b4%d0%bd%d0%b5%d0%bc-head-naistepaeva-%d0%b8-9-%d1%88%d0%be\/#webpage\",\"url\":\"https:\/\/chocolala.ee\/ru\/product\/%d0%ba%d0%be%d1%80%d0%be%d0%b1%d0%ba%d0%b0-%d0%ba%d0%be%d0%bd%d1%84%d0%b5%d1%82-%d1%81-%d0%b6%d0%b5%d0%bd%d1%81%d0%ba%d0%b8%d0%bc-%d0%b4%d0%bd%d0%b5%d0%bc-head-naistepaeva-%d0%b8-9-%d1%88%d0%be\/\",\"name\":\"\\u041a\\u043e\\u0440\\u043e\\u0431\\u043a\\u0430 \\u043a\\u043e\\u043d\\u0444\\u0435\\u0442 - \\u0421 \\u0436\\u0435\\u043d\\u0441\\u043a\\u0438\\u043c \\u0434\\u043d\\u0435\\u043c (Head Naistep\\u00e4eva!) \\u0438 9 \\u0448\\u043e\\u043a\\u043e\\u043b\\u0430\\u0434\\u043d\\u044b\\u043c\\u0438 \\u043a\\u043e\\u043d\\u0444\\u0435\\u0442\\u0430\\u043c\\u0438 - Chocolala\",\"isPartOf\":{\"@id\":\"https:\/\/chocolala.ee\/ru\/#website\"},\"primaryImageOfPage\":{\"@id\":\"https:\/\/chocolala.ee\/ru\/product\/%d0%ba%d0%be%d1%80%d0%be%d0%b1%d0%ba%d0%b0-%d0%ba%d0%be%d0%bd%d1%84%d0%b5%d1%82-%d1%81-%d0%b6%d0%b5%d0%bd%d1%81%d0%ba%d0%b8%d0%bc-%d0%b4%d0%bd%d0%b5%d0%bc-head-naistepaeva-%d0%b8-9-%d1%88%d0%be\/#primaryimage\"},\"datePublished\":\"2023-02-15T10:32:36+00:00\",\"dateModified\":\"2026-02-23T12:07:10+00:00\",\"description\":\"\\u041a\\u043e\\u0440\\u043e\\u0431\\u043a\\u0430 \\u043a\\u043e\\u043d\\u0444\\u0435\\u0442 - \\u0421 \\u0436\\u0435\\u043d\\u0441\\u043a\\u0438\\u043c \\u0434\\u043d\\u0435\\u043c (Head Naistep\\u00e4eva!) \\u0438 9 \\u0448\\u043e\\u043a\\u043e\\u043b\\u0430\\u0434\\u043d\\u044b\\u043c\\u0438 \\u043a\\u043e\\u043d\\u0444\\u0435\\u0442\\u0430\\u043c\\u0438 - K\\u00f5ik tooted, S\\u00f5brale ja armsamale, V\\u00e4iksed karbid (2-9 kommi), \\u0412\\u0441\\u044f \\u043f\\u0440\\u043e\\u0434\\u0443\\u043a\\u0446\\u0438\\u044f, \\u0414\\u0440\\u0443\\u0433\\u0443 \\u0438 \\u043b\\u044e\\u0431\\u0438\\u043c\\u043e\\u043c\\u0443 \\u0447\\u0435\\u043b\\u043e\\u0432\\u0435\\u043a\\u0443, \\u041c\\u0430\\u043b\\u0435\\u043d\\u044c\\u043a\\u0438\\u0435 \\u043a\\u043e\\u0440\\u043e\\u0431\\u043a\\u0438 (2\\u20139 \\u043a\\u043e\\u043d\\u0444\\u0435\\u0442)- \\u043c\\u0438\\u043d\\u0438\\u043c\\u0430\\u043b\\u044c\\u043d\\u044b\\u0439 \\u0432\\u0435\\u0441 \\u043d\\u0435\\u0442\\u0442\\u043e 80 \\u0433\",\"inLanguage\":\"ru-RU\",\"potentialAction\":[{\"@type\":\"ReadAction\",\"target\":[\"https:\/\/chocolala.ee\/ru\/product\/%d0%ba%d0%be%d1%80%d0%be%d0%b1%d0%ba%d0%b0-%d0%ba%d0%be%d0%bd%d1%84%d0%b5%d1%82-%d1%81-%d0%b6%d0%b5%d0%bd%d1%81%d0%ba%d0%b8%d0%bc-%d0%b4%d0%bd%d0%b5%d0%bc-head-naistepaeva-%d0%b8-9-%d1%88%d0%be\/\"]}]}]}<\/script>\n<!-- \/ Yoast SEO plugin. -->","_links":{"self":[{"href":"https:\/\/chocolala.ee\/ru\/wp-json\/wp\/v2\/product\/21468"}],"collection":[{"href":"https:\/\/chocolala.ee\/ru\/wp-json\/wp\/v2\/product"}],"about":[{"href":"https:\/\/chocolala.ee\/ru\/wp-json\/wp\/v2\/types\/product"}],"replies":[{"embeddable":true,"href":"https:\/\/chocolala.ee\/ru\/wp-json\/wp\/v2\/comments?post=21468"}],"wp:featuredmedia":[{"embeddable":true,"href":"https:\/\/chocolala.ee\/ru\/wp-json\/wp\/v2\/media\/21471"}],"wp:attachment":[{"href":"https:\/\/chocolala.ee\/ru\/wp-json\/wp\/v2\/media?parent=21468"}],"wp:term":[{"taxonomy":"product_cat","embeddable":true,"href":"https:\/\/chocolala.ee\/ru\/wp-json\/wp\/v2\/product_cat?post=21468"},{"taxonomy":"product_tag","embeddable":true,"href":"https:\/\/chocolala.ee\/ru\/wp-json\/wp\/v2\/product_tag?post=21468"},{"taxonomy":"features","embeddable":true,"href":"https:\/\/chocolala.ee\/ru\/wp-json\/wp\/v2\/features?post=21468"}],"curies":[{"name":"wp","href":"https:\/\/api.w.org\/{rel}","templated":true}]}}