{"id":21493,"date":"2023-02-15T17:24:03","date_gmt":"2023-02-15T14:24:04","guid":{"rendered":"https:\/\/chocolala.ee\/?post_type=product&#038;p=21493"},"modified":"2025-05-06T11:29:29","modified_gmt":"2025-05-06T08:29:29","slug":"50-%d0%bc%d0%be%d0%bb%d0%be%d1%87%d0%bd%d1%8b%d0%b9-%d1%88%d0%be%d0%ba%d0%be%d0%bb%d0%b0%d0%b4-bean-to-bar-%d0%b8%d0%b7-%d0%bc%d0%b0%d0%b4%d0%b0%d0%b3%d0%b0%d1%81%d0%ba%d0%b0%d1%80%d1%81%d0%ba%d0%b8-2","status":"publish","type":"product","link":"https:\/\/chocolala.ee\/ru\/product\/50-%d0%bc%d0%be%d0%bb%d0%be%d1%87%d0%bd%d1%8b%d0%b9-%d1%88%d0%be%d0%ba%d0%be%d0%bb%d0%b0%d0%b4-bean-to-bar-%d0%b8%d0%b7-%d0%bc%d0%b0%d0%b4%d0%b0%d0%b3%d0%b0%d1%81%d0%ba%d0%b0%d1%80%d1%81%d0%ba%d0%b8-2\/","title":{"rendered":"50% \u041c\u043e\u043b\u043e\u0447\u043d\u044b\u0439 \u0448\u043e\u043a\u043e\u043b\u0430\u0434 bean to bar \u0438\u0437 \u043c\u0430\u0434\u0430\u0433\u0430\u0441\u043a\u0430\u0440\u0441\u043a\u0438\u0445 \u043a\u0430\u043a\u0430\u043e-\u0431\u043e\u0431\u043e\u0432 \u0441 \u043a\u043e\u0444\u0435"},"content":{"rendered":"<p><strong>\u041c\u0430\u0434\u0430\u0433\u0430\u0441\u043a\u0430\u0440 50%, \u043c\u043e\u043b\u043e\u0447\u043d\u044b\u0439 \u0448\u043e\u043a\u043e\u043b\u0430\u0434 \u0441 \u043a\u043e\u0444\u0435.<\/strong><br \/>\n\u041d\u0430\u0448\u0438 \u043c\u0430\u0434\u0430\u0433\u0430\u0441\u043a\u0430\u0440\u0441\u043a\u0438\u0435 \u043a\u0430\u043a\u0430\u043e-\u0431\u043e\u0431\u044b \u043f\u043e\u0441\u0442\u0443\u043f\u0430\u044e\u0442 \u0441 \u043e\u0440\u0433\u0430\u043d\u0438\u0447\u0435\u0441\u043a\u043e\u0439 \u043f\u043b\u0430\u043d\u0442\u0430\u0446\u0438\u0438 \u041e\u043a\u0435\u0441\u0441\u043e\u043d\u0430, \u0445\u043e\u0437\u044f\u0438\u043d \u043a\u043e\u0442\u043e\u0440\u043e\u0439 \u2013 \u0411\u0435\u0440\u0442\u0438\u043b \u041e\u043a\u0435\u0441\u0441\u043e\u043d \u2013 \u0441 \u0433\u043e\u0440\u0434\u043e\u0441\u0442\u044c\u044e \u043f\u0440\u043e\u0434\u043e\u043b\u0436\u0430\u0435\u0442 \u043d\u0430\u0441\u043b\u0435\u0434\u0438\u0435 \u043e\u0442\u0446\u0430, \u043f\u0440\u043e\u0438\u0437\u0432\u043e\u0434\u044f \u043a\u0430\u043a\u0430\u043e-\u0431\u043e\u0431\u044b \u043d\u0430\u0438\u043b\u0443\u0447\u0448\u0435\u0433\u043e \u0432\u043e\u0437\u043c\u043e\u0436\u043d\u043e\u0433\u043e \u043a\u0430\u0447\u0435\u0441\u0442\u0432\u0430. \u0412\u043b\u0430\u0434\u0435\u043d\u0438\u044f \u0440\u0430\u0441\u043f\u043e\u043b\u043e\u0436\u0435\u043d\u044b \u0432 \u043f\u043b\u043e\u0434\u043e\u0440\u043e\u0434\u043d\u043e\u0439 \u0434\u043e\u043b\u0438\u043d\u0435 \u0421\u0430\u043c\u0431\u0438\u0440\u0430\u043d\u043e \u0438, \u0432\u043c\u0435\u0441\u0442\u0435 \u0441 \u043f\u043b\u0430\u043d\u0442\u0430\u0446\u0438\u044f\u043c\u0438, \u043d\u0430 \u043a\u043e\u0442\u043e\u0440\u044b\u0445 \u0432\u043e\u0437\u0434\u0435\u043b\u044b\u0432\u0430\u044e\u0442\u0441\u044f \u043f\u0435\u0440\u0435\u0446 \u0438 \u043a\u043e\u0444\u0435, \u0437\u0430\u043d\u0438\u043c\u0430\u044e\u0442 2000 \u0433\u0435\u043a\u0442\u0430\u0440\u043e\u0432.<\/p>\n<p>\u041e\u0431\u044b\u0447\u043d\u043e \u043c\u043e\u043b\u043e\u0447\u043d\u044b\u0439 \u0448\u043e\u043a\u043e\u043b\u0430\u0434 \u0441\u043e\u0434\u0435\u0440\u0436\u0438\u0442 \u0433\u043e\u0440\u0430\u0437\u0434\u043e \u043c\u0435\u043d\u044c\u0448\u0438\u0439 \u043f\u0440\u043e\u0446\u0435\u043d\u0442 \u043a\u0430\u043a\u0430\u043e, \u043d\u043e \u043c\u044b \u0441\u0447\u0438\u0442\u0430\u0435\u043c, \u0447\u0442\u043e \u0438 \u043c\u043e\u043b\u043e\u0447\u043d\u044b\u0439 \u0448\u043e\u043a\u043e\u043b\u0430\u0434 \u2013 \u0432 \u043f\u0435\u0440\u0432\u0443\u044e \u043e\u0447\u0435\u0440\u0435\u0434\u044c \u0438\u043c\u0435\u043d\u043d\u043e \u0448\u043e\u043a\u043e\u043b\u0430\u0434. \u041a\u0430\u043a\u0430\u043e \u0434\u043e\u043b\u0436\u043d\u043e \u0441\u0442\u043e\u044f\u0442\u044c \u0432 \u043d\u0435\u043c \u043d\u0430 \u043f\u0435\u0440\u0432\u043e\u043c \u043c\u0435\u0441\u0442\u0435. \u0418\u043c\u0435\u043d\u043d\u043e \u043f\u043e\u044d\u0442\u043e\u043c\u0443 \u0432\u044b \u043d\u0435 \u043d\u0430\u0439\u0434\u0435\u0442\u0435 \u0443 \u043d\u0430\u0441 \u043c\u043e\u043b\u043e\u0447\u043d\u043e\u0433\u043e \u0448\u043e\u043a\u043e\u043b\u0430\u0434\u0430 \u0441 \u0441\u043e\u0434\u0435\u0440\u0436\u0430\u043d\u0438\u0435\u043c \u043a\u0430\u043a\u0430\u043e \u043c\u0435\u043d\u0435\u0435 50 \u043f\u0440\u043e\u0446\u0435\u043d\u0442\u043e\u0432.<\/p>\n","protected":false},"excerpt":{"rendered":"<p>\u041c\u0430\u0434\u0430\u0433\u0430\u0441\u043a\u0430\u0440 50%, \u043c\u043e\u043b\u043e\u0447\u043d\u044b\u0439 \u0448\u043e\u043a\u043e\u043b\u0430\u0434 \u0441 \u043a\u043e\u0444\u0435. \u041d\u0430\u0448\u0438 \u043c\u0430\u0434\u0430\u0433\u0430\u0441\u043a\u0430\u0440\u0441\u043a\u0438\u0435 \u043a\u0430\u043a\u0430\u043e-\u0431\u043e\u0431\u044b \u043f\u043e\u0441\u0442\u0443\u043f\u0430\u044e\u0442 \u0441 \u043e\u0440\u0433\u0430\u043d\u0438\u0447\u0435\u0441\u043a\u043e\u0439 \u043f\u043b\u0430\u043d\u0442\u0430\u0446\u0438\u0438 \u041e\u043a\u0435\u0441\u0441\u043e\u043d\u0430, \u0445\u043e\u0437\u044f\u0438\u043d \u043a\u043e\u0442\u043e\u0440\u043e\u0439 \u2013 \u0411\u0435\u0440\u0442\u0438\u043b \u041e\u043a\u0435\u0441\u0441\u043e\u043d \u2013 \u0441 \u0433\u043e\u0440\u0434\u043e\u0441\u0442\u044c\u044e \u043f\u0440\u043e\u0434\u043e\u043b\u0436\u0430\u0435\u0442 \u043d\u0430\u0441\u043b\u0435\u0434\u0438\u0435 \u043e\u0442\u0446\u0430, \u043f\u0440\u043e\u0438\u0437\u0432\u043e\u0434\u044f \u043a\u0430\u043a\u0430\u043e-\u0431\u043e\u0431\u044b \u043d\u0430\u0438\u043b\u0443\u0447\u0448\u0435\u0433\u043e \u0432\u043e\u0437\u043c\u043e\u0436\u043d\u043e\u0433\u043e \u043a\u0430\u0447\u0435\u0441\u0442\u0432\u0430. \u0412\u043b\u0430\u0434\u0435\u043d\u0438\u044f \u0440\u0430\u0441\u043f\u043e\u043b\u043e\u0436\u0435\u043d\u044b \u0432 \u043f\u043b\u043e\u0434\u043e\u0440\u043e\u0434\u043d\u043e\u0439 \u0434\u043e\u043b\u0438\u043d\u0435 \u0421\u0430\u043c\u0431\u0438\u0440\u0430\u043d\u043e \u0438, \u0432\u043c\u0435\u0441\u0442\u0435 \u0441 \u043f\u043b\u0430\u043d\u0442\u0430\u0446\u0438\u044f\u043c\u0438, \u043d\u0430 \u043a\u043e\u0442\u043e\u0440\u044b\u0445 \u0432\u043e\u0437\u0434\u0435\u043b\u044b\u0432\u0430\u044e\u0442\u0441\u044f \u043f\u0435\u0440\u0435\u0446 \u0438 \u043a\u043e\u0444\u0435, \u0437\u0430\u043d\u0438\u043c\u0430\u044e\u0442 2000 \u0433\u0435\u043a\u0442\u0430\u0440\u043e\u0432. \u041e\u0431\u044b\u0447\u043d\u043e \u043c\u043e\u043b\u043e\u0447\u043d\u044b\u0439 \u0448\u043e\u043a\u043e\u043b\u0430\u0434 \u0441\u043e\u0434\u0435\u0440\u0436\u0438\u0442 \u0433\u043e\u0440\u0430\u0437\u0434\u043e \u043c\u0435\u043d\u044c\u0448\u0438\u0439 [&hellip;]<\/p>\n","protected":false},"featured_media":21496,"comment_status":"open","ping_status":"closed","template":"","meta":[],"product_cat":[66,59,73,56,152,107,68,153,71,113,135,69,57,79,83,134,108,72,136,154,84,114,74,80],"product_tag":[],"features":[],"brands":[],"yoast_head":"<!-- This site is optimized with the Yoast SEO plugin v14.9 - https:\/\/yoast.com\/wordpress\/plugins\/seo\/ -->\n<title>50% \u041c\u043e\u043b\u043e\u0447\u043d\u044b\u0439 \u0448\u043e\u043a\u043e\u043b\u0430\u0434 bean to bar \u0438\u0437 \u043c\u0430\u0434\u0430\u0433\u0430\u0441\u043a\u0430\u0440\u0441\u043a\u0438\u0445 \u043a\u0430\u043a\u0430\u043e-\u0431\u043e\u0431\u043e\u0432 \u0441 \u043a\u043e\u0444\u0435 - Chocolala<\/title>\n<meta name=\"description\" content=\"50% \u041c\u043e\u043b\u043e\u0447\u043d\u044b\u0439 \u0448\u043e\u043a\u043e\u043b\u0430\u0434 bean to bar \u0438\u0437 \u043c\u0430\u0434\u0430\u0433\u0430\u0441\u043a\u0430\u0440\u0441\u043a\u0438\u0445 \u043a\u0430\u043a\u0430\u043e-\u0431\u043e\u0431\u043e\u0432 \u0441 \u043a\u043e\u0444\u0435 - All products, Bean to bar tablets, Bean to bar tahvlid (oast), Chocolate bars, Christmas, Gluteenivaba, Gluten free, J\u00f5uludeks, K\u00f5ik tooted, Mahe, Naistep\u00e4ev, Organic, Small bars, \u0160okolaaditahvlid, V\u00e4iksed tahvlid, Women&#039;s Day, \u0411\u0435\u0437 \u0433\u043b\u044e\u0442\u0435\u043d\u0430, \u0412\u0441\u044f \u043f\u0440\u043e\u0434\u0443\u043a\u0446\u0438\u044f, \u0416\u0435\u043d\u0441\u043a\u0438\u0439 \u0434\u0435\u043d\u044c, \u041a \u0420\u043e\u0436\u0434\u0435\u0441\u0442\u0432\u0443, \u041c\u0430\u043b\u0435\u043d\u044c\u043a\u0438\u0435 \u043f\u043b\u0438\u0442\u043a\u0438, \u041e\u0440\u0433\u0430\u043d\u0438\u0447\u0435\u0441\u043a\u0438\u0435 \u043f\u0440\u043e\u0434\u0443\u043a\u0442\u044b, \u041f\u043b\u0438\u0442\u043a\u0438 bean to bar (\u0438\u0437 \u043a\u0430\u043a\u0430\u043e-\u0431\u043e\u0431\u043e\u0432), \u041f\u043b\u0438\u0442\u043a\u0438 \u0448\u043e\u043a\u043e\u043b\u0430\u0434\u0430. Chocolala\" \/>\n<meta name=\"robots\" content=\"index, follow, max-snippet:-1, max-image-preview:large, max-video-preview:-1\" \/>\n<link rel=\"canonical\" href=\"https:\/\/chocolala.ee\/ru\/product\/50-%d0%bc%d0%be%d0%bb%d0%be%d1%87%d0%bd%d1%8b%d0%b9-%d1%88%d0%be%d0%ba%d0%be%d0%bb%d0%b0%d0%b4-bean-to-bar-%d0%b8%d0%b7-%d0%bc%d0%b0%d0%b4%d0%b0%d0%b3%d0%b0%d1%81%d0%ba%d0%b0%d1%80%d1%81%d0%ba%d0%b8-2\/\" \/>\n<meta property=\"og:locale\" content=\"ru_RU\" \/>\n<meta property=\"og:type\" content=\"article\" \/>\n<meta property=\"og:title\" content=\"50% \u041c\u043e\u043b\u043e\u0447\u043d\u044b\u0439 \u0448\u043e\u043a\u043e\u043b\u0430\u0434 bean to bar \u0438\u0437 \u043c\u0430\u0434\u0430\u0433\u0430\u0441\u043a\u0430\u0440\u0441\u043a\u0438\u0445 \u043a\u0430\u043a\u0430\u043e-\u0431\u043e\u0431\u043e\u0432 \u0441 \u043a\u043e\u0444\u0435 - Chocolala\" \/>\n<meta property=\"og:description\" content=\"50% \u041c\u043e\u043b\u043e\u0447\u043d\u044b\u0439 \u0448\u043e\u043a\u043e\u043b\u0430\u0434 bean to bar \u0438\u0437 \u043c\u0430\u0434\u0430\u0433\u0430\u0441\u043a\u0430\u0440\u0441\u043a\u0438\u0445 \u043a\u0430\u043a\u0430\u043e-\u0431\u043e\u0431\u043e\u0432 \u0441 \u043a\u043e\u0444\u0435 - All products, Bean to bar tablets, Bean to bar tahvlid (oast), Chocolate bars, Christmas, Gluteenivaba, Gluten free, J\u00f5uludeks, K\u00f5ik tooted, Mahe, Naistep\u00e4ev, Organic, Small bars, \u0160okolaaditahvlid, V\u00e4iksed tahvlid, Women&#039;s Day, \u0411\u0435\u0437 \u0433\u043b\u044e\u0442\u0435\u043d\u0430, \u0412\u0441\u044f \u043f\u0440\u043e\u0434\u0443\u043a\u0446\u0438\u044f, \u0416\u0435\u043d\u0441\u043a\u0438\u0439 \u0434\u0435\u043d\u044c, \u041a \u0420\u043e\u0436\u0434\u0435\u0441\u0442\u0432\u0443, \u041c\u0430\u043b\u0435\u043d\u044c\u043a\u0438\u0435 \u043f\u043b\u0438\u0442\u043a\u0438, \u041e\u0440\u0433\u0430\u043d\u0438\u0447\u0435\u0441\u043a\u0438\u0435 \u043f\u0440\u043e\u0434\u0443\u043a\u0442\u044b, \u041f\u043b\u0438\u0442\u043a\u0438 bean to bar (\u0438\u0437 \u043a\u0430\u043a\u0430\u043e-\u0431\u043e\u0431\u043e\u0432), \u041f\u043b\u0438\u0442\u043a\u0438 \u0448\u043e\u043a\u043e\u043b\u0430\u0434\u0430. Chocolala\" \/>\n<meta property=\"og:url\" content=\"https:\/\/chocolala.ee\/ru\/product\/50-%d0%bc%d0%be%d0%bb%d0%be%d1%87%d0%bd%d1%8b%d0%b9-%d1%88%d0%be%d0%ba%d0%be%d0%bb%d0%b0%d0%b4-bean-to-bar-%d0%b8%d0%b7-%d0%bc%d0%b0%d0%b4%d0%b0%d0%b3%d0%b0%d1%81%d0%ba%d0%b0%d1%80%d1%81%d0%ba%d0%b8-2\/\" \/>\n<meta property=\"og:site_name\" content=\"Chocolala\" \/>\n<meta property=\"article:publisher\" content=\"https:\/\/www.facebook.com\/chocolalaestonia\" \/>\n<meta property=\"article:modified_time\" content=\"2025-05-06T08:29:29+00:00\" \/>\n<meta property=\"og:image\" content=\"https:\/\/chocolala.ee\/wp-content\/uploads\/2023\/02\/Madagaskar-bean-to-bar-piimasokolaad-kohviga-Madagascar-bean-to-bar-milk-chocolate-with-coffee.jpg\" \/>\n\t<meta property=\"og:image:width\" content=\"1500\" \/>\n\t<meta property=\"og:image:height\" content=\"1500\" \/>\n<meta name=\"twitter:card\" content=\"summary_large_image\" \/>\n<script type=\"application\/ld+json\" class=\"yoast-schema-graph\">{\"@context\":\"https:\/\/schema.org\",\"@graph\":[{\"@type\":\"Organization\",\"@id\":\"https:\/\/chocolala.ee\/ru\/#organization\",\"name\":\"Chocolala\",\"url\":\"https:\/\/chocolala.ee\/ru\/\",\"sameAs\":[\"https:\/\/www.facebook.com\/chocolalaestonia\",\"https:\/\/www.linkedin.com\/company\/chocolalaestonia\/\"],\"logo\":{\"@type\":\"ImageObject\",\"@id\":\"https:\/\/chocolala.ee\/ru\/#logo\",\"inLanguage\":\"ru-RU\",\"url\":\"https:\/\/chocolala.ee\/wp-content\/uploads\/2020\/09\/500_500.jpg\",\"width\":500,\"height\":500,\"caption\":\"Chocolala\"},\"image\":{\"@id\":\"https:\/\/chocolala.ee\/ru\/#logo\"}},{\"@type\":\"WebSite\",\"@id\":\"https:\/\/chocolala.ee\/ru\/#website\",\"url\":\"https:\/\/chocolala.ee\/ru\/\",\"name\":\"Chocolala\",\"description\":\"\",\"publisher\":{\"@id\":\"https:\/\/chocolala.ee\/ru\/#organization\"},\"potentialAction\":[{\"@type\":\"SearchAction\",\"target\":\"https:\/\/chocolala.ee\/ru\/?s={search_term_string}\",\"query-input\":\"required name=search_term_string\"}],\"inLanguage\":\"ru-RU\"},{\"@type\":\"ImageObject\",\"@id\":\"https:\/\/chocolala.ee\/ru\/product\/50-%d0%bc%d0%be%d0%bb%d0%be%d1%87%d0%bd%d1%8b%d0%b9-%d1%88%d0%be%d0%ba%d0%be%d0%bb%d0%b0%d0%b4-bean-to-bar-%d0%b8%d0%b7-%d0%bc%d0%b0%d0%b4%d0%b0%d0%b3%d0%b0%d1%81%d0%ba%d0%b0%d1%80%d1%81%d0%ba%d0%b8-2\/#primaryimage\",\"inLanguage\":\"ru-RU\",\"url\":\"https:\/\/chocolala.ee\/wp-content\/uploads\/2023\/02\/Madagaskar-bean-to-bar-piimasokolaad-kohviga-Madagascar-bean-to-bar-milk-chocolate-with-coffee.jpg\",\"width\":1500,\"height\":1500},{\"@type\":[\"WebPage\",\"ItemPage\"],\"@id\":\"https:\/\/chocolala.ee\/ru\/product\/50-%d0%bc%d0%be%d0%bb%d0%be%d1%87%d0%bd%d1%8b%d0%b9-%d1%88%d0%be%d0%ba%d0%be%d0%bb%d0%b0%d0%b4-bean-to-bar-%d0%b8%d0%b7-%d0%bc%d0%b0%d0%b4%d0%b0%d0%b3%d0%b0%d1%81%d0%ba%d0%b0%d1%80%d1%81%d0%ba%d0%b8-2\/#webpage\",\"url\":\"https:\/\/chocolala.ee\/ru\/product\/50-%d0%bc%d0%be%d0%bb%d0%be%d1%87%d0%bd%d1%8b%d0%b9-%d1%88%d0%be%d0%ba%d0%be%d0%bb%d0%b0%d0%b4-bean-to-bar-%d0%b8%d0%b7-%d0%bc%d0%b0%d0%b4%d0%b0%d0%b3%d0%b0%d1%81%d0%ba%d0%b0%d1%80%d1%81%d0%ba%d0%b8-2\/\",\"name\":\"50% \\u041c\\u043e\\u043b\\u043e\\u0447\\u043d\\u044b\\u0439 \\u0448\\u043e\\u043a\\u043e\\u043b\\u0430\\u0434 bean to bar \\u0438\\u0437 \\u043c\\u0430\\u0434\\u0430\\u0433\\u0430\\u0441\\u043a\\u0430\\u0440\\u0441\\u043a\\u0438\\u0445 \\u043a\\u0430\\u043a\\u0430\\u043e-\\u0431\\u043e\\u0431\\u043e\\u0432 \\u0441 \\u043a\\u043e\\u0444\\u0435 - Chocolala\",\"isPartOf\":{\"@id\":\"https:\/\/chocolala.ee\/ru\/#website\"},\"primaryImageOfPage\":{\"@id\":\"https:\/\/chocolala.ee\/ru\/product\/50-%d0%bc%d0%be%d0%bb%d0%be%d1%87%d0%bd%d1%8b%d0%b9-%d1%88%d0%be%d0%ba%d0%be%d0%bb%d0%b0%d0%b4-bean-to-bar-%d0%b8%d0%b7-%d0%bc%d0%b0%d0%b4%d0%b0%d0%b3%d0%b0%d1%81%d0%ba%d0%b0%d1%80%d1%81%d0%ba%d0%b8-2\/#primaryimage\"},\"datePublished\":\"2023-02-15T14:24:04+00:00\",\"dateModified\":\"2025-05-06T08:29:29+00:00\",\"description\":\"50% \\u041c\\u043e\\u043b\\u043e\\u0447\\u043d\\u044b\\u0439 \\u0448\\u043e\\u043a\\u043e\\u043b\\u0430\\u0434 bean to bar \\u0438\\u0437 \\u043c\\u0430\\u0434\\u0430\\u0433\\u0430\\u0441\\u043a\\u0430\\u0440\\u0441\\u043a\\u0438\\u0445 \\u043a\\u0430\\u043a\\u0430\\u043e-\\u0431\\u043e\\u0431\\u043e\\u0432 \\u0441 \\u043a\\u043e\\u0444\\u0435 - All products, Bean to bar tablets, Bean to bar tahvlid (oast), Chocolate bars, Christmas, Gluteenivaba, Gluten free, J\\u00f5uludeks, K\\u00f5ik tooted, Mahe, Naistep\\u00e4ev, Organic, Small bars, \\u0160okolaaditahvlid, V\\u00e4iksed tahvlid, Women's Day, \\u0411\\u0435\\u0437 \\u0433\\u043b\\u044e\\u0442\\u0435\\u043d\\u0430, \\u0412\\u0441\\u044f \\u043f\\u0440\\u043e\\u0434\\u0443\\u043a\\u0446\\u0438\\u044f, \\u0416\\u0435\\u043d\\u0441\\u043a\\u0438\\u0439 \\u0434\\u0435\\u043d\\u044c, \\u041a \\u0420\\u043e\\u0436\\u0434\\u0435\\u0441\\u0442\\u0432\\u0443, \\u041c\\u0430\\u043b\\u0435\\u043d\\u044c\\u043a\\u0438\\u0435 \\u043f\\u043b\\u0438\\u0442\\u043a\\u0438, \\u041e\\u0440\\u0433\\u0430\\u043d\\u0438\\u0447\\u0435\\u0441\\u043a\\u0438\\u0435 \\u043f\\u0440\\u043e\\u0434\\u0443\\u043a\\u0442\\u044b, \\u041f\\u043b\\u0438\\u0442\\u043a\\u0438 bean to bar (\\u0438\\u0437 \\u043a\\u0430\\u043a\\u0430\\u043e-\\u0431\\u043e\\u0431\\u043e\\u0432), \\u041f\\u043b\\u0438\\u0442\\u043a\\u0438 \\u0448\\u043e\\u043a\\u043e\\u043b\\u0430\\u0434\\u0430. Chocolala\",\"inLanguage\":\"ru-RU\",\"potentialAction\":[{\"@type\":\"ReadAction\",\"target\":[\"https:\/\/chocolala.ee\/ru\/product\/50-%d0%bc%d0%be%d0%bb%d0%be%d1%87%d0%bd%d1%8b%d0%b9-%d1%88%d0%be%d0%ba%d0%be%d0%bb%d0%b0%d0%b4-bean-to-bar-%d0%b8%d0%b7-%d0%bc%d0%b0%d0%b4%d0%b0%d0%b3%d0%b0%d1%81%d0%ba%d0%b0%d1%80%d1%81%d0%ba%d0%b8-2\/\"]}]}]}<\/script>\n<!-- \/ Yoast SEO plugin. -->","_links":{"self":[{"href":"https:\/\/chocolala.ee\/ru\/wp-json\/wp\/v2\/product\/21493"}],"collection":[{"href":"https:\/\/chocolala.ee\/ru\/wp-json\/wp\/v2\/product"}],"about":[{"href":"https:\/\/chocolala.ee\/ru\/wp-json\/wp\/v2\/types\/product"}],"replies":[{"embeddable":true,"href":"https:\/\/chocolala.ee\/ru\/wp-json\/wp\/v2\/comments?post=21493"}],"wp:featuredmedia":[{"embeddable":true,"href":"https:\/\/chocolala.ee\/ru\/wp-json\/wp\/v2\/media\/21496"}],"wp:attachment":[{"href":"https:\/\/chocolala.ee\/ru\/wp-json\/wp\/v2\/media?parent=21493"}],"wp:term":[{"taxonomy":"product_cat","embeddable":true,"href":"https:\/\/chocolala.ee\/ru\/wp-json\/wp\/v2\/product_cat?post=21493"},{"taxonomy":"product_tag","embeddable":true,"href":"https:\/\/chocolala.ee\/ru\/wp-json\/wp\/v2\/product_tag?post=21493"},{"taxonomy":"features","embeddable":true,"href":"https:\/\/chocolala.ee\/ru\/wp-json\/wp\/v2\/features?post=21493"}],"curies":[{"name":"wp","href":"https:\/\/api.w.org\/{rel}","templated":true}]}}