{"id":2201,"date":"2020-08-07T15:31:42","date_gmt":"2020-08-07T12:31:42","guid":{"rendered":"https:\/\/chocolala.ee\/product\/nebolshaya-plitka-belogo-shokolada-s-pozdravleniem-blizkomu-cheloveku-palju-onne-sulle\/"},"modified":"2020-08-07T15:31:42","modified_gmt":"2020-08-07T12:31:42","slug":"nebolshaya-plitka-belogo-shokolada-s-pozdravleniem-blizkomu-cheloveku-palju-onne-sulle","status":"publish","type":"product","link":"https:\/\/chocolala.ee\/ru\/product\/nebolshaya-plitka-belogo-shokolada-s-pozdravleniem-blizkomu-cheloveku-palju-onne-sulle\/","title":{"rendered":"\u041d\u0435\u0431\u043e\u043b\u044c\u0448\u0430\u044f \u043f\u043b\u0438\u0442\u043a\u0430 \u0431\u0435\u043b\u043e\u0433\u043e \u0448\u043e\u043a\u043e\u043b\u0430\u0434\u0430 \u0441 \u043f\u043e\u0437\u0434\u0440\u0430\u0432\u043b\u0435\u043d\u0438\u0435\u043c \u0431\u043b\u0438\u0437\u043a\u043e\u043c\u0443 \u0447\u0435\u043b\u043e\u0432\u0435\u043a\u0443 \u2013 Palju \u00f5nne sulle"},"content":{"rendered":"<p>&nbsp;<\/p>\n","protected":false},"excerpt":{"rendered":"<p>&nbsp;<\/p>\n","protected":false},"featured_media":2197,"comment_status":"open","ping_status":"closed","template":"","meta":[],"product_cat":[72,78],"product_tag":[],"features":[],"brands":[],"yoast_head":"<!-- This site is optimized with the Yoast SEO plugin v14.9 - https:\/\/yoast.com\/wordpress\/plugins\/seo\/ -->\n<title>\u041d\u0435\u0431\u043e\u043b\u044c\u0448\u0430\u044f \u043f\u043b\u0438\u0442\u043a\u0430 \u0431\u0435\u043b\u043e\u0433\u043e \u0448\u043e\u043a\u043e\u043b\u0430\u0434\u0430 \u0441 \u043f\u043e\u0437\u0434\u0440\u0430\u0432\u043b\u0435\u043d\u0438\u0435\u043c \u0431\u043b\u0438\u0437\u043a\u043e\u043c\u0443 \u0447\u0435\u043b\u043e\u0432\u0435\u043a\u0443 \u2013 Palju \u00f5nne sulle - Chocolala<\/title>\n<meta name=\"description\" content=\"\u041d\u0435\u0431\u043e\u043b\u044c\u0448\u0430\u044f \u043f\u043b\u0438\u0442\u043a\u0430 \u0431\u0435\u043b\u043e\u0433\u043e \u0448\u043e\u043a\u043e\u043b\u0430\u0434\u0430 \u0441 \u043f\u043e\u0437\u0434\u0440\u0430\u0432\u043b\u0435\u043d\u0438\u0435\u043c \u0431\u043b\u0438\u0437\u043a\u043e\u043c\u0443 \u0447\u0435\u043b\u043e\u0432\u0435\u043a\u0443 \u2013 Palju \u00f5nne sulle - \u0412\u0441\u044f \u043f\u0440\u043e\u0434\u0443\u043a\u0446\u0438\u044f, \u041a\u043e \u0434\u043d\u044e \u0440\u043e\u0436\u0434\u0435\u043d\u0438\u044f. Chocolala\" \/>\n<meta name=\"robots\" content=\"index, follow, max-snippet:-1, max-image-preview:large, max-video-preview:-1\" \/>\n<link rel=\"canonical\" href=\"https:\/\/chocolala.ee\/ru\/product\/nebolshaya-plitka-belogo-shokolada-s-pozdravleniem-blizkomu-cheloveku-palju-onne-sulle\/\" \/>\n<meta property=\"og:locale\" content=\"ru_RU\" \/>\n<meta property=\"og:type\" content=\"article\" \/>\n<meta property=\"og:title\" content=\"\u041d\u0435\u0431\u043e\u043b\u044c\u0448\u0430\u044f \u043f\u043b\u0438\u0442\u043a\u0430 \u0431\u0435\u043b\u043e\u0433\u043e \u0448\u043e\u043a\u043e\u043b\u0430\u0434\u0430 \u0441 \u043f\u043e\u0437\u0434\u0440\u0430\u0432\u043b\u0435\u043d\u0438\u0435\u043c \u0431\u043b\u0438\u0437\u043a\u043e\u043c\u0443 \u0447\u0435\u043b\u043e\u0432\u0435\u043a\u0443 \u2013 Palju \u00f5nne sulle - Chocolala\" \/>\n<meta property=\"og:description\" content=\"\u041d\u0435\u0431\u043e\u043b\u044c\u0448\u0430\u044f \u043f\u043b\u0438\u0442\u043a\u0430 \u0431\u0435\u043b\u043e\u0433\u043e \u0448\u043e\u043a\u043e\u043b\u0430\u0434\u0430 \u0441 \u043f\u043e\u0437\u0434\u0440\u0430\u0432\u043b\u0435\u043d\u0438\u0435\u043c \u0431\u043b\u0438\u0437\u043a\u043e\u043c\u0443 \u0447\u0435\u043b\u043e\u0432\u0435\u043a\u0443 \u2013 Palju \u00f5nne sulle - \u0412\u0441\u044f \u043f\u0440\u043e\u0434\u0443\u043a\u0446\u0438\u044f, \u041a\u043e \u0434\u043d\u044e \u0440\u043e\u0436\u0434\u0435\u043d\u0438\u044f. Chocolala\" \/>\n<meta property=\"og:url\" content=\"https:\/\/chocolala.ee\/ru\/product\/nebolshaya-plitka-belogo-shokolada-s-pozdravleniem-blizkomu-cheloveku-palju-onne-sulle\/\" \/>\n<meta property=\"og:site_name\" content=\"Chocolala\" \/>\n<meta property=\"article:publisher\" content=\"https:\/\/www.facebook.com\/chocolalaestonia\" \/>\n<meta property=\"og:image\" content=\"https:\/\/chocolala.ee\/wp-content\/uploads\/2020\/08\/V\u00e4ike-valgest-\u0161okolaadist-tahvel-Palju-\u00f5nne-sulle.-Small-white-chocolate-tablet-Palju-\u00f5nne-sulle-scaled.jpg\" \/>\n\t<meta property=\"og:image:width\" content=\"2560\" \/>\n\t<meta property=\"og:image:height\" content=\"2560\" \/>\n<meta name=\"twitter:card\" content=\"summary_large_image\" \/>\n<script type=\"application\/ld+json\" class=\"yoast-schema-graph\">{\"@context\":\"https:\/\/schema.org\",\"@graph\":[{\"@type\":\"Organization\",\"@id\":\"https:\/\/chocolala.ee\/ru\/#organization\",\"name\":\"Chocolala\",\"url\":\"https:\/\/chocolala.ee\/ru\/\",\"sameAs\":[\"https:\/\/www.facebook.com\/chocolalaestonia\",\"https:\/\/www.linkedin.com\/company\/chocolalaestonia\/\"],\"logo\":{\"@type\":\"ImageObject\",\"@id\":\"https:\/\/chocolala.ee\/ru\/#logo\",\"inLanguage\":\"ru-RU\",\"url\":\"https:\/\/chocolala.ee\/wp-content\/uploads\/2020\/09\/500_500.jpg\",\"width\":500,\"height\":500,\"caption\":\"Chocolala\"},\"image\":{\"@id\":\"https:\/\/chocolala.ee\/ru\/#logo\"}},{\"@type\":\"WebSite\",\"@id\":\"https:\/\/chocolala.ee\/ru\/#website\",\"url\":\"https:\/\/chocolala.ee\/ru\/\",\"name\":\"Chocolala\",\"description\":\"\",\"publisher\":{\"@id\":\"https:\/\/chocolala.ee\/ru\/#organization\"},\"potentialAction\":[{\"@type\":\"SearchAction\",\"target\":\"https:\/\/chocolala.ee\/ru\/?s={search_term_string}\",\"query-input\":\"required name=search_term_string\"}],\"inLanguage\":\"ru-RU\"},{\"@type\":\"ImageObject\",\"@id\":\"https:\/\/chocolala.ee\/ru\/product\/nebolshaya-plitka-belogo-shokolada-s-pozdravleniem-blizkomu-cheloveku-palju-onne-sulle\/#primaryimage\",\"inLanguage\":\"ru-RU\",\"url\":\"https:\/\/chocolala.ee\/wp-content\/uploads\/2020\/08\/V\\u00e4ike-valgest-\\u0161okolaadist-tahvel-Palju-\\u00f5nne-sulle.-Small-white-chocolate-tablet-Palju-\\u00f5nne-sulle-scaled.jpg\",\"width\":2560,\"height\":2560},{\"@type\":[\"WebPage\",\"ItemPage\"],\"@id\":\"https:\/\/chocolala.ee\/ru\/product\/nebolshaya-plitka-belogo-shokolada-s-pozdravleniem-blizkomu-cheloveku-palju-onne-sulle\/#webpage\",\"url\":\"https:\/\/chocolala.ee\/ru\/product\/nebolshaya-plitka-belogo-shokolada-s-pozdravleniem-blizkomu-cheloveku-palju-onne-sulle\/\",\"name\":\"\\u041d\\u0435\\u0431\\u043e\\u043b\\u044c\\u0448\\u0430\\u044f \\u043f\\u043b\\u0438\\u0442\\u043a\\u0430 \\u0431\\u0435\\u043b\\u043e\\u0433\\u043e \\u0448\\u043e\\u043a\\u043e\\u043b\\u0430\\u0434\\u0430 \\u0441 \\u043f\\u043e\\u0437\\u0434\\u0440\\u0430\\u0432\\u043b\\u0435\\u043d\\u0438\\u0435\\u043c \\u0431\\u043b\\u0438\\u0437\\u043a\\u043e\\u043c\\u0443 \\u0447\\u0435\\u043b\\u043e\\u0432\\u0435\\u043a\\u0443 \\u2013 Palju \\u00f5nne sulle - Chocolala\",\"isPartOf\":{\"@id\":\"https:\/\/chocolala.ee\/ru\/#website\"},\"primaryImageOfPage\":{\"@id\":\"https:\/\/chocolala.ee\/ru\/product\/nebolshaya-plitka-belogo-shokolada-s-pozdravleniem-blizkomu-cheloveku-palju-onne-sulle\/#primaryimage\"},\"datePublished\":\"2020-08-07T12:31:42+00:00\",\"dateModified\":\"2020-08-07T12:31:42+00:00\",\"description\":\"\\u041d\\u0435\\u0431\\u043e\\u043b\\u044c\\u0448\\u0430\\u044f \\u043f\\u043b\\u0438\\u0442\\u043a\\u0430 \\u0431\\u0435\\u043b\\u043e\\u0433\\u043e \\u0448\\u043e\\u043a\\u043e\\u043b\\u0430\\u0434\\u0430 \\u0441 \\u043f\\u043e\\u0437\\u0434\\u0440\\u0430\\u0432\\u043b\\u0435\\u043d\\u0438\\u0435\\u043c \\u0431\\u043b\\u0438\\u0437\\u043a\\u043e\\u043c\\u0443 \\u0447\\u0435\\u043b\\u043e\\u0432\\u0435\\u043a\\u0443 \\u2013 Palju \\u00f5nne sulle - \\u0412\\u0441\\u044f \\u043f\\u0440\\u043e\\u0434\\u0443\\u043a\\u0446\\u0438\\u044f, \\u041a\\u043e \\u0434\\u043d\\u044e \\u0440\\u043e\\u0436\\u0434\\u0435\\u043d\\u0438\\u044f. Chocolala\",\"inLanguage\":\"ru-RU\",\"potentialAction\":[{\"@type\":\"ReadAction\",\"target\":[\"https:\/\/chocolala.ee\/ru\/product\/nebolshaya-plitka-belogo-shokolada-s-pozdravleniem-blizkomu-cheloveku-palju-onne-sulle\/\"]}]}]}<\/script>\n<!-- \/ Yoast SEO plugin. -->","_links":{"self":[{"href":"https:\/\/chocolala.ee\/ru\/wp-json\/wp\/v2\/product\/2201"}],"collection":[{"href":"https:\/\/chocolala.ee\/ru\/wp-json\/wp\/v2\/product"}],"about":[{"href":"https:\/\/chocolala.ee\/ru\/wp-json\/wp\/v2\/types\/product"}],"replies":[{"embeddable":true,"href":"https:\/\/chocolala.ee\/ru\/wp-json\/wp\/v2\/comments?post=2201"}],"wp:featuredmedia":[{"embeddable":true,"href":"https:\/\/chocolala.ee\/ru\/wp-json\/wp\/v2\/media\/2197"}],"wp:attachment":[{"href":"https:\/\/chocolala.ee\/ru\/wp-json\/wp\/v2\/media?parent=2201"}],"wp:term":[{"taxonomy":"product_cat","embeddable":true,"href":"https:\/\/chocolala.ee\/ru\/wp-json\/wp\/v2\/product_cat?post=2201"},{"taxonomy":"product_tag","embeddable":true,"href":"https:\/\/chocolala.ee\/ru\/wp-json\/wp\/v2\/product_tag?post=2201"},{"taxonomy":"features","embeddable":true,"href":"https:\/\/chocolala.ee\/ru\/wp-json\/wp\/v2\/features?post=2201"}],"curies":[{"name":"wp","href":"https:\/\/api.w.org\/{rel}","templated":true}]}}