{"id":2230,"date":"2020-08-07T15:46:38","date_gmt":"2020-08-07T12:46:38","guid":{"rendered":"https:\/\/chocolala.ee\/product\/shokoladnaya-ramka-dlya-fotografii-s-pozdravleniem-palju-onne\/"},"modified":"2020-08-07T15:46:38","modified_gmt":"2020-08-07T12:46:38","slug":"shokoladnaya-ramka-dlya-fotografii-s-pozdravleniem-palju-onne","status":"publish","type":"product","link":"https:\/\/chocolala.ee\/ru\/product\/shokoladnaya-ramka-dlya-fotografii-s-pozdravleniem-palju-onne\/","title":{"rendered":"\u0428\u043e\u043a\u043e\u043b\u0430\u0434\u043d\u0430\u044f \u0440\u0430\u043c\u043a\u0430 \u0434\u043b\u044f \u0444\u043e\u0442\u043e\u0433\u0440\u0430\u0444\u0438\u0438 \u0441 \u043f\u043e\u0437\u0434\u0440\u0430\u0432\u043b\u0435\u043d\u0438\u0435\u043c \u2013 Palju \u00f5nne!"},"content":{"rendered":"<p>&nbsp;<\/p>\n","protected":false},"excerpt":{"rendered":"<p>&nbsp;<\/p>\n","protected":false},"featured_media":2228,"comment_status":"open","ping_status":"closed","template":"","meta":[],"product_cat":[72,78],"product_tag":[],"features":[],"brands":[],"yoast_head":"<!-- This site is optimized with the Yoast SEO plugin v14.9 - https:\/\/yoast.com\/wordpress\/plugins\/seo\/ -->\n<title>\u0428\u043e\u043a\u043e\u043b\u0430\u0434\u043d\u0430\u044f \u0440\u0430\u043c\u043a\u0430 \u0434\u043b\u044f \u0444\u043e\u0442\u043e\u0433\u0440\u0430\u0444\u0438\u0438 \u0441 \u043f\u043e\u0437\u0434\u0440\u0430\u0432\u043b\u0435\u043d\u0438\u0435\u043c \u2013 Palju \u00f5nne! - Chocolala<\/title>\n<meta name=\"description\" content=\"\u0428\u043e\u043a\u043e\u043b\u0430\u0434\u043d\u0430\u044f \u0440\u0430\u043c\u043a\u0430 \u0434\u043b\u044f \u0444\u043e\u0442\u043e\u0433\u0440\u0430\u0444\u0438\u0438 \u0441 \u043f\u043e\u0437\u0434\u0440\u0430\u0432\u043b\u0435\u043d\u0438\u0435\u043c \u2013 Palju \u00f5nne! - \u0412\u0441\u044f \u043f\u0440\u043e\u0434\u0443\u043a\u0446\u0438\u044f, \u041a\u043e \u0434\u043d\u044e \u0440\u043e\u0436\u0434\u0435\u043d\u0438\u044f. Chocolala\" \/>\n<meta name=\"robots\" content=\"index, follow, max-snippet:-1, max-image-preview:large, max-video-preview:-1\" \/>\n<link rel=\"canonical\" href=\"https:\/\/chocolala.ee\/ru\/product\/shokoladnaya-ramka-dlya-fotografii-s-pozdravleniem-palju-onne\/\" \/>\n<meta property=\"og:locale\" content=\"ru_RU\" \/>\n<meta property=\"og:type\" content=\"article\" \/>\n<meta property=\"og:title\" content=\"\u0428\u043e\u043a\u043e\u043b\u0430\u0434\u043d\u0430\u044f \u0440\u0430\u043c\u043a\u0430 \u0434\u043b\u044f \u0444\u043e\u0442\u043e\u0433\u0440\u0430\u0444\u0438\u0438 \u0441 \u043f\u043e\u0437\u0434\u0440\u0430\u0432\u043b\u0435\u043d\u0438\u0435\u043c \u2013 Palju \u00f5nne! - Chocolala\" \/>\n<meta property=\"og:description\" content=\"\u0428\u043e\u043a\u043e\u043b\u0430\u0434\u043d\u0430\u044f \u0440\u0430\u043c\u043a\u0430 \u0434\u043b\u044f \u0444\u043e\u0442\u043e\u0433\u0440\u0430\u0444\u0438\u0438 \u0441 \u043f\u043e\u0437\u0434\u0440\u0430\u0432\u043b\u0435\u043d\u0438\u0435\u043c \u2013 Palju \u00f5nne! - \u0412\u0441\u044f \u043f\u0440\u043e\u0434\u0443\u043a\u0446\u0438\u044f, \u041a\u043e \u0434\u043d\u044e \u0440\u043e\u0436\u0434\u0435\u043d\u0438\u044f. Chocolala\" \/>\n<meta property=\"og:url\" content=\"https:\/\/chocolala.ee\/ru\/product\/shokoladnaya-ramka-dlya-fotografii-s-pozdravleniem-palju-onne\/\" \/>\n<meta property=\"og:site_name\" content=\"Chocolala\" \/>\n<meta property=\"article:publisher\" content=\"https:\/\/www.facebook.com\/chocolalaestonia\" \/>\n<meta property=\"og:image\" content=\"https:\/\/chocolala.ee\/wp-content\/uploads\/2020\/08\/\u0160okolaadist-pildiraam-Palju-\u00f5nne.-Chocolate-picture-frame-Palju-\u00f5nne-scaled.jpg\" \/>\n\t<meta property=\"og:image:width\" content=\"2560\" \/>\n\t<meta property=\"og:image:height\" content=\"2560\" \/>\n<meta name=\"twitter:card\" content=\"summary_large_image\" \/>\n<script type=\"application\/ld+json\" class=\"yoast-schema-graph\">{\"@context\":\"https:\/\/schema.org\",\"@graph\":[{\"@type\":\"Organization\",\"@id\":\"https:\/\/chocolala.ee\/ru\/#organization\",\"name\":\"Chocolala\",\"url\":\"https:\/\/chocolala.ee\/ru\/\",\"sameAs\":[\"https:\/\/www.facebook.com\/chocolalaestonia\",\"https:\/\/www.linkedin.com\/company\/chocolalaestonia\/\"],\"logo\":{\"@type\":\"ImageObject\",\"@id\":\"https:\/\/chocolala.ee\/ru\/#logo\",\"inLanguage\":\"ru-RU\",\"url\":\"https:\/\/chocolala.ee\/wp-content\/uploads\/2020\/09\/500_500.jpg\",\"width\":500,\"height\":500,\"caption\":\"Chocolala\"},\"image\":{\"@id\":\"https:\/\/chocolala.ee\/ru\/#logo\"}},{\"@type\":\"WebSite\",\"@id\":\"https:\/\/chocolala.ee\/ru\/#website\",\"url\":\"https:\/\/chocolala.ee\/ru\/\",\"name\":\"Chocolala\",\"description\":\"\",\"publisher\":{\"@id\":\"https:\/\/chocolala.ee\/ru\/#organization\"},\"potentialAction\":[{\"@type\":\"SearchAction\",\"target\":\"https:\/\/chocolala.ee\/ru\/?s={search_term_string}\",\"query-input\":\"required name=search_term_string\"}],\"inLanguage\":\"ru-RU\"},{\"@type\":\"ImageObject\",\"@id\":\"https:\/\/chocolala.ee\/ru\/product\/shokoladnaya-ramka-dlya-fotografii-s-pozdravleniem-palju-onne\/#primaryimage\",\"inLanguage\":\"ru-RU\",\"url\":\"https:\/\/chocolala.ee\/wp-content\/uploads\/2020\/08\/\\u0160okolaadist-pildiraam-Palju-\\u00f5nne.-Chocolate-picture-frame-Palju-\\u00f5nne-scaled.jpg\",\"width\":2560,\"height\":2560},{\"@type\":[\"WebPage\",\"ItemPage\"],\"@id\":\"https:\/\/chocolala.ee\/ru\/product\/shokoladnaya-ramka-dlya-fotografii-s-pozdravleniem-palju-onne\/#webpage\",\"url\":\"https:\/\/chocolala.ee\/ru\/product\/shokoladnaya-ramka-dlya-fotografii-s-pozdravleniem-palju-onne\/\",\"name\":\"\\u0428\\u043e\\u043a\\u043e\\u043b\\u0430\\u0434\\u043d\\u0430\\u044f \\u0440\\u0430\\u043c\\u043a\\u0430 \\u0434\\u043b\\u044f \\u0444\\u043e\\u0442\\u043e\\u0433\\u0440\\u0430\\u0444\\u0438\\u0438 \\u0441 \\u043f\\u043e\\u0437\\u0434\\u0440\\u0430\\u0432\\u043b\\u0435\\u043d\\u0438\\u0435\\u043c \\u2013 Palju \\u00f5nne! - Chocolala\",\"isPartOf\":{\"@id\":\"https:\/\/chocolala.ee\/ru\/#website\"},\"primaryImageOfPage\":{\"@id\":\"https:\/\/chocolala.ee\/ru\/product\/shokoladnaya-ramka-dlya-fotografii-s-pozdravleniem-palju-onne\/#primaryimage\"},\"datePublished\":\"2020-08-07T12:46:38+00:00\",\"dateModified\":\"2020-08-07T12:46:38+00:00\",\"description\":\"\\u0428\\u043e\\u043a\\u043e\\u043b\\u0430\\u0434\\u043d\\u0430\\u044f \\u0440\\u0430\\u043c\\u043a\\u0430 \\u0434\\u043b\\u044f \\u0444\\u043e\\u0442\\u043e\\u0433\\u0440\\u0430\\u0444\\u0438\\u0438 \\u0441 \\u043f\\u043e\\u0437\\u0434\\u0440\\u0430\\u0432\\u043b\\u0435\\u043d\\u0438\\u0435\\u043c \\u2013 Palju \\u00f5nne! - \\u0412\\u0441\\u044f \\u043f\\u0440\\u043e\\u0434\\u0443\\u043a\\u0446\\u0438\\u044f, \\u041a\\u043e \\u0434\\u043d\\u044e \\u0440\\u043e\\u0436\\u0434\\u0435\\u043d\\u0438\\u044f. Chocolala\",\"inLanguage\":\"ru-RU\",\"potentialAction\":[{\"@type\":\"ReadAction\",\"target\":[\"https:\/\/chocolala.ee\/ru\/product\/shokoladnaya-ramka-dlya-fotografii-s-pozdravleniem-palju-onne\/\"]}]}]}<\/script>\n<!-- \/ Yoast SEO plugin. -->","_links":{"self":[{"href":"https:\/\/chocolala.ee\/ru\/wp-json\/wp\/v2\/product\/2230"}],"collection":[{"href":"https:\/\/chocolala.ee\/ru\/wp-json\/wp\/v2\/product"}],"about":[{"href":"https:\/\/chocolala.ee\/ru\/wp-json\/wp\/v2\/types\/product"}],"replies":[{"embeddable":true,"href":"https:\/\/chocolala.ee\/ru\/wp-json\/wp\/v2\/comments?post=2230"}],"wp:featuredmedia":[{"embeddable":true,"href":"https:\/\/chocolala.ee\/ru\/wp-json\/wp\/v2\/media\/2228"}],"wp:attachment":[{"href":"https:\/\/chocolala.ee\/ru\/wp-json\/wp\/v2\/media?parent=2230"}],"wp:term":[{"taxonomy":"product_cat","embeddable":true,"href":"https:\/\/chocolala.ee\/ru\/wp-json\/wp\/v2\/product_cat?post=2230"},{"taxonomy":"product_tag","embeddable":true,"href":"https:\/\/chocolala.ee\/ru\/wp-json\/wp\/v2\/product_tag?post=2230"},{"taxonomy":"features","embeddable":true,"href":"https:\/\/chocolala.ee\/ru\/wp-json\/wp\/v2\/features?post=2230"}],"curies":[{"name":"wp","href":"https:\/\/api.w.org\/{rel}","templated":true}]}}