{"id":2388,"date":"2020-08-07T16:48:13","date_gmt":"2020-08-07T13:48:13","guid":{"rendered":"https:\/\/chocolala.ee\/product\/konfeta-iz-rozovogo-shokolada-na-palochke-s-priznaniem-v-lyubvi-i-love-you\/"},"modified":"2025-02-10T12:27:09","modified_gmt":"2025-02-10T09:27:09","slug":"konfeta-iz-rozovogo-shokolada-na-palochke-s-priznaniem-v-lyubvi-i-love-you","status":"publish","type":"product","link":"https:\/\/chocolala.ee\/ru\/product\/konfeta-iz-rozovogo-shokolada-na-palochke-s-priznaniem-v-lyubvi-i-love-you\/","title":{"rendered":"\u041a\u043e\u043d\u0444\u0435\u0442\u0430 \u0438\u0437 \u0440\u043e\u0437\u043e\u0432\u043e\u0433\u043e \u0448\u043e\u043a\u043e\u043b\u0430\u0434\u0430 \u043d\u0430 \u043f\u0430\u043b\u043e\u0447\u043a\u0435 \u0441 \u043f\u0440\u0438\u0437\u043d\u0430\u043d\u0438\u0435\u043c \u0432 \u043b\u044e\u0431\u0432\u0438 \u2013 I love you"},"content":{"rendered":"<p>&nbsp;<\/p>\n","protected":false},"excerpt":{"rendered":"<p>&nbsp;<\/p>\n","protected":false},"featured_media":2380,"comment_status":"open","ping_status":"closed","template":"","meta":[],"product_cat":[66,62,45,71,97,65,111,101,132,131,72,133,98,102,112],"product_tag":[],"features":[],"brands":[],"yoast_head":"<!-- This site is optimized with the Yoast SEO plugin v14.9 - https:\/\/yoast.com\/wordpress\/plugins\/seo\/ -->\n<title>\u041a\u043e\u043d\u0444\u0435\u0442\u0430 \u0438\u0437 \u0440\u043e\u0437\u043e\u0432\u043e\u0433\u043e \u0448\u043e\u043a\u043e\u043b\u0430\u0434\u0430 \u043d\u0430 \u043f\u0430\u043b\u043e\u0447\u043a\u0435 \u0441 \u043f\u0440\u0438\u0437\u043d\u0430\u043d\u0438\u0435\u043c \u0432 \u043b\u044e\u0431\u0432\u0438 \u2013 I love you - Chocolala<\/title>\n<meta name=\"description\" content=\"\u041a\u043e\u043d\u0444\u0435\u0442\u0430 \u0438\u0437 \u0440\u043e\u0437\u043e\u0432\u043e\u0433\u043e \u0448\u043e\u043a\u043e\u043b\u0430\u0434\u0430 \u043d\u0430 \u043f\u0430\u043b\u043e\u0447\u043a\u0435 \u0441 \u043f\u0440\u0438\u0437\u043d\u0430\u043d\u0438\u0435\u043c \u0432 \u043b\u044e\u0431\u0432\u0438 \u2013 I love you - All products, For children, Friends and loved ones, K\u00f5ik tooted, Lastele, Lollipops, Pulgakommid, S\u00f5brale ja armsamale, S\u00f5brap\u00e4ev, Valentine, \u0412\u0441\u044f \u043f\u0440\u043e\u0434\u0443\u043a\u0446\u0438\u044f, \u0414\u0435\u043d\u044c \u0441\u0432\u044f\u0442\u043e\u0433\u043e \u0412\u0430\u043b\u0435\u043d\u0442\u0438\u043d\u0430, \u0414\u043b\u044f \u0434\u0435\u0442\u0435\u0439, \u0414\u0440\u0443\u0433\u0443 \u0438 \u043b\u044e\u0431\u0438\u043c\u043e\u043c\u0443 \u0447\u0435\u043b\u043e\u0432\u0435\u043a\u0443, \u0428\u043e\u043a\u043e\u043b\u0430\u0434\u043d\u044b\u0435 \u043a\u043e\u043d\u0444\u0435\u0442\u044b \u043d\u0430 \u043f\u0430\u043b\u043e\u0447\u043a\u0435. Chocolala\" \/>\n<meta name=\"robots\" content=\"index, follow, max-snippet:-1, max-image-preview:large, max-video-preview:-1\" \/>\n<link rel=\"canonical\" href=\"https:\/\/chocolala.ee\/ru\/product\/konfeta-iz-rozovogo-shokolada-na-palochke-s-priznaniem-v-lyubvi-i-love-you\/\" \/>\n<meta property=\"og:locale\" content=\"ru_RU\" \/>\n<meta property=\"og:type\" content=\"article\" \/>\n<meta property=\"og:title\" content=\"\u041a\u043e\u043d\u0444\u0435\u0442\u0430 \u0438\u0437 \u0440\u043e\u0437\u043e\u0432\u043e\u0433\u043e \u0448\u043e\u043a\u043e\u043b\u0430\u0434\u0430 \u043d\u0430 \u043f\u0430\u043b\u043e\u0447\u043a\u0435 \u0441 \u043f\u0440\u0438\u0437\u043d\u0430\u043d\u0438\u0435\u043c \u0432 \u043b\u044e\u0431\u0432\u0438 \u2013 I love you - Chocolala\" \/>\n<meta property=\"og:description\" content=\"\u041a\u043e\u043d\u0444\u0435\u0442\u0430 \u0438\u0437 \u0440\u043e\u0437\u043e\u0432\u043e\u0433\u043e \u0448\u043e\u043a\u043e\u043b\u0430\u0434\u0430 \u043d\u0430 \u043f\u0430\u043b\u043e\u0447\u043a\u0435 \u0441 \u043f\u0440\u0438\u0437\u043d\u0430\u043d\u0438\u0435\u043c \u0432 \u043b\u044e\u0431\u0432\u0438 \u2013 I love you - All products, For children, Friends and loved ones, K\u00f5ik tooted, Lastele, Lollipops, Pulgakommid, S\u00f5brale ja armsamale, S\u00f5brap\u00e4ev, Valentine, \u0412\u0441\u044f \u043f\u0440\u043e\u0434\u0443\u043a\u0446\u0438\u044f, \u0414\u0435\u043d\u044c \u0441\u0432\u044f\u0442\u043e\u0433\u043e \u0412\u0430\u043b\u0435\u043d\u0442\u0438\u043d\u0430, \u0414\u043b\u044f \u0434\u0435\u0442\u0435\u0439, \u0414\u0440\u0443\u0433\u0443 \u0438 \u043b\u044e\u0431\u0438\u043c\u043e\u043c\u0443 \u0447\u0435\u043b\u043e\u0432\u0435\u043a\u0443, \u0428\u043e\u043a\u043e\u043b\u0430\u0434\u043d\u044b\u0435 \u043a\u043e\u043d\u0444\u0435\u0442\u044b \u043d\u0430 \u043f\u0430\u043b\u043e\u0447\u043a\u0435. Chocolala\" \/>\n<meta property=\"og:url\" content=\"https:\/\/chocolala.ee\/ru\/product\/konfeta-iz-rozovogo-shokolada-na-palochke-s-priznaniem-v-lyubvi-i-love-you\/\" \/>\n<meta property=\"og:site_name\" content=\"Chocolala\" \/>\n<meta property=\"article:publisher\" content=\"https:\/\/www.facebook.com\/chocolalaestonia\" \/>\n<meta property=\"article:modified_time\" content=\"2025-02-10T09:27:09+00:00\" \/>\n<meta property=\"og:image\" content=\"https:\/\/chocolala.ee\/wp-content\/uploads\/2020\/08\/Rubiin-\u0161okolaadisti-pulgakomm-Armastan-sind-Ruby-chocolate-lollipop-I-love-you-scaled.jpg\" \/>\n\t<meta property=\"og:image:width\" content=\"2560\" \/>\n\t<meta property=\"og:image:height\" content=\"2560\" \/>\n<meta name=\"twitter:card\" content=\"summary_large_image\" \/>\n<script type=\"application\/ld+json\" class=\"yoast-schema-graph\">{\"@context\":\"https:\/\/schema.org\",\"@graph\":[{\"@type\":\"Organization\",\"@id\":\"https:\/\/chocolala.ee\/ru\/#organization\",\"name\":\"Chocolala\",\"url\":\"https:\/\/chocolala.ee\/ru\/\",\"sameAs\":[\"https:\/\/www.facebook.com\/chocolalaestonia\",\"https:\/\/www.linkedin.com\/company\/chocolalaestonia\/\"],\"logo\":{\"@type\":\"ImageObject\",\"@id\":\"https:\/\/chocolala.ee\/ru\/#logo\",\"inLanguage\":\"ru-RU\",\"url\":\"https:\/\/chocolala.ee\/wp-content\/uploads\/2020\/09\/500_500.jpg\",\"width\":500,\"height\":500,\"caption\":\"Chocolala\"},\"image\":{\"@id\":\"https:\/\/chocolala.ee\/ru\/#logo\"}},{\"@type\":\"WebSite\",\"@id\":\"https:\/\/chocolala.ee\/ru\/#website\",\"url\":\"https:\/\/chocolala.ee\/ru\/\",\"name\":\"Chocolala\",\"description\":\"\",\"publisher\":{\"@id\":\"https:\/\/chocolala.ee\/ru\/#organization\"},\"potentialAction\":[{\"@type\":\"SearchAction\",\"target\":\"https:\/\/chocolala.ee\/ru\/?s={search_term_string}\",\"query-input\":\"required name=search_term_string\"}],\"inLanguage\":\"ru-RU\"},{\"@type\":\"ImageObject\",\"@id\":\"https:\/\/chocolala.ee\/ru\/product\/konfeta-iz-rozovogo-shokolada-na-palochke-s-priznaniem-v-lyubvi-i-love-you\/#primaryimage\",\"inLanguage\":\"ru-RU\",\"url\":\"https:\/\/chocolala.ee\/wp-content\/uploads\/2020\/08\/Rubiin-\\u0161okolaadisti-pulgakomm-Armastan-sind-Ruby-chocolate-lollipop-I-love-you-scaled.jpg\",\"width\":2560,\"height\":2560},{\"@type\":[\"WebPage\",\"ItemPage\"],\"@id\":\"https:\/\/chocolala.ee\/ru\/product\/konfeta-iz-rozovogo-shokolada-na-palochke-s-priznaniem-v-lyubvi-i-love-you\/#webpage\",\"url\":\"https:\/\/chocolala.ee\/ru\/product\/konfeta-iz-rozovogo-shokolada-na-palochke-s-priznaniem-v-lyubvi-i-love-you\/\",\"name\":\"\\u041a\\u043e\\u043d\\u0444\\u0435\\u0442\\u0430 \\u0438\\u0437 \\u0440\\u043e\\u0437\\u043e\\u0432\\u043e\\u0433\\u043e \\u0448\\u043e\\u043a\\u043e\\u043b\\u0430\\u0434\\u0430 \\u043d\\u0430 \\u043f\\u0430\\u043b\\u043e\\u0447\\u043a\\u0435 \\u0441 \\u043f\\u0440\\u0438\\u0437\\u043d\\u0430\\u043d\\u0438\\u0435\\u043c \\u0432 \\u043b\\u044e\\u0431\\u0432\\u0438 \\u2013 I love you - Chocolala\",\"isPartOf\":{\"@id\":\"https:\/\/chocolala.ee\/ru\/#website\"},\"primaryImageOfPage\":{\"@id\":\"https:\/\/chocolala.ee\/ru\/product\/konfeta-iz-rozovogo-shokolada-na-palochke-s-priznaniem-v-lyubvi-i-love-you\/#primaryimage\"},\"datePublished\":\"2020-08-07T13:48:13+00:00\",\"dateModified\":\"2025-02-10T09:27:09+00:00\",\"description\":\"\\u041a\\u043e\\u043d\\u0444\\u0435\\u0442\\u0430 \\u0438\\u0437 \\u0440\\u043e\\u0437\\u043e\\u0432\\u043e\\u0433\\u043e \\u0448\\u043e\\u043a\\u043e\\u043b\\u0430\\u0434\\u0430 \\u043d\\u0430 \\u043f\\u0430\\u043b\\u043e\\u0447\\u043a\\u0435 \\u0441 \\u043f\\u0440\\u0438\\u0437\\u043d\\u0430\\u043d\\u0438\\u0435\\u043c \\u0432 \\u043b\\u044e\\u0431\\u0432\\u0438 \\u2013 I love you - All products, For children, Friends and loved ones, K\\u00f5ik tooted, Lastele, Lollipops, Pulgakommid, S\\u00f5brale ja armsamale, S\\u00f5brap\\u00e4ev, Valentine, \\u0412\\u0441\\u044f \\u043f\\u0440\\u043e\\u0434\\u0443\\u043a\\u0446\\u0438\\u044f, \\u0414\\u0435\\u043d\\u044c \\u0441\\u0432\\u044f\\u0442\\u043e\\u0433\\u043e \\u0412\\u0430\\u043b\\u0435\\u043d\\u0442\\u0438\\u043d\\u0430, \\u0414\\u043b\\u044f \\u0434\\u0435\\u0442\\u0435\\u0439, \\u0414\\u0440\\u0443\\u0433\\u0443 \\u0438 \\u043b\\u044e\\u0431\\u0438\\u043c\\u043e\\u043c\\u0443 \\u0447\\u0435\\u043b\\u043e\\u0432\\u0435\\u043a\\u0443, \\u0428\\u043e\\u043a\\u043e\\u043b\\u0430\\u0434\\u043d\\u044b\\u0435 \\u043a\\u043e\\u043d\\u0444\\u0435\\u0442\\u044b \\u043d\\u0430 \\u043f\\u0430\\u043b\\u043e\\u0447\\u043a\\u0435. Chocolala\",\"inLanguage\":\"ru-RU\",\"potentialAction\":[{\"@type\":\"ReadAction\",\"target\":[\"https:\/\/chocolala.ee\/ru\/product\/konfeta-iz-rozovogo-shokolada-na-palochke-s-priznaniem-v-lyubvi-i-love-you\/\"]}]}]}<\/script>\n<!-- \/ Yoast SEO plugin. -->","_links":{"self":[{"href":"https:\/\/chocolala.ee\/ru\/wp-json\/wp\/v2\/product\/2388"}],"collection":[{"href":"https:\/\/chocolala.ee\/ru\/wp-json\/wp\/v2\/product"}],"about":[{"href":"https:\/\/chocolala.ee\/ru\/wp-json\/wp\/v2\/types\/product"}],"replies":[{"embeddable":true,"href":"https:\/\/chocolala.ee\/ru\/wp-json\/wp\/v2\/comments?post=2388"}],"wp:featuredmedia":[{"embeddable":true,"href":"https:\/\/chocolala.ee\/ru\/wp-json\/wp\/v2\/media\/2380"}],"wp:attachment":[{"href":"https:\/\/chocolala.ee\/ru\/wp-json\/wp\/v2\/media?parent=2388"}],"wp:term":[{"taxonomy":"product_cat","embeddable":true,"href":"https:\/\/chocolala.ee\/ru\/wp-json\/wp\/v2\/product_cat?post=2388"},{"taxonomy":"product_tag","embeddable":true,"href":"https:\/\/chocolala.ee\/ru\/wp-json\/wp\/v2\/product_tag?post=2388"},{"taxonomy":"features","embeddable":true,"href":"https:\/\/chocolala.ee\/ru\/wp-json\/wp\/v2\/features?post=2388"}],"curies":[{"name":"wp","href":"https:\/\/api.w.org\/{rel}","templated":true}]}}