{"id":2406,"date":"2020-08-07T16:54:48","date_gmt":"2020-08-07T13:54:48","guid":{"rendered":"https:\/\/chocolala.ee\/product\/ekstra-temnyy-shokolad-bean-to-bar-iz-kakao-bobov-s-san-tome-s-chernym-percem\/"},"modified":"2020-08-07T16:54:48","modified_gmt":"2020-08-07T13:54:48","slug":"ekstra-temnyy-shokolad-bean-to-bar-iz-kakao-bobov-s-san-tome-s-chernym-percem","status":"publish","type":"product","link":"https:\/\/chocolala.ee\/ru\/product\/ekstra-temnyy-shokolad-bean-to-bar-iz-kakao-bobov-s-san-tome-s-chernym-percem\/","title":{"rendered":"\u042d\u043a\u0441\u0442\u0440\u0430-\u0442\u0435\u043c\u043d\u044b\u0439 \u0448\u043e\u043a\u043e\u043b\u0430\u0434 bean to bar \u0438\u0437 \u043a\u0430\u043a\u0430\u043e-\u0431\u043e\u0431\u043e\u0432 \u0441 \u0421\u0430\u043d-\u0422\u043e\u043c\u0435 \u0441 \u0447\u0435\u0440\u043d\u044b\u043c \u043f\u0435\u0440\u0446\u0435\u043c"},"content":{"rendered":"<p><strong>\u2116 13 \u0421\u0430\u043d-\u0422\u043e\u043c\u0435 80%, \u043f\u044f\u0442\u043d\u0438\u0446\u0430, \u0441 \u043d\u043e\u0442\u043a\u043e\u0439 \u0447\u0435\u0440\u043d\u043e\u0433\u043e \u043f\u0435\u0440\u0446\u0430, \u043e\u0440\u0433\u0430\u043d\u0438\u0447\u0435\u0441\u043a\u0438\u0439<\/strong>. \u041f\u043e\u0432\u0435\u0434\u0430\u044e \u0432\u0430\u043c \u0440\u0435\u0430\u043b\u044c\u043d\u0443\u044e \u0438\u0441\u0442\u043e\u0440\u0438\u044e \u2013 \u044d\u0442\u043e\u0442 \u0448\u043e\u043a\u043e\u043b\u0430\u0434 \u0431\u044b\u043b \u0441\u0434\u0435\u043b\u0430\u043d \u0434\u043b\u044f \u043d\u0430\u0448\u0435\u0433\u043e \u0448\u043e\u043a\u043e\u043b\u0430\u0442\u044c\u0435, \u043a\u043e\u0442\u043e\u0440\u044b\u0439 \u0441\u043b\u043e\u043c\u0430\u043b \u043d\u043e\u0433\u0443 \u0432 \u043f\u044f\u0442\u043d\u0438\u0446\u0443 13-\u0433\u043e. \u0412\u043e\u0441\u043f\u0440\u0438\u043d\u0438\u043c\u0430\u0439\u0442\u0435 \u0435\u0433\u043e \u043a\u0430\u043a \u0442\u0430\u043b\u0438\u0441\u043c\u0430\u043d, \u043e\u0442\u043f\u0443\u0433\u0438\u0432\u0430\u044e\u0449\u0438\u0439 \u0441\u0443\u0435\u0432\u0435\u0440\u0438\u044f, \u0438\u043b\u0438 \u043a\u0430\u043a \u043f\u0440\u044f\u043d\u043e\u0435 \u043e\u0431\u043b\u0435\u0433\u0447\u0435\u043d\u0438\u0435, \u0435\u0441\u043b\u0438 \u0447\u0442\u043e-\u0442\u043e \u043f\u043e\u0448\u043b\u043e \u043d\u0435 \u0442\u0430\u043a. \u0427\u0442\u043e\u0431\u044b \u0432 \u043f\u043b\u0438\u0442\u043a\u0435 \u0443\u0437\u043d\u0430\u0432\u0430\u043b\u0441\u044f \u0445\u0430\u0440\u0430\u043a\u0442\u0435\u0440\u043d\u044b\u0439 \u0432\u043a\u0443\u0441 \u043a\u0430\u043a\u0430\u043e-\u0431\u043e\u0431\u043e\u0432, \u043c\u044b \u0434\u043e\u0431\u0430\u0432\u0438\u043b\u0438 \u0442\u043e\u043b\u044c\u043a\u043e \u043a\u0430\u043f\u0435\u043b\u044c\u043a\u0443 \u0441\u043e\u0433\u0440\u0435\u0432\u0430\u044e\u0449\u0435\u0433\u043e \u0431\u043e\u0434\u0440\u044f\u0449\u0435\u0433\u043e \u043f\u0435\u0440\u0446\u0430.<\/p>\n<p>\u041a\u0430\u043a\u0430\u043e \u043d\u0430 \u0421\u0430\u043d-\u0422\u043e\u043c\u0435 \u2013 \u0442\u0440\u043e\u043f\u0438\u0447\u0435\u0441\u043a\u0438\u0439 \u043e\u0441\u0442\u0440\u043e\u0432 \u0432 \u0417\u0430\u043f\u0430\u0434\u043d\u043e\u0439 \u0410\u0444\u0440\u0438\u043a\u0435 \u2013 \u0437\u0430\u0432\u0435\u0437\u043b\u0438 \u0432 1850-\u0445 \u0433\u043e\u0434\u0430\u0445 \u043f\u043e\u0440\u0442\u0443\u0433\u0430\u043b\u044c\u0441\u043a\u0438\u0435 \u043a\u043e\u043b\u043e\u043d\u0438\u0441\u0442\u044b, \u0434\u043e \u044d\u0442\u043e\u0433\u043e 30 \u043b\u0435\u0442 \u0443\u0441\u043f\u0435\u0448\u043d\u043e \u0432\u043e\u0437\u0434\u0435\u043b\u044b\u0432\u0430\u0432\u0448\u0438\u0435 \u0431\u0440\u0430\u0437\u0438\u043b\u044c\u0441\u043a\u043e\u0435 \u043a\u0430\u043a\u0430\u043e \u043d\u0430 \u0441\u043e\u0441\u0435\u0434\u043d\u0435\u043c \u043e\u0441\u0442\u0440\u043e\u0432\u0435 \u041f\u0440\u0438\u043d\u0441\u0438\u043f\u0438.<\/p>\n","protected":false},"excerpt":{"rendered":"<p>\u2116 13 \u0421\u0430\u043d-\u0422\u043e\u043c\u0435 80%, \u043f\u044f\u0442\u043d\u0438\u0446\u0430, \u0441 \u043d\u043e\u0442\u043a\u043e\u0439 \u0447\u0435\u0440\u043d\u043e\u0433\u043e \u043f\u0435\u0440\u0446\u0430, \u043e\u0440\u0433\u0430\u043d\u0438\u0447\u0435\u0441\u043a\u0438\u0439. \u041f\u043e\u0432\u0435\u0434\u0430\u044e \u0432\u0430\u043c \u0440\u0435\u0430\u043b\u044c\u043d\u0443\u044e \u0438\u0441\u0442\u043e\u0440\u0438\u044e \u2013 \u044d\u0442\u043e\u0442 \u0448\u043e\u043a\u043e\u043b\u0430\u0434 \u0431\u044b\u043b \u0441\u0434\u0435\u043b\u0430\u043d \u0434\u043b\u044f \u043d\u0430\u0448\u0435\u0433\u043e \u0448\u043e\u043a\u043e\u043b\u0430\u0442\u044c\u0435, \u043a\u043e\u0442\u043e\u0440\u044b\u0439 \u0441\u043b\u043e\u043c\u0430\u043b \u043d\u043e\u0433\u0443 \u0432 \u043f\u044f\u0442\u043d\u0438\u0446\u0443 13-\u0433\u043e. \u0412\u043e\u0441\u043f\u0440\u0438\u043d\u0438\u043c\u0430\u0439\u0442\u0435 \u0435\u0433\u043e \u043a\u0430\u043a \u0442\u0430\u043b\u0438\u0441\u043c\u0430\u043d, \u043e\u0442\u043f\u0443\u0433\u0438\u0432\u0430\u044e\u0449\u0438\u0439 \u0441\u0443\u0435\u0432\u0435\u0440\u0438\u044f, \u0438\u043b\u0438 \u043a\u0430\u043a \u043f\u0440\u044f\u043d\u043e\u0435 \u043e\u0431\u043b\u0435\u0433\u0447\u0435\u043d\u0438\u0435, \u0435\u0441\u043b\u0438 \u0447\u0442\u043e-\u0442\u043e \u043f\u043e\u0448\u043b\u043e \u043d\u0435 \u0442\u0430\u043a. \u0427\u0442\u043e\u0431\u044b \u0432 \u043f\u043b\u0438\u0442\u043a\u0435 \u0443\u0437\u043d\u0430\u0432\u0430\u043b\u0441\u044f \u0445\u0430\u0440\u0430\u043a\u0442\u0435\u0440\u043d\u044b\u0439 \u0432\u043a\u0443\u0441 \u043a\u0430\u043a\u0430\u043e-\u0431\u043e\u0431\u043e\u0432, \u043c\u044b \u0434\u043e\u0431\u0430\u0432\u0438\u043b\u0438 \u0442\u043e\u043b\u044c\u043a\u043e \u043a\u0430\u043f\u0435\u043b\u044c\u043a\u0443 \u0441\u043e\u0433\u0440\u0435\u0432\u0430\u044e\u0449\u0435\u0433\u043e [&hellip;]<\/p>\n","protected":false},"featured_media":2394,"comment_status":"open","ping_status":"closed","template":"","meta":[],"product_cat":[108,123,72,84,114,74,80],"product_tag":[],"features":[],"brands":[],"yoast_head":"<!-- This site is optimized with the Yoast SEO plugin v14.9 - https:\/\/yoast.com\/wordpress\/plugins\/seo\/ -->\n<title>\u042d\u043a\u0441\u0442\u0440\u0430-\u0442\u0435\u043c\u043d\u044b\u0439 \u0448\u043e\u043a\u043e\u043b\u0430\u0434 bean to bar \u0438\u0437 \u043a\u0430\u043a\u0430\u043e-\u0431\u043e\u0431\u043e\u0432 \u0441 \u0421\u0430\u043d-\u0422\u043e\u043c\u0435 \u0441 \u0447\u0435\u0440\u043d\u044b\u043c \u043f\u0435\u0440\u0446\u0435\u043c - Chocolala<\/title>\n<meta name=\"description\" content=\"\u042d\u043a\u0441\u0442\u0440\u0430-\u0442\u0435\u043c\u043d\u044b\u0439 \u0448\u043e\u043a\u043e\u043b\u0430\u0434 bean to bar \u0438\u0437 \u043a\u0430\u043a\u0430\u043e-\u0431\u043e\u0431\u043e\u0432 \u0441 \u0421\u0430\u043d-\u0422\u043e\u043c\u0435 \u0441 \u0447\u0435\u0440\u043d\u044b\u043c \u043f\u0435\u0440\u0446\u0435\u043c - \u0411\u0435\u0437 \u0433\u043b\u044e\u0442\u0435\u043d\u0430, \u0412\u0435\u0433\u0430\u043d\u0441\u043a\u0438\u0435 \u043f\u0440\u043e\u0434\u0443\u043a\u0442\u044b, \u0412\u0441\u044f \u043f\u0440\u043e\u0434\u0443\u043a\u0446\u0438\u044f, \u041c\u0430\u043b\u0435\u043d\u044c\u043a\u0438\u0435 \u043f\u043b\u0438\u0442\u043a\u0438, \u041e\u0440\u0433\u0430\u043d\u0438\u0447\u0435\u0441\u043a\u0438\u0435 \u043f\u0440\u043e\u0434\u0443\u043a\u0442\u044b, \u041f\u043b\u0438\u0442\u043a\u0438 bean to bar (\u0438\u0437 \u043a\u0430\u043a\u0430\u043e-\u0431\u043e\u0431\u043e\u0432), \u041f\u043b\u0438\u0442\u043a\u0438 \u0448\u043e\u043a\u043e\u043b\u0430\u0434\u0430. Chocolala\" \/>\n<meta name=\"robots\" content=\"index, follow, max-snippet:-1, max-image-preview:large, max-video-preview:-1\" \/>\n<link rel=\"canonical\" href=\"https:\/\/chocolala.ee\/ru\/product\/ekstra-temnyy-shokolad-bean-to-bar-iz-kakao-bobov-s-san-tome-s-chernym-percem\/\" \/>\n<meta property=\"og:locale\" content=\"ru_RU\" \/>\n<meta property=\"og:type\" content=\"article\" \/>\n<meta property=\"og:title\" content=\"\u042d\u043a\u0441\u0442\u0440\u0430-\u0442\u0435\u043c\u043d\u044b\u0439 \u0448\u043e\u043a\u043e\u043b\u0430\u0434 bean to bar \u0438\u0437 \u043a\u0430\u043a\u0430\u043e-\u0431\u043e\u0431\u043e\u0432 \u0441 \u0421\u0430\u043d-\u0422\u043e\u043c\u0435 \u0441 \u0447\u0435\u0440\u043d\u044b\u043c \u043f\u0435\u0440\u0446\u0435\u043c - Chocolala\" \/>\n<meta property=\"og:description\" content=\"\u042d\u043a\u0441\u0442\u0440\u0430-\u0442\u0435\u043c\u043d\u044b\u0439 \u0448\u043e\u043a\u043e\u043b\u0430\u0434 bean to bar \u0438\u0437 \u043a\u0430\u043a\u0430\u043e-\u0431\u043e\u0431\u043e\u0432 \u0441 \u0421\u0430\u043d-\u0422\u043e\u043c\u0435 \u0441 \u0447\u0435\u0440\u043d\u044b\u043c \u043f\u0435\u0440\u0446\u0435\u043c - \u0411\u0435\u0437 \u0433\u043b\u044e\u0442\u0435\u043d\u0430, \u0412\u0435\u0433\u0430\u043d\u0441\u043a\u0438\u0435 \u043f\u0440\u043e\u0434\u0443\u043a\u0442\u044b, \u0412\u0441\u044f \u043f\u0440\u043e\u0434\u0443\u043a\u0446\u0438\u044f, \u041c\u0430\u043b\u0435\u043d\u044c\u043a\u0438\u0435 \u043f\u043b\u0438\u0442\u043a\u0438, \u041e\u0440\u0433\u0430\u043d\u0438\u0447\u0435\u0441\u043a\u0438\u0435 \u043f\u0440\u043e\u0434\u0443\u043a\u0442\u044b, \u041f\u043b\u0438\u0442\u043a\u0438 bean to bar (\u0438\u0437 \u043a\u0430\u043a\u0430\u043e-\u0431\u043e\u0431\u043e\u0432), \u041f\u043b\u0438\u0442\u043a\u0438 \u0448\u043e\u043a\u043e\u043b\u0430\u0434\u0430. Chocolala\" \/>\n<meta property=\"og:url\" content=\"https:\/\/chocolala.ee\/ru\/product\/ekstra-temnyy-shokolad-bean-to-bar-iz-kakao-bobov-s-san-tome-s-chernym-percem\/\" \/>\n<meta property=\"og:site_name\" content=\"Chocolala\" \/>\n<meta property=\"article:publisher\" content=\"https:\/\/www.facebook.com\/chocolalaestonia\" \/>\n<meta property=\"og:image\" content=\"https:\/\/chocolala.ee\/wp-content\/uploads\/2020\/08\/Sao-Thom\u00e9-bean-to-bar-ekstra-tume-\u0161okolaad-musta-pipraga.-Sao-Thom\u00e9-bean-to-bar-extra-dark-chocolate-with-black-pepper-scaled.jpg\" \/>\n\t<meta property=\"og:image:width\" content=\"2560\" \/>\n\t<meta property=\"og:image:height\" content=\"2048\" \/>\n<meta name=\"twitter:card\" content=\"summary_large_image\" \/>\n<script type=\"application\/ld+json\" class=\"yoast-schema-graph\">{\"@context\":\"https:\/\/schema.org\",\"@graph\":[{\"@type\":\"Organization\",\"@id\":\"https:\/\/chocolala.ee\/ru\/#organization\",\"name\":\"Chocolala\",\"url\":\"https:\/\/chocolala.ee\/ru\/\",\"sameAs\":[\"https:\/\/www.facebook.com\/chocolalaestonia\",\"https:\/\/www.linkedin.com\/company\/chocolalaestonia\/\"],\"logo\":{\"@type\":\"ImageObject\",\"@id\":\"https:\/\/chocolala.ee\/ru\/#logo\",\"inLanguage\":\"ru-RU\",\"url\":\"https:\/\/chocolala.ee\/wp-content\/uploads\/2020\/09\/500_500.jpg\",\"width\":500,\"height\":500,\"caption\":\"Chocolala\"},\"image\":{\"@id\":\"https:\/\/chocolala.ee\/ru\/#logo\"}},{\"@type\":\"WebSite\",\"@id\":\"https:\/\/chocolala.ee\/ru\/#website\",\"url\":\"https:\/\/chocolala.ee\/ru\/\",\"name\":\"Chocolala\",\"description\":\"\",\"publisher\":{\"@id\":\"https:\/\/chocolala.ee\/ru\/#organization\"},\"potentialAction\":[{\"@type\":\"SearchAction\",\"target\":\"https:\/\/chocolala.ee\/ru\/?s={search_term_string}\",\"query-input\":\"required name=search_term_string\"}],\"inLanguage\":\"ru-RU\"},{\"@type\":\"ImageObject\",\"@id\":\"https:\/\/chocolala.ee\/ru\/product\/ekstra-temnyy-shokolad-bean-to-bar-iz-kakao-bobov-s-san-tome-s-chernym-percem\/#primaryimage\",\"inLanguage\":\"ru-RU\",\"url\":\"https:\/\/chocolala.ee\/wp-content\/uploads\/2020\/08\/Sao-Thom\\u00e9-bean-to-bar-ekstra-tume-\\u0161okolaad-musta-pipraga.-Sao-Thom\\u00e9-bean-to-bar-extra-dark-chocolate-with-black-pepper-scaled.jpg\",\"width\":2560,\"height\":2048},{\"@type\":[\"WebPage\",\"ItemPage\"],\"@id\":\"https:\/\/chocolala.ee\/ru\/product\/ekstra-temnyy-shokolad-bean-to-bar-iz-kakao-bobov-s-san-tome-s-chernym-percem\/#webpage\",\"url\":\"https:\/\/chocolala.ee\/ru\/product\/ekstra-temnyy-shokolad-bean-to-bar-iz-kakao-bobov-s-san-tome-s-chernym-percem\/\",\"name\":\"\\u042d\\u043a\\u0441\\u0442\\u0440\\u0430-\\u0442\\u0435\\u043c\\u043d\\u044b\\u0439 \\u0448\\u043e\\u043a\\u043e\\u043b\\u0430\\u0434 bean to bar \\u0438\\u0437 \\u043a\\u0430\\u043a\\u0430\\u043e-\\u0431\\u043e\\u0431\\u043e\\u0432 \\u0441 \\u0421\\u0430\\u043d-\\u0422\\u043e\\u043c\\u0435 \\u0441 \\u0447\\u0435\\u0440\\u043d\\u044b\\u043c \\u043f\\u0435\\u0440\\u0446\\u0435\\u043c - Chocolala\",\"isPartOf\":{\"@id\":\"https:\/\/chocolala.ee\/ru\/#website\"},\"primaryImageOfPage\":{\"@id\":\"https:\/\/chocolala.ee\/ru\/product\/ekstra-temnyy-shokolad-bean-to-bar-iz-kakao-bobov-s-san-tome-s-chernym-percem\/#primaryimage\"},\"datePublished\":\"2020-08-07T13:54:48+00:00\",\"dateModified\":\"2020-08-07T13:54:48+00:00\",\"description\":\"\\u042d\\u043a\\u0441\\u0442\\u0440\\u0430-\\u0442\\u0435\\u043c\\u043d\\u044b\\u0439 \\u0448\\u043e\\u043a\\u043e\\u043b\\u0430\\u0434 bean to bar \\u0438\\u0437 \\u043a\\u0430\\u043a\\u0430\\u043e-\\u0431\\u043e\\u0431\\u043e\\u0432 \\u0441 \\u0421\\u0430\\u043d-\\u0422\\u043e\\u043c\\u0435 \\u0441 \\u0447\\u0435\\u0440\\u043d\\u044b\\u043c \\u043f\\u0435\\u0440\\u0446\\u0435\\u043c - \\u0411\\u0435\\u0437 \\u0433\\u043b\\u044e\\u0442\\u0435\\u043d\\u0430, \\u0412\\u0435\\u0433\\u0430\\u043d\\u0441\\u043a\\u0438\\u0435 \\u043f\\u0440\\u043e\\u0434\\u0443\\u043a\\u0442\\u044b, \\u0412\\u0441\\u044f \\u043f\\u0440\\u043e\\u0434\\u0443\\u043a\\u0446\\u0438\\u044f, \\u041c\\u0430\\u043b\\u0435\\u043d\\u044c\\u043a\\u0438\\u0435 \\u043f\\u043b\\u0438\\u0442\\u043a\\u0438, \\u041e\\u0440\\u0433\\u0430\\u043d\\u0438\\u0447\\u0435\\u0441\\u043a\\u0438\\u0435 \\u043f\\u0440\\u043e\\u0434\\u0443\\u043a\\u0442\\u044b, \\u041f\\u043b\\u0438\\u0442\\u043a\\u0438 bean to bar (\\u0438\\u0437 \\u043a\\u0430\\u043a\\u0430\\u043e-\\u0431\\u043e\\u0431\\u043e\\u0432), \\u041f\\u043b\\u0438\\u0442\\u043a\\u0438 \\u0448\\u043e\\u043a\\u043e\\u043b\\u0430\\u0434\\u0430. Chocolala\",\"inLanguage\":\"ru-RU\",\"potentialAction\":[{\"@type\":\"ReadAction\",\"target\":[\"https:\/\/chocolala.ee\/ru\/product\/ekstra-temnyy-shokolad-bean-to-bar-iz-kakao-bobov-s-san-tome-s-chernym-percem\/\"]}]}]}<\/script>\n<!-- \/ Yoast SEO plugin. -->","_links":{"self":[{"href":"https:\/\/chocolala.ee\/ru\/wp-json\/wp\/v2\/product\/2406"}],"collection":[{"href":"https:\/\/chocolala.ee\/ru\/wp-json\/wp\/v2\/product"}],"about":[{"href":"https:\/\/chocolala.ee\/ru\/wp-json\/wp\/v2\/types\/product"}],"replies":[{"embeddable":true,"href":"https:\/\/chocolala.ee\/ru\/wp-json\/wp\/v2\/comments?post=2406"}],"wp:featuredmedia":[{"embeddable":true,"href":"https:\/\/chocolala.ee\/ru\/wp-json\/wp\/v2\/media\/2394"}],"wp:attachment":[{"href":"https:\/\/chocolala.ee\/ru\/wp-json\/wp\/v2\/media?parent=2406"}],"wp:term":[{"taxonomy":"product_cat","embeddable":true,"href":"https:\/\/chocolala.ee\/ru\/wp-json\/wp\/v2\/product_cat?post=2406"},{"taxonomy":"product_tag","embeddable":true,"href":"https:\/\/chocolala.ee\/ru\/wp-json\/wp\/v2\/product_tag?post=2406"},{"taxonomy":"features","embeddable":true,"href":"https:\/\/chocolala.ee\/ru\/wp-json\/wp\/v2\/features?post=2406"}],"curies":[{"name":"wp","href":"https:\/\/api.w.org\/{rel}","templated":true}]}}