{"id":2608,"date":"2020-08-10T11:59:40","date_gmt":"2020-08-10T08:59:40","guid":{"rendered":"https:\/\/chocolala.ee\/product\/chernaya-korobka-konfet-s-9-shokoladn-ymi-konfetami-i-pozdravleniem-palju-onne\/"},"modified":"2020-08-10T12:15:24","modified_gmt":"2020-08-10T09:15:24","slug":"chernaya-korobka-konfet-s-9-shokoladn-ymi-konfetami-i-pozdravleniem-palju-onne","status":"publish","type":"product","link":"https:\/\/chocolala.ee\/ru\/product\/chernaya-korobka-konfet-s-9-shokoladn-ymi-konfetami-i-pozdravleniem-palju-onne\/","title":{"rendered":"\u0427\u0435\u0440\u043d\u0430\u044f \u043a\u043e\u0440\u043e\u0431\u043a\u0430 \u043a\u043e\u043d\u0444\u0435\u0442 \u0441 9 \u0448\u043e\u043a\u043e\u043b\u0430\u0434\u043d \u044b\u043c\u0438 \u043a\u043e\u043d\u0444\u0435\u0442\u0430\u043c\u0438 \u0438 \u043f\u043e\u0437\u0434\u0440\u0430\u0432\u043b\u0435\u043d\u0438\u0435\u043c Palju \u00f5nne!"},"content":{"rendered":"<p>&nbsp;<\/p>\n","protected":false},"excerpt":{"rendered":"<p>&nbsp;<\/p>\n","protected":false},"featured_media":2508,"comment_status":"open","ping_status":"closed","template":"","meta":[],"product_cat":[66,44,72,78],"product_tag":[],"features":[],"brands":[],"yoast_head":"<!-- This site is optimized with the Yoast SEO plugin v14.9 - https:\/\/yoast.com\/wordpress\/plugins\/seo\/ -->\n<title>\u0427\u0435\u0440\u043d\u0430\u044f \u043a\u043e\u0440\u043e\u0431\u043a\u0430 \u043a\u043e\u043d\u0444\u0435\u0442 \u0441 9 \u0448\u043e\u043a\u043e\u043b\u0430\u0434\u043d \u044b\u043c\u0438 \u043a\u043e\u043d\u0444\u0435\u0442\u0430\u043c\u0438 \u0438 \u043f\u043e\u0437\u0434\u0440\u0430\u0432\u043b\u0435\u043d\u0438\u0435\u043c Palju \u00f5nne! - Chocolala<\/title>\n<meta name=\"description\" content=\"\u0427\u0435\u0440\u043d\u0430\u044f \u043a\u043e\u0440\u043e\u0431\u043a\u0430 \u043a\u043e\u043d\u0444\u0435\u0442 \u0441 9 \u0448\u043e\u043a\u043e\u043b\u0430\u0434\u043d \u044b\u043c\u0438 \u043a\u043e\u043d\u0444\u0435\u0442\u0430\u043c\u0438 \u0438 \u043f\u043e\u0437\u0434\u0440\u0430\u0432\u043b\u0435\u043d\u0438\u0435\u043c Palju \u00f5nne! - All products, Birthdays, \u0412\u0441\u044f \u043f\u0440\u043e\u0434\u0443\u043a\u0446\u0438\u044f, \u041a\u043e \u0434\u043d\u044e \u0440\u043e\u0436\u0434\u0435\u043d\u0438\u044f. Chocolala\" \/>\n<meta name=\"robots\" content=\"index, follow, max-snippet:-1, max-image-preview:large, max-video-preview:-1\" \/>\n<link rel=\"canonical\" href=\"https:\/\/chocolala.ee\/ru\/product\/chernaya-korobka-konfet-s-9-shokoladn-ymi-konfetami-i-pozdravleniem-palju-onne\/\" \/>\n<meta property=\"og:locale\" content=\"ru_RU\" \/>\n<meta property=\"og:type\" content=\"article\" \/>\n<meta property=\"og:title\" content=\"\u0427\u0435\u0440\u043d\u0430\u044f \u043a\u043e\u0440\u043e\u0431\u043a\u0430 \u043a\u043e\u043d\u0444\u0435\u0442 \u0441 9 \u0448\u043e\u043a\u043e\u043b\u0430\u0434\u043d \u044b\u043c\u0438 \u043a\u043e\u043d\u0444\u0435\u0442\u0430\u043c\u0438 \u0438 \u043f\u043e\u0437\u0434\u0440\u0430\u0432\u043b\u0435\u043d\u0438\u0435\u043c Palju \u00f5nne! - Chocolala\" \/>\n<meta property=\"og:description\" content=\"\u0427\u0435\u0440\u043d\u0430\u044f \u043a\u043e\u0440\u043e\u0431\u043a\u0430 \u043a\u043e\u043d\u0444\u0435\u0442 \u0441 9 \u0448\u043e\u043a\u043e\u043b\u0430\u0434\u043d \u044b\u043c\u0438 \u043a\u043e\u043d\u0444\u0435\u0442\u0430\u043c\u0438 \u0438 \u043f\u043e\u0437\u0434\u0440\u0430\u0432\u043b\u0435\u043d\u0438\u0435\u043c Palju \u00f5nne! - All products, Birthdays, \u0412\u0441\u044f \u043f\u0440\u043e\u0434\u0443\u043a\u0446\u0438\u044f, \u041a\u043e \u0434\u043d\u044e \u0440\u043e\u0436\u0434\u0435\u043d\u0438\u044f. Chocolala\" \/>\n<meta property=\"og:url\" content=\"https:\/\/chocolala.ee\/ru\/product\/chernaya-korobka-konfet-s-9-shokoladn-ymi-konfetami-i-pozdravleniem-palju-onne\/\" \/>\n<meta property=\"og:site_name\" content=\"Chocolala\" \/>\n<meta property=\"article:publisher\" content=\"https:\/\/www.facebook.com\/chocolalaestonia\" \/>\n<meta property=\"article:modified_time\" content=\"2020-08-10T09:15:24+00:00\" \/>\n<meta property=\"og:image\" content=\"https:\/\/chocolala.ee\/wp-content\/uploads\/2020\/08\/Must-kommikarp-9-\u0161okolaadiga-ja-Ait\u00e4h-s\u00f5numiga.-Black-gift-box-with-9-chocolates-and-Thank-you-message-scaled.jpg\" \/>\n\t<meta property=\"og:image:width\" content=\"2560\" \/>\n\t<meta property=\"og:image:height\" content=\"2560\" \/>\n<meta name=\"twitter:card\" content=\"summary_large_image\" \/>\n<script type=\"application\/ld+json\" class=\"yoast-schema-graph\">{\"@context\":\"https:\/\/schema.org\",\"@graph\":[{\"@type\":\"Organization\",\"@id\":\"https:\/\/chocolala.ee\/ru\/#organization\",\"name\":\"Chocolala\",\"url\":\"https:\/\/chocolala.ee\/ru\/\",\"sameAs\":[\"https:\/\/www.facebook.com\/chocolalaestonia\",\"https:\/\/www.linkedin.com\/company\/chocolalaestonia\/\"],\"logo\":{\"@type\":\"ImageObject\",\"@id\":\"https:\/\/chocolala.ee\/ru\/#logo\",\"inLanguage\":\"ru-RU\",\"url\":\"https:\/\/chocolala.ee\/wp-content\/uploads\/2020\/09\/500_500.jpg\",\"width\":500,\"height\":500,\"caption\":\"Chocolala\"},\"image\":{\"@id\":\"https:\/\/chocolala.ee\/ru\/#logo\"}},{\"@type\":\"WebSite\",\"@id\":\"https:\/\/chocolala.ee\/ru\/#website\",\"url\":\"https:\/\/chocolala.ee\/ru\/\",\"name\":\"Chocolala\",\"description\":\"\",\"publisher\":{\"@id\":\"https:\/\/chocolala.ee\/ru\/#organization\"},\"potentialAction\":[{\"@type\":\"SearchAction\",\"target\":\"https:\/\/chocolala.ee\/ru\/?s={search_term_string}\",\"query-input\":\"required name=search_term_string\"}],\"inLanguage\":\"ru-RU\"},{\"@type\":\"ImageObject\",\"@id\":\"https:\/\/chocolala.ee\/ru\/product\/chernaya-korobka-konfet-s-9-shokoladn-ymi-konfetami-i-pozdravleniem-palju-onne\/#primaryimage\",\"inLanguage\":\"ru-RU\",\"url\":\"https:\/\/chocolala.ee\/wp-content\/uploads\/2020\/08\/Must-kommikarp-9-\\u0161okolaadiga-ja-Ait\\u00e4h-s\\u00f5numiga.-Black-gift-box-with-9-chocolates-and-Thank-you-message-scaled.jpg\",\"width\":2560,\"height\":2560,\"caption\":\"Black 9 chocolate candies box\"},{\"@type\":[\"WebPage\",\"ItemPage\"],\"@id\":\"https:\/\/chocolala.ee\/ru\/product\/chernaya-korobka-konfet-s-9-shokoladn-ymi-konfetami-i-pozdravleniem-palju-onne\/#webpage\",\"url\":\"https:\/\/chocolala.ee\/ru\/product\/chernaya-korobka-konfet-s-9-shokoladn-ymi-konfetami-i-pozdravleniem-palju-onne\/\",\"name\":\"\\u0427\\u0435\\u0440\\u043d\\u0430\\u044f \\u043a\\u043e\\u0440\\u043e\\u0431\\u043a\\u0430 \\u043a\\u043e\\u043d\\u0444\\u0435\\u0442 \\u0441 9 \\u0448\\u043e\\u043a\\u043e\\u043b\\u0430\\u0434\\u043d \\u044b\\u043c\\u0438 \\u043a\\u043e\\u043d\\u0444\\u0435\\u0442\\u0430\\u043c\\u0438 \\u0438 \\u043f\\u043e\\u0437\\u0434\\u0440\\u0430\\u0432\\u043b\\u0435\\u043d\\u0438\\u0435\\u043c Palju \\u00f5nne! - Chocolala\",\"isPartOf\":{\"@id\":\"https:\/\/chocolala.ee\/ru\/#website\"},\"primaryImageOfPage\":{\"@id\":\"https:\/\/chocolala.ee\/ru\/product\/chernaya-korobka-konfet-s-9-shokoladn-ymi-konfetami-i-pozdravleniem-palju-onne\/#primaryimage\"},\"datePublished\":\"2020-08-10T08:59:40+00:00\",\"dateModified\":\"2020-08-10T09:15:24+00:00\",\"description\":\"\\u0427\\u0435\\u0440\\u043d\\u0430\\u044f \\u043a\\u043e\\u0440\\u043e\\u0431\\u043a\\u0430 \\u043a\\u043e\\u043d\\u0444\\u0435\\u0442 \\u0441 9 \\u0448\\u043e\\u043a\\u043e\\u043b\\u0430\\u0434\\u043d \\u044b\\u043c\\u0438 \\u043a\\u043e\\u043d\\u0444\\u0435\\u0442\\u0430\\u043c\\u0438 \\u0438 \\u043f\\u043e\\u0437\\u0434\\u0440\\u0430\\u0432\\u043b\\u0435\\u043d\\u0438\\u0435\\u043c Palju \\u00f5nne! - All products, Birthdays, \\u0412\\u0441\\u044f \\u043f\\u0440\\u043e\\u0434\\u0443\\u043a\\u0446\\u0438\\u044f, \\u041a\\u043e \\u0434\\u043d\\u044e \\u0440\\u043e\\u0436\\u0434\\u0435\\u043d\\u0438\\u044f. Chocolala\",\"inLanguage\":\"ru-RU\",\"potentialAction\":[{\"@type\":\"ReadAction\",\"target\":[\"https:\/\/chocolala.ee\/ru\/product\/chernaya-korobka-konfet-s-9-shokoladn-ymi-konfetami-i-pozdravleniem-palju-onne\/\"]}]}]}<\/script>\n<!-- \/ Yoast SEO plugin. -->","_links":{"self":[{"href":"https:\/\/chocolala.ee\/ru\/wp-json\/wp\/v2\/product\/2608"}],"collection":[{"href":"https:\/\/chocolala.ee\/ru\/wp-json\/wp\/v2\/product"}],"about":[{"href":"https:\/\/chocolala.ee\/ru\/wp-json\/wp\/v2\/types\/product"}],"replies":[{"embeddable":true,"href":"https:\/\/chocolala.ee\/ru\/wp-json\/wp\/v2\/comments?post=2608"}],"wp:featuredmedia":[{"embeddable":true,"href":"https:\/\/chocolala.ee\/ru\/wp-json\/wp\/v2\/media\/2508"}],"wp:attachment":[{"href":"https:\/\/chocolala.ee\/ru\/wp-json\/wp\/v2\/media?parent=2608"}],"wp:term":[{"taxonomy":"product_cat","embeddable":true,"href":"https:\/\/chocolala.ee\/ru\/wp-json\/wp\/v2\/product_cat?post=2608"},{"taxonomy":"product_tag","embeddable":true,"href":"https:\/\/chocolala.ee\/ru\/wp-json\/wp\/v2\/product_tag?post=2608"},{"taxonomy":"features","embeddable":true,"href":"https:\/\/chocolala.ee\/ru\/wp-json\/wp\/v2\/features?post=2608"}],"curies":[{"name":"wp","href":"https:\/\/api.w.org\/{rel}","templated":true}]}}