{"id":38254,"date":"2024-12-02T21:47:51","date_gmt":"2024-12-02T18:47:52","guid":{"rendered":"https:\/\/chocolala.ee\/?post_type=product&#038;p=38254"},"modified":"2025-01-13T12:44:13","modified_gmt":"2025-01-13T09:44:13","slug":"%d0%be%d1%80%d0%b5%d1%85%d0%b8-%d0%b2-%d1%88%d0%be%d0%ba%d0%be%d0%bb%d0%b0%d0%b4%d0%b5-80%d0%b3-copy","status":"publish","type":"product","link":"https:\/\/chocolala.ee\/ru\/product\/%d0%be%d1%80%d0%b5%d1%85%d0%b8-%d0%b2-%d1%88%d0%be%d0%ba%d0%be%d0%bb%d0%b0%d0%b4%d0%b5-80%d0%b3-copy\/","title":{"rendered":"\u0424\u0443\u043d\u0434\u0443\u043a \u0432 \u0438\u043c\u0431\u0438\u0440\u043d\u043e\u043c \u0448\u043e\u043a\u043e\u043b\u0430\u0434\u0435 &#8211; 80 \u0433"},"content":{"rendered":"<p>\u0424\u0443\u043d\u0434\u0443\u043a \u0432 \u0438\u043c\u0431\u0438\u0440\u043d\u043e\u043c \u0448\u043e\u043a\u043e\u043b\u0430\u0434\u0435<br \/>\n\u041c\u0438\u043d\u0438\u043c\u0430\u043b\u044c\u043d\u044b\u0439 \u0432\u0435\u0441 \u043d\u0435\u0442\u0442\u043e: 80 \u0433.<\/p>\n","protected":false},"excerpt":{"rendered":"<p>\u0424\u0443\u043d\u0434\u0443\u043a \u0432 \u0438\u043c\u0431\u0438\u0440\u043d\u043e\u043c \u0448\u043e\u043a\u043e\u043b\u0430\u0434\u0435 \u041c\u0438\u043d\u0438\u043c\u0430\u043b\u044c\u043d\u044b\u0439 \u0432\u0435\u0441 \u043d\u0435\u0442\u0442\u043e: 80 \u0433.<\/p>\n","protected":false},"featured_media":38257,"comment_status":"open","ping_status":"closed","template":"","meta":[],"product_cat":[66,152,99,47,45,153,71,117,118,101,60,72,102,154,100],"product_tag":[],"features":[],"brands":[],"yoast_head":"<!-- This site is optimized with the Yoast SEO plugin v14.9 - https:\/\/yoast.com\/wordpress\/plugins\/seo\/ -->\n<title>\u0424\u0443\u043d\u0434\u0443\u043a \u0432 \u0438\u043c\u0431\u0438\u0440\u043d\u043e\u043c \u0448\u043e\u043a\u043e\u043b\u0430\u0434\u0435 - 80 \u0433 - Chocolala<\/title>\n<meta name=\"description\" content=\"\u0424\u0443\u043d\u0434\u0443\u043a \u0432 \u0438\u043c\u0431\u0438\u0440\u043d\u043e\u043c \u0448\u043e\u043a\u043e\u043b\u0430\u0434\u0435 - 80 \u0433 - All products, Christmas, Emale ja isale, For mother and father, Friends and loved ones, J\u00f5uludeks, K\u00f5ik tooted, Kreemid - P\u00e4hklid - Kama, K\u0440\u0435\u043c - \u041e\u0440\u0435\u0445\u0438 - \u041a\u0430\u043c\u0430, S\u00f5brale ja armsamale, Spreads - Nuts - Kama, \u0412\u0441\u044f \u043f\u0440\u043e\u0434\u0443\u043a\u0446\u0438\u044f, \u0414\u0440\u0443\u0433\u0443 \u0438 \u043b\u044e\u0431\u0438\u043c\u043e\u043c\u0443 \u0447\u0435\u043b\u043e\u0432\u0435\u043a\u0443, \u041a \u0420\u043e\u0436\u0434\u0435\u0441\u0442\u0432\u0443, \u041c\u0430\u043c\u0435 \u0438 \u043f\u0430\u043f\u0435. Chocolala\" \/>\n<meta name=\"robots\" content=\"index, follow, max-snippet:-1, max-image-preview:large, max-video-preview:-1\" \/>\n<link rel=\"canonical\" href=\"https:\/\/chocolala.ee\/ru\/product\/%d0%be%d1%80%d0%b5%d1%85%d0%b8-%d0%b2-%d1%88%d0%be%d0%ba%d0%be%d0%bb%d0%b0%d0%b4%d0%b5-80%d0%b3-copy\/\" \/>\n<meta property=\"og:locale\" content=\"ru_RU\" \/>\n<meta property=\"og:type\" content=\"article\" \/>\n<meta property=\"og:title\" content=\"\u0424\u0443\u043d\u0434\u0443\u043a \u0432 \u0438\u043c\u0431\u0438\u0440\u043d\u043e\u043c \u0448\u043e\u043a\u043e\u043b\u0430\u0434\u0435 - 80 \u0433 - Chocolala\" \/>\n<meta property=\"og:description\" content=\"\u0424\u0443\u043d\u0434\u0443\u043a \u0432 \u0438\u043c\u0431\u0438\u0440\u043d\u043e\u043c \u0448\u043e\u043a\u043e\u043b\u0430\u0434\u0435 - 80 \u0433 - All products, Christmas, Emale ja isale, For mother and father, Friends and loved ones, J\u00f5uludeks, K\u00f5ik tooted, Kreemid - P\u00e4hklid - Kama, K\u0440\u0435\u043c - \u041e\u0440\u0435\u0445\u0438 - \u041a\u0430\u043c\u0430, S\u00f5brale ja armsamale, Spreads - Nuts - Kama, \u0412\u0441\u044f \u043f\u0440\u043e\u0434\u0443\u043a\u0446\u0438\u044f, \u0414\u0440\u0443\u0433\u0443 \u0438 \u043b\u044e\u0431\u0438\u043c\u043e\u043c\u0443 \u0447\u0435\u043b\u043e\u0432\u0435\u043a\u0443, \u041a \u0420\u043e\u0436\u0434\u0435\u0441\u0442\u0432\u0443, \u041c\u0430\u043c\u0435 \u0438 \u043f\u0430\u043f\u0435. Chocolala\" \/>\n<meta property=\"og:url\" content=\"https:\/\/chocolala.ee\/ru\/product\/%d0%be%d1%80%d0%b5%d1%85%d0%b8-%d0%b2-%d1%88%d0%be%d0%ba%d0%be%d0%bb%d0%b0%d0%b4%d0%b5-80%d0%b3-copy\/\" \/>\n<meta property=\"og:site_name\" content=\"Chocolala\" \/>\n<meta property=\"article:publisher\" content=\"https:\/\/www.facebook.com\/chocolalaestonia\" \/>\n<meta property=\"article:modified_time\" content=\"2025-01-13T09:44:13+00:00\" \/>\n<meta property=\"og:image\" content=\"https:\/\/chocolala.ee\/wp-content\/uploads\/2024\/12\/Sarapuupahklid-piprakoogisokolaadi-Hazelnuts-in-ginger-bread-chocolate-80g.jpg\" \/>\n\t<meta property=\"og:image:width\" content=\"2000\" \/>\n\t<meta property=\"og:image:height\" content=\"2000\" \/>\n<meta name=\"twitter:card\" content=\"summary_large_image\" \/>\n<script type=\"application\/ld+json\" class=\"yoast-schema-graph\">{\"@context\":\"https:\/\/schema.org\",\"@graph\":[{\"@type\":\"Organization\",\"@id\":\"https:\/\/chocolala.ee\/ru\/#organization\",\"name\":\"Chocolala\",\"url\":\"https:\/\/chocolala.ee\/ru\/\",\"sameAs\":[\"https:\/\/www.facebook.com\/chocolalaestonia\",\"https:\/\/www.linkedin.com\/company\/chocolalaestonia\/\"],\"logo\":{\"@type\":\"ImageObject\",\"@id\":\"https:\/\/chocolala.ee\/ru\/#logo\",\"inLanguage\":\"ru-RU\",\"url\":\"https:\/\/chocolala.ee\/wp-content\/uploads\/2020\/09\/500_500.jpg\",\"width\":500,\"height\":500,\"caption\":\"Chocolala\"},\"image\":{\"@id\":\"https:\/\/chocolala.ee\/ru\/#logo\"}},{\"@type\":\"WebSite\",\"@id\":\"https:\/\/chocolala.ee\/ru\/#website\",\"url\":\"https:\/\/chocolala.ee\/ru\/\",\"name\":\"Chocolala\",\"description\":\"\",\"publisher\":{\"@id\":\"https:\/\/chocolala.ee\/ru\/#organization\"},\"potentialAction\":[{\"@type\":\"SearchAction\",\"target\":\"https:\/\/chocolala.ee\/ru\/?s={search_term_string}\",\"query-input\":\"required name=search_term_string\"}],\"inLanguage\":\"ru-RU\"},{\"@type\":\"ImageObject\",\"@id\":\"https:\/\/chocolala.ee\/ru\/product\/%d0%be%d1%80%d0%b5%d1%85%d0%b8-%d0%b2-%d1%88%d0%be%d0%ba%d0%be%d0%bb%d0%b0%d0%b4%d0%b5-80%d0%b3-copy\/#primaryimage\",\"inLanguage\":\"ru-RU\",\"url\":\"https:\/\/chocolala.ee\/wp-content\/uploads\/2024\/12\/Sarapuupahklid-piprakoogisokolaadi-Hazelnuts-in-ginger-bread-chocolate-80g.jpg\",\"width\":2000,\"height\":2000,\"caption\":\"Sarapuupahklid piprakoogisokolaadi-Hazelnuts in ginger bread chocolate-80g\"},{\"@type\":[\"WebPage\",\"ItemPage\"],\"@id\":\"https:\/\/chocolala.ee\/ru\/product\/%d0%be%d1%80%d0%b5%d1%85%d0%b8-%d0%b2-%d1%88%d0%be%d0%ba%d0%be%d0%bb%d0%b0%d0%b4%d0%b5-80%d0%b3-copy\/#webpage\",\"url\":\"https:\/\/chocolala.ee\/ru\/product\/%d0%be%d1%80%d0%b5%d1%85%d0%b8-%d0%b2-%d1%88%d0%be%d0%ba%d0%be%d0%bb%d0%b0%d0%b4%d0%b5-80%d0%b3-copy\/\",\"name\":\"\\u0424\\u0443\\u043d\\u0434\\u0443\\u043a \\u0432 \\u0438\\u043c\\u0431\\u0438\\u0440\\u043d\\u043e\\u043c \\u0448\\u043e\\u043a\\u043e\\u043b\\u0430\\u0434\\u0435 - 80 \\u0433 - Chocolala\",\"isPartOf\":{\"@id\":\"https:\/\/chocolala.ee\/ru\/#website\"},\"primaryImageOfPage\":{\"@id\":\"https:\/\/chocolala.ee\/ru\/product\/%d0%be%d1%80%d0%b5%d1%85%d0%b8-%d0%b2-%d1%88%d0%be%d0%ba%d0%be%d0%bb%d0%b0%d0%b4%d0%b5-80%d0%b3-copy\/#primaryimage\"},\"datePublished\":\"2024-12-02T18:47:52+00:00\",\"dateModified\":\"2025-01-13T09:44:13+00:00\",\"description\":\"\\u0424\\u0443\\u043d\\u0434\\u0443\\u043a \\u0432 \\u0438\\u043c\\u0431\\u0438\\u0440\\u043d\\u043e\\u043c \\u0448\\u043e\\u043a\\u043e\\u043b\\u0430\\u0434\\u0435 - 80 \\u0433 - All products, Christmas, Emale ja isale, For mother and father, Friends and loved ones, J\\u00f5uludeks, K\\u00f5ik tooted, Kreemid - P\\u00e4hklid - Kama, K\\u0440\\u0435\\u043c - \\u041e\\u0440\\u0435\\u0445\\u0438 - \\u041a\\u0430\\u043c\\u0430, S\\u00f5brale ja armsamale, Spreads - Nuts - Kama, \\u0412\\u0441\\u044f \\u043f\\u0440\\u043e\\u0434\\u0443\\u043a\\u0446\\u0438\\u044f, \\u0414\\u0440\\u0443\\u0433\\u0443 \\u0438 \\u043b\\u044e\\u0431\\u0438\\u043c\\u043e\\u043c\\u0443 \\u0447\\u0435\\u043b\\u043e\\u0432\\u0435\\u043a\\u0443, \\u041a \\u0420\\u043e\\u0436\\u0434\\u0435\\u0441\\u0442\\u0432\\u0443, \\u041c\\u0430\\u043c\\u0435 \\u0438 \\u043f\\u0430\\u043f\\u0435. Chocolala\",\"inLanguage\":\"ru-RU\",\"potentialAction\":[{\"@type\":\"ReadAction\",\"target\":[\"https:\/\/chocolala.ee\/ru\/product\/%d0%be%d1%80%d0%b5%d1%85%d0%b8-%d0%b2-%d1%88%d0%be%d0%ba%d0%be%d0%bb%d0%b0%d0%b4%d0%b5-80%d0%b3-copy\/\"]}]}]}<\/script>\n<!-- \/ Yoast SEO plugin. -->","_links":{"self":[{"href":"https:\/\/chocolala.ee\/ru\/wp-json\/wp\/v2\/product\/38254"}],"collection":[{"href":"https:\/\/chocolala.ee\/ru\/wp-json\/wp\/v2\/product"}],"about":[{"href":"https:\/\/chocolala.ee\/ru\/wp-json\/wp\/v2\/types\/product"}],"replies":[{"embeddable":true,"href":"https:\/\/chocolala.ee\/ru\/wp-json\/wp\/v2\/comments?post=38254"}],"wp:featuredmedia":[{"embeddable":true,"href":"https:\/\/chocolala.ee\/ru\/wp-json\/wp\/v2\/media\/38257"}],"wp:attachment":[{"href":"https:\/\/chocolala.ee\/ru\/wp-json\/wp\/v2\/media?parent=38254"}],"wp:term":[{"taxonomy":"product_cat","embeddable":true,"href":"https:\/\/chocolala.ee\/ru\/wp-json\/wp\/v2\/product_cat?post=38254"},{"taxonomy":"product_tag","embeddable":true,"href":"https:\/\/chocolala.ee\/ru\/wp-json\/wp\/v2\/product_tag?post=38254"},{"taxonomy":"features","embeddable":true,"href":"https:\/\/chocolala.ee\/ru\/wp-json\/wp\/v2\/features?post=38254"}],"curies":[{"name":"wp","href":"https:\/\/api.w.org\/{rel}","templated":true}]}}