{"id":46004,"date":"2026-03-12T15:29:06","date_gmt":"2026-03-12T12:29:07","guid":{"rendered":"https:\/\/chocolala.ee\/?post_type=product&#038;p=46004"},"modified":"2026-03-12T15:44:09","modified_gmt":"2026-03-12T12:44:09","slug":"%d1%88%d0%be%d0%ba%d0%be%d0%bb%d0%b0%d0%b4%d0%bd%d1%8b%d0%b9-%d0%b1%d0%b0%d1%82%d0%be%d0%bd%d1%87%d0%b8%d0%ba-%d1%80%d1%83%d0%b1%d0%b8%d0%bd%d0%be%d0%b2%d1%8b%d0%b9-%d1%81-%d0%bf%d0%b0%d1%81%d1%85","status":"publish","type":"product","link":"https:\/\/chocolala.ee\/ru\/product\/%d1%88%d0%be%d0%ba%d0%be%d0%bb%d0%b0%d0%b4%d0%bd%d1%8b%d0%b9-%d0%b1%d0%b0%d1%82%d0%be%d0%bd%d1%87%d0%b8%d0%ba-%d1%80%d1%83%d0%b1%d0%b8%d0%bd%d0%be%d0%b2%d1%8b%d0%b9-%d1%81-%d0%bf%d0%b0%d1%81%d1%85\/","title":{"rendered":"\u0428\u043e\u043a\u043e\u043b\u0430\u0434\u043d\u044b\u0439 \u0431\u0430\u0442\u043e\u043d\u0447\u0438\u043a \u00ab\u0420\u0443\u0431\u0438\u043d\u043e\u0432\u044b\u0439\u00bb \u0441 \u0444\u0438\u0441\u0442\u0430\u0448\u043a\u043e\u0432\u044b\u043c \u043a\u0440\u0435\u043c\u043e\u043c, \u044f\u0433\u043e\u0434\u0430\u043c\u0438 \u0438 \u0444\u0438\u0441\u0442\u0430\u0448\u043a\u0430\u043c\u0438, \u043f\u0430\u0441\u0445\u0430\u043b\u044c\u043d\u0430\u044f \u043a\u043e\u043b\u043b\u0435\u043a\u0446\u0438\u044f"},"content":{"rendered":"<p>&nbsp;<\/p>\n","protected":false},"excerpt":{"rendered":"<p>\u041c\u0438\u043d\u0438\u043c\u0430\u043b\u044c\u043d\u044b\u0439 \u0432\u0435\u0441 \u043d\u0435\u0442\u0442\u043e 120 \u0433<\/p>\n","protected":false},"featured_media":46007,"comment_status":"open","ping_status":"closed","template":"","meta":[],"product_cat":[75,71,95,79,72,96,76,80],"product_tag":[],"features":[],"brands":[],"yoast_head":"<!-- This site is optimized with the Yoast SEO plugin v14.9 - https:\/\/yoast.com\/wordpress\/plugins\/seo\/ -->\n<title>\u0428\u043e\u043a\u043e\u043b\u0430\u0434\u043d\u044b\u0439 \u0431\u0430\u0442\u043e\u043d\u0447\u0438\u043a \u00ab\u0420\u0443\u0431\u0438\u043d\u043e\u0432\u044b\u0439\u00bb \u0441 \u0444\u0438\u0441\u0442\u0430\u0448\u043a\u043e\u0432\u044b\u043c \u043a\u0440\u0435\u043c\u043e\u043c, \u044f\u0433\u043e\u0434\u0430\u043c\u0438 \u0438 \u0444\u0438\u0441\u0442\u0430\u0448\u043a\u0430\u043c\u0438, \u043f\u0430\u0441\u0445\u0430\u043b\u044c\u043d\u0430\u044f \u043a\u043e\u043b\u043b\u0435\u043a\u0446\u0438\u044f - Chocolala<\/title>\n<meta name=\"description\" content=\"\u0428\u043e\u043a\u043e\u043b\u0430\u0434\u043d\u044b\u0439 \u0431\u0430\u0442\u043e\u043d\u0447\u0438\u043a \u00ab\u0420\u0443\u0431\u0438\u043d\u043e\u0432\u044b\u0439\u00bb \u0441 \u0444\u0438\u0441\u0442\u0430\u0448\u043a\u043e\u0432\u044b\u043c \u043a\u0440\u0435\u043c\u043e\u043c, \u044f\u0433\u043e\u0434\u0430\u043c\u0438 \u0438 \u0444\u0438\u0441\u0442\u0430\u0448\u043a\u0430\u043c\u0438, \u043f\u0430\u0441\u0445\u0430\u043b\u044c\u043d\u0430\u044f \u043a\u043e\u043b\u043b\u0435\u043a\u0446\u0438\u044f - Klientide lemmikud, K\u00f5ik tooted, Lihav\u00f5tteks, \u0160okolaaditahvlid, \u0412\u0441\u044f \u043f\u0440\u043e\u0434\u0443\u043a\u0446\u0438\u044f, \u041a \u041f\u0430\u0441\u0445\u0435, \u041b\u044e\u0431\u0438\u043c\u044b\u0439 \u0448\u043e\u043a\u043e\u043b\u0430\u0434 \u043d\u0430\u0448\u0438\u0445 \u043a\u043b\u0438\u0435\u043d\u0442\u043e\u0432, \u041f\u043b\u0438\u0442\u043a\u0438 \u0448\u043e\u043a\u043e\u043b\u0430\u0434\u0430. Chocolala\" \/>\n<meta name=\"robots\" content=\"index, follow, max-snippet:-1, max-image-preview:large, max-video-preview:-1\" \/>\n<link rel=\"canonical\" href=\"https:\/\/chocolala.ee\/ru\/product\/%d1%88%d0%be%d0%ba%d0%be%d0%bb%d0%b0%d0%b4%d0%bd%d1%8b%d0%b9-%d0%b1%d0%b0%d1%82%d0%be%d0%bd%d1%87%d0%b8%d0%ba-%d1%80%d1%83%d0%b1%d0%b8%d0%bd%d0%be%d0%b2%d1%8b%d0%b9-%d1%81-%d0%bf%d0%b0%d1%81%d1%85\/\" \/>\n<meta property=\"og:locale\" content=\"ru_RU\" \/>\n<meta property=\"og:type\" content=\"article\" \/>\n<meta property=\"og:title\" content=\"\u0428\u043e\u043a\u043e\u043b\u0430\u0434\u043d\u044b\u0439 \u0431\u0430\u0442\u043e\u043d\u0447\u0438\u043a \u00ab\u0420\u0443\u0431\u0438\u043d\u043e\u0432\u044b\u0439\u00bb \u0441 \u0444\u0438\u0441\u0442\u0430\u0448\u043a\u043e\u0432\u044b\u043c \u043a\u0440\u0435\u043c\u043e\u043c, \u044f\u0433\u043e\u0434\u0430\u043c\u0438 \u0438 \u0444\u0438\u0441\u0442\u0430\u0448\u043a\u0430\u043c\u0438, \u043f\u0430\u0441\u0445\u0430\u043b\u044c\u043d\u0430\u044f \u043a\u043e\u043b\u043b\u0435\u043a\u0446\u0438\u044f - Chocolala\" \/>\n<meta property=\"og:description\" content=\"\u0428\u043e\u043a\u043e\u043b\u0430\u0434\u043d\u044b\u0439 \u0431\u0430\u0442\u043e\u043d\u0447\u0438\u043a \u00ab\u0420\u0443\u0431\u0438\u043d\u043e\u0432\u044b\u0439\u00bb \u0441 \u0444\u0438\u0441\u0442\u0430\u0448\u043a\u043e\u0432\u044b\u043c \u043a\u0440\u0435\u043c\u043e\u043c, \u044f\u0433\u043e\u0434\u0430\u043c\u0438 \u0438 \u0444\u0438\u0441\u0442\u0430\u0448\u043a\u0430\u043c\u0438, \u043f\u0430\u0441\u0445\u0430\u043b\u044c\u043d\u0430\u044f \u043a\u043e\u043b\u043b\u0435\u043a\u0446\u0438\u044f - Klientide lemmikud, K\u00f5ik tooted, Lihav\u00f5tteks, \u0160okolaaditahvlid, \u0412\u0441\u044f \u043f\u0440\u043e\u0434\u0443\u043a\u0446\u0438\u044f, \u041a \u041f\u0430\u0441\u0445\u0435, \u041b\u044e\u0431\u0438\u043c\u044b\u0439 \u0448\u043e\u043a\u043e\u043b\u0430\u0434 \u043d\u0430\u0448\u0438\u0445 \u043a\u043b\u0438\u0435\u043d\u0442\u043e\u0432, \u041f\u043b\u0438\u0442\u043a\u0438 \u0448\u043e\u043a\u043e\u043b\u0430\u0434\u0430. Chocolala\" \/>\n<meta property=\"og:url\" content=\"https:\/\/chocolala.ee\/ru\/product\/%d1%88%d0%be%d0%ba%d0%be%d0%bb%d0%b0%d0%b4%d0%bd%d1%8b%d0%b9-%d0%b1%d0%b0%d1%82%d0%be%d0%bd%d1%87%d0%b8%d0%ba-%d1%80%d1%83%d0%b1%d0%b8%d0%bd%d0%be%d0%b2%d1%8b%d0%b9-%d1%81-%d0%bf%d0%b0%d1%81%d1%85\/\" \/>\n<meta property=\"og:site_name\" content=\"Chocolala\" \/>\n<meta property=\"article:publisher\" content=\"https:\/\/www.facebook.com\/chocolalaestonia\" \/>\n<meta property=\"article:modified_time\" content=\"2026-03-12T12:44:09+00:00\" \/>\n<meta property=\"og:image\" content=\"https:\/\/chocolala.ee\/wp-content\/uploads\/2026\/03\/Easter-Chick-Lihavotted-Tibu-2026-130g.jpg\" \/>\n\t<meta property=\"og:image:width\" content=\"1395\" \/>\n\t<meta property=\"og:image:height\" content=\"1395\" \/>\n<meta name=\"twitter:card\" content=\"summary_large_image\" \/>\n<script type=\"application\/ld+json\" class=\"yoast-schema-graph\">{\"@context\":\"https:\/\/schema.org\",\"@graph\":[{\"@type\":\"Organization\",\"@id\":\"https:\/\/chocolala.ee\/ru\/#organization\",\"name\":\"Chocolala\",\"url\":\"https:\/\/chocolala.ee\/ru\/\",\"sameAs\":[\"https:\/\/www.facebook.com\/chocolalaestonia\",\"https:\/\/www.linkedin.com\/company\/chocolalaestonia\/\"],\"logo\":{\"@type\":\"ImageObject\",\"@id\":\"https:\/\/chocolala.ee\/ru\/#logo\",\"inLanguage\":\"ru-RU\",\"url\":\"https:\/\/chocolala.ee\/wp-content\/uploads\/2020\/09\/500_500.jpg\",\"width\":500,\"height\":500,\"caption\":\"Chocolala\"},\"image\":{\"@id\":\"https:\/\/chocolala.ee\/ru\/#logo\"}},{\"@type\":\"WebSite\",\"@id\":\"https:\/\/chocolala.ee\/ru\/#website\",\"url\":\"https:\/\/chocolala.ee\/ru\/\",\"name\":\"Chocolala\",\"description\":\"\",\"publisher\":{\"@id\":\"https:\/\/chocolala.ee\/ru\/#organization\"},\"potentialAction\":[{\"@type\":\"SearchAction\",\"target\":\"https:\/\/chocolala.ee\/ru\/?s={search_term_string}\",\"query-input\":\"required name=search_term_string\"}],\"inLanguage\":\"ru-RU\"},{\"@type\":\"ImageObject\",\"@id\":\"https:\/\/chocolala.ee\/ru\/product\/%d1%88%d0%be%d0%ba%d0%be%d0%bb%d0%b0%d0%b4%d0%bd%d1%8b%d0%b9-%d0%b1%d0%b0%d1%82%d0%be%d0%bd%d1%87%d0%b8%d0%ba-%d1%80%d1%83%d0%b1%d0%b8%d0%bd%d0%be%d0%b2%d1%8b%d0%b9-%d1%81-%d0%bf%d0%b0%d1%81%d1%85\/#primaryimage\",\"inLanguage\":\"ru-RU\",\"url\":\"https:\/\/chocolala.ee\/wp-content\/uploads\/2026\/03\/Easter-Chick-Lihavotted-Tibu-2026-130g.jpg\",\"width\":1395,\"height\":1395},{\"@type\":[\"WebPage\",\"ItemPage\"],\"@id\":\"https:\/\/chocolala.ee\/ru\/product\/%d1%88%d0%be%d0%ba%d0%be%d0%bb%d0%b0%d0%b4%d0%bd%d1%8b%d0%b9-%d0%b1%d0%b0%d1%82%d0%be%d0%bd%d1%87%d0%b8%d0%ba-%d1%80%d1%83%d0%b1%d0%b8%d0%bd%d0%be%d0%b2%d1%8b%d0%b9-%d1%81-%d0%bf%d0%b0%d1%81%d1%85\/#webpage\",\"url\":\"https:\/\/chocolala.ee\/ru\/product\/%d1%88%d0%be%d0%ba%d0%be%d0%bb%d0%b0%d0%b4%d0%bd%d1%8b%d0%b9-%d0%b1%d0%b0%d1%82%d0%be%d0%bd%d1%87%d0%b8%d0%ba-%d1%80%d1%83%d0%b1%d0%b8%d0%bd%d0%be%d0%b2%d1%8b%d0%b9-%d1%81-%d0%bf%d0%b0%d1%81%d1%85\/\",\"name\":\"\\u0428\\u043e\\u043a\\u043e\\u043b\\u0430\\u0434\\u043d\\u044b\\u0439 \\u0431\\u0430\\u0442\\u043e\\u043d\\u0447\\u0438\\u043a \\u00ab\\u0420\\u0443\\u0431\\u0438\\u043d\\u043e\\u0432\\u044b\\u0439\\u00bb \\u0441 \\u0444\\u0438\\u0441\\u0442\\u0430\\u0448\\u043a\\u043e\\u0432\\u044b\\u043c \\u043a\\u0440\\u0435\\u043c\\u043e\\u043c, \\u044f\\u0433\\u043e\\u0434\\u0430\\u043c\\u0438 \\u0438 \\u0444\\u0438\\u0441\\u0442\\u0430\\u0448\\u043a\\u0430\\u043c\\u0438, \\u043f\\u0430\\u0441\\u0445\\u0430\\u043b\\u044c\\u043d\\u0430\\u044f \\u043a\\u043e\\u043b\\u043b\\u0435\\u043a\\u0446\\u0438\\u044f - Chocolala\",\"isPartOf\":{\"@id\":\"https:\/\/chocolala.ee\/ru\/#website\"},\"primaryImageOfPage\":{\"@id\":\"https:\/\/chocolala.ee\/ru\/product\/%d1%88%d0%be%d0%ba%d0%be%d0%bb%d0%b0%d0%b4%d0%bd%d1%8b%d0%b9-%d0%b1%d0%b0%d1%82%d0%be%d0%bd%d1%87%d0%b8%d0%ba-%d1%80%d1%83%d0%b1%d0%b8%d0%bd%d0%be%d0%b2%d1%8b%d0%b9-%d1%81-%d0%bf%d0%b0%d1%81%d1%85\/#primaryimage\"},\"datePublished\":\"2026-03-12T12:29:07+00:00\",\"dateModified\":\"2026-03-12T12:44:09+00:00\",\"description\":\"\\u0428\\u043e\\u043a\\u043e\\u043b\\u0430\\u0434\\u043d\\u044b\\u0439 \\u0431\\u0430\\u0442\\u043e\\u043d\\u0447\\u0438\\u043a \\u00ab\\u0420\\u0443\\u0431\\u0438\\u043d\\u043e\\u0432\\u044b\\u0439\\u00bb \\u0441 \\u0444\\u0438\\u0441\\u0442\\u0430\\u0448\\u043a\\u043e\\u0432\\u044b\\u043c \\u043a\\u0440\\u0435\\u043c\\u043e\\u043c, \\u044f\\u0433\\u043e\\u0434\\u0430\\u043c\\u0438 \\u0438 \\u0444\\u0438\\u0441\\u0442\\u0430\\u0448\\u043a\\u0430\\u043c\\u0438, \\u043f\\u0430\\u0441\\u0445\\u0430\\u043b\\u044c\\u043d\\u0430\\u044f \\u043a\\u043e\\u043b\\u043b\\u0435\\u043a\\u0446\\u0438\\u044f - Klientide lemmikud, K\\u00f5ik tooted, Lihav\\u00f5tteks, \\u0160okolaaditahvlid, \\u0412\\u0441\\u044f \\u043f\\u0440\\u043e\\u0434\\u0443\\u043a\\u0446\\u0438\\u044f, \\u041a \\u041f\\u0430\\u0441\\u0445\\u0435, \\u041b\\u044e\\u0431\\u0438\\u043c\\u044b\\u0439 \\u0448\\u043e\\u043a\\u043e\\u043b\\u0430\\u0434 \\u043d\\u0430\\u0448\\u0438\\u0445 \\u043a\\u043b\\u0438\\u0435\\u043d\\u0442\\u043e\\u0432, \\u041f\\u043b\\u0438\\u0442\\u043a\\u0438 \\u0448\\u043e\\u043a\\u043e\\u043b\\u0430\\u0434\\u0430. Chocolala\",\"inLanguage\":\"ru-RU\",\"potentialAction\":[{\"@type\":\"ReadAction\",\"target\":[\"https:\/\/chocolala.ee\/ru\/product\/%d1%88%d0%be%d0%ba%d0%be%d0%bb%d0%b0%d0%b4%d0%bd%d1%8b%d0%b9-%d0%b1%d0%b0%d1%82%d0%be%d0%bd%d1%87%d0%b8%d0%ba-%d1%80%d1%83%d0%b1%d0%b8%d0%bd%d0%be%d0%b2%d1%8b%d0%b9-%d1%81-%d0%bf%d0%b0%d1%81%d1%85\/\"]}]}]}<\/script>\n<!-- \/ Yoast SEO plugin. -->","_links":{"self":[{"href":"https:\/\/chocolala.ee\/ru\/wp-json\/wp\/v2\/product\/46004"}],"collection":[{"href":"https:\/\/chocolala.ee\/ru\/wp-json\/wp\/v2\/product"}],"about":[{"href":"https:\/\/chocolala.ee\/ru\/wp-json\/wp\/v2\/types\/product"}],"replies":[{"embeddable":true,"href":"https:\/\/chocolala.ee\/ru\/wp-json\/wp\/v2\/comments?post=46004"}],"wp:featuredmedia":[{"embeddable":true,"href":"https:\/\/chocolala.ee\/ru\/wp-json\/wp\/v2\/media\/46007"}],"wp:attachment":[{"href":"https:\/\/chocolala.ee\/ru\/wp-json\/wp\/v2\/media?parent=46004"}],"wp:term":[{"taxonomy":"product_cat","embeddable":true,"href":"https:\/\/chocolala.ee\/ru\/wp-json\/wp\/v2\/product_cat?post=46004"},{"taxonomy":"product_tag","embeddable":true,"href":"https:\/\/chocolala.ee\/ru\/wp-json\/wp\/v2\/product_tag?post=46004"},{"taxonomy":"features","embeddable":true,"href":"https:\/\/chocolala.ee\/ru\/wp-json\/wp\/v2\/features?post=46004"}],"curies":[{"name":"wp","href":"https:\/\/api.w.org\/{rel}","templated":true}]}}