{"id":8974,"date":"2021-04-11T17:56:34","date_gmt":"2021-04-11T14:56:34","guid":{"rendered":"https:\/\/chocolala.ee\/?post_type=product&#038;p=8974"},"modified":"2026-04-09T11:47:11","modified_gmt":"2026-04-09T08:47:11","slug":"%d0%bf%d1%80%d0%be%d0%b7%d1%80%d0%b0%d1%87%d0%bd%d0%b0%d1%8f-%d0%ba%d0%be%d1%80%d0%be%d0%b1%d0%ba%d0%b0-%d1%81-9-%d1%88%d0%be%d0%ba%d0%be%d0%bb%d0%b0%d0%b4%d0%bd%d1%8b%d0%bc%d0%b8-%d0%ba%d0%be%d0%bd","status":"publish","type":"product","link":"https:\/\/chocolala.ee\/ru\/product\/%d0%bf%d1%80%d0%be%d0%b7%d1%80%d0%b0%d1%87%d0%bd%d0%b0%d1%8f-%d0%ba%d0%be%d1%80%d0%be%d0%b1%d0%ba%d0%b0-%d1%81-9-%d1%88%d0%be%d0%ba%d0%be%d0%bb%d0%b0%d0%b4%d0%bd%d1%8b%d0%bc%d0%b8-%d0%ba%d0%be%d0%bd\/","title":{"rendered":"\u041f\u0440\u043e\u0437\u0440\u0430\u0447\u043d\u0430\u044f \u043a\u043e\u0440\u043e\u0431\u043a\u0430 \u0441 9 \u0448\u043e\u043a\u043e\u043b\u0430\u0434\u043d\u044b\u043c\u0438 \u043a\u043e\u043d\u0444\u0435\u0442\u0430\u043c\u0438 \u2013 Head emadep\u00e4eva! (\u0421 \u0434\u043d\u0435\u043c \u043c\u0430\u0442\u0435\u0440\u0438)"},"content":{"rendered":"<p>&nbsp;<\/p>\n","protected":false},"excerpt":{"rendered":"<p>&nbsp;<\/p>\n","protected":false},"featured_media":34880,"comment_status":"open","ping_status":"closed","template":"","meta":[],"product_cat":[138,99,71,89,72,139,90,100],"product_tag":[],"features":[],"brands":[],"yoast_head":"<!-- This site is optimized with the Yoast SEO plugin v14.9 - https:\/\/yoast.com\/wordpress\/plugins\/seo\/ -->\n<title>\u041f\u0440\u043e\u0437\u0440\u0430\u0447\u043d\u0430\u044f \u043a\u043e\u0440\u043e\u0431\u043a\u0430 \u0441 9 \u0448\u043e\u043a\u043e\u043b\u0430\u0434\u043d\u044b\u043c\u0438 \u043a\u043e\u043d\u0444\u0435\u0442\u0430\u043c\u0438 \u2013 Head emadep\u00e4eva! (\u0421 \u0434\u043d\u0435\u043c \u043c\u0430\u0442\u0435\u0440\u0438) - Chocolala<\/title>\n<meta name=\"description\" content=\"\u041f\u0440\u043e\u0437\u0440\u0430\u0447\u043d\u0430\u044f \u043a\u043e\u0440\u043e\u0431\u043a\u0430 \u0441 9 \u0448\u043e\u043a\u043e\u043b\u0430\u0434\u043d\u044b\u043c\u0438 \u043a\u043e\u043d\u0444\u0435\u0442\u0430\u043c\u0438 \u2013 Head emadep\u00e4eva! (\u0421 \u0434\u043d\u0435\u043c \u043c\u0430\u0442\u0435\u0440\u0438) - Emadep\u00e4ev, Emale ja isale, K\u00f5ik tooted, V\u00e4iksed karbid (2-9 kommi), \u0412\u0441\u044f \u043f\u0440\u043e\u0434\u0443\u043a\u0446\u0438\u044f, \u0414\u0435\u043d\u044c \u043c\u0430\u0442\u0435\u0440\u0438, \u041c\u0430\u043b\u0435\u043d\u044c\u043a\u0438\u0435 \u043a\u043e\u0440\u043e\u0431\u043a\u0438 (2\u20139 \u043a\u043e\u043d\u0444\u0435\u0442), \u041c\u0430\u043c\u0435 \u0438 \u043f\u0430\u043f\u0435. Chocolala\" \/>\n<meta name=\"robots\" content=\"index, follow, max-snippet:-1, max-image-preview:large, max-video-preview:-1\" \/>\n<link rel=\"canonical\" href=\"https:\/\/chocolala.ee\/ru\/product\/%d0%bf%d1%80%d0%be%d0%b7%d1%80%d0%b0%d1%87%d0%bd%d0%b0%d1%8f-%d0%ba%d0%be%d1%80%d0%be%d0%b1%d0%ba%d0%b0-%d1%81-9-%d1%88%d0%be%d0%ba%d0%be%d0%bb%d0%b0%d0%b4%d0%bd%d1%8b%d0%bc%d0%b8-%d0%ba%d0%be%d0%bd\/\" \/>\n<meta property=\"og:locale\" content=\"ru_RU\" \/>\n<meta property=\"og:type\" content=\"article\" \/>\n<meta property=\"og:title\" content=\"\u041f\u0440\u043e\u0437\u0440\u0430\u0447\u043d\u0430\u044f \u043a\u043e\u0440\u043e\u0431\u043a\u0430 \u0441 9 \u0448\u043e\u043a\u043e\u043b\u0430\u0434\u043d\u044b\u043c\u0438 \u043a\u043e\u043d\u0444\u0435\u0442\u0430\u043c\u0438 \u2013 Head emadep\u00e4eva! (\u0421 \u0434\u043d\u0435\u043c \u043c\u0430\u0442\u0435\u0440\u0438) - Chocolala\" \/>\n<meta property=\"og:description\" content=\"\u041f\u0440\u043e\u0437\u0440\u0430\u0447\u043d\u0430\u044f \u043a\u043e\u0440\u043e\u0431\u043a\u0430 \u0441 9 \u0448\u043e\u043a\u043e\u043b\u0430\u0434\u043d\u044b\u043c\u0438 \u043a\u043e\u043d\u0444\u0435\u0442\u0430\u043c\u0438 \u2013 Head emadep\u00e4eva! (\u0421 \u0434\u043d\u0435\u043c \u043c\u0430\u0442\u0435\u0440\u0438) - Emadep\u00e4ev, Emale ja isale, K\u00f5ik tooted, V\u00e4iksed karbid (2-9 kommi), \u0412\u0441\u044f \u043f\u0440\u043e\u0434\u0443\u043a\u0446\u0438\u044f, \u0414\u0435\u043d\u044c \u043c\u0430\u0442\u0435\u0440\u0438, \u041c\u0430\u043b\u0435\u043d\u044c\u043a\u0438\u0435 \u043a\u043e\u0440\u043e\u0431\u043a\u0438 (2\u20139 \u043a\u043e\u043d\u0444\u0435\u0442), \u041c\u0430\u043c\u0435 \u0438 \u043f\u0430\u043f\u0435. Chocolala\" \/>\n<meta property=\"og:url\" content=\"https:\/\/chocolala.ee\/ru\/product\/%d0%bf%d1%80%d0%be%d0%b7%d1%80%d0%b0%d1%87%d0%bd%d0%b0%d1%8f-%d0%ba%d0%be%d1%80%d0%be%d0%b1%d0%ba%d0%b0-%d1%81-9-%d1%88%d0%be%d0%ba%d0%be%d0%bb%d0%b0%d0%b4%d0%bd%d1%8b%d0%bc%d0%b8-%d0%ba%d0%be%d0%bd\/\" \/>\n<meta property=\"og:site_name\" content=\"Chocolala\" \/>\n<meta property=\"article:publisher\" content=\"https:\/\/www.facebook.com\/chocolalaestonia\" \/>\n<meta property=\"article:modified_time\" content=\"2026-04-09T08:47:11+00:00\" \/>\n<meta property=\"og:image\" content=\"https:\/\/chocolala.ee\/wp-content\/uploads\/2021\/04\/9-sokolaadiga-labipaistev-karp-Head-emadepaeva-Transparent-chocolate-box-Happy-Mothers-Day-9-chocolates.jpg\" \/>\n\t<meta property=\"og:image:width\" content=\"1500\" \/>\n\t<meta property=\"og:image:height\" content=\"1501\" \/>\n<meta name=\"twitter:card\" content=\"summary_large_image\" \/>\n<script type=\"application\/ld+json\" class=\"yoast-schema-graph\">{\"@context\":\"https:\/\/schema.org\",\"@graph\":[{\"@type\":\"Organization\",\"@id\":\"https:\/\/chocolala.ee\/ru\/#organization\",\"name\":\"Chocolala\",\"url\":\"https:\/\/chocolala.ee\/ru\/\",\"sameAs\":[\"https:\/\/www.facebook.com\/chocolalaestonia\",\"https:\/\/www.linkedin.com\/company\/chocolalaestonia\/\"],\"logo\":{\"@type\":\"ImageObject\",\"@id\":\"https:\/\/chocolala.ee\/ru\/#logo\",\"inLanguage\":\"ru-RU\",\"url\":\"https:\/\/chocolala.ee\/wp-content\/uploads\/2020\/09\/500_500.jpg\",\"width\":500,\"height\":500,\"caption\":\"Chocolala\"},\"image\":{\"@id\":\"https:\/\/chocolala.ee\/ru\/#logo\"}},{\"@type\":\"WebSite\",\"@id\":\"https:\/\/chocolala.ee\/ru\/#website\",\"url\":\"https:\/\/chocolala.ee\/ru\/\",\"name\":\"Chocolala\",\"description\":\"\",\"publisher\":{\"@id\":\"https:\/\/chocolala.ee\/ru\/#organization\"},\"potentialAction\":[{\"@type\":\"SearchAction\",\"target\":\"https:\/\/chocolala.ee\/ru\/?s={search_term_string}\",\"query-input\":\"required name=search_term_string\"}],\"inLanguage\":\"ru-RU\"},{\"@type\":\"ImageObject\",\"@id\":\"https:\/\/chocolala.ee\/ru\/product\/%d0%bf%d1%80%d0%be%d0%b7%d1%80%d0%b0%d1%87%d0%bd%d0%b0%d1%8f-%d0%ba%d0%be%d1%80%d0%be%d0%b1%d0%ba%d0%b0-%d1%81-9-%d1%88%d0%be%d0%ba%d0%be%d0%bb%d0%b0%d0%b4%d0%bd%d1%8b%d0%bc%d0%b8-%d0%ba%d0%be%d0%bd\/#primaryimage\",\"inLanguage\":\"ru-RU\",\"url\":\"https:\/\/chocolala.ee\/wp-content\/uploads\/2021\/04\/9-sokolaadiga-labipaistev-karp-Head-emadepaeva-Transparent-chocolate-box-Happy-Mothers-Day-9-chocolates.jpg\",\"width\":1500,\"height\":1501,\"caption\":\"9 \\u0161okolaadiga l\\u00e4bipaistev karp - Head emadepaeva-Transparent chocolate box Happy Mothers Day - 9 chocolates\"},{\"@type\":[\"WebPage\",\"ItemPage\"],\"@id\":\"https:\/\/chocolala.ee\/ru\/product\/%d0%bf%d1%80%d0%be%d0%b7%d1%80%d0%b0%d1%87%d0%bd%d0%b0%d1%8f-%d0%ba%d0%be%d1%80%d0%be%d0%b1%d0%ba%d0%b0-%d1%81-9-%d1%88%d0%be%d0%ba%d0%be%d0%bb%d0%b0%d0%b4%d0%bd%d1%8b%d0%bc%d0%b8-%d0%ba%d0%be%d0%bd\/#webpage\",\"url\":\"https:\/\/chocolala.ee\/ru\/product\/%d0%bf%d1%80%d0%be%d0%b7%d1%80%d0%b0%d1%87%d0%bd%d0%b0%d1%8f-%d0%ba%d0%be%d1%80%d0%be%d0%b1%d0%ba%d0%b0-%d1%81-9-%d1%88%d0%be%d0%ba%d0%be%d0%bb%d0%b0%d0%b4%d0%bd%d1%8b%d0%bc%d0%b8-%d0%ba%d0%be%d0%bd\/\",\"name\":\"\\u041f\\u0440\\u043e\\u0437\\u0440\\u0430\\u0447\\u043d\\u0430\\u044f \\u043a\\u043e\\u0440\\u043e\\u0431\\u043a\\u0430 \\u0441 9 \\u0448\\u043e\\u043a\\u043e\\u043b\\u0430\\u0434\\u043d\\u044b\\u043c\\u0438 \\u043a\\u043e\\u043d\\u0444\\u0435\\u0442\\u0430\\u043c\\u0438 \\u2013 Head emadep\\u00e4eva! (\\u0421 \\u0434\\u043d\\u0435\\u043c \\u043c\\u0430\\u0442\\u0435\\u0440\\u0438) - Chocolala\",\"isPartOf\":{\"@id\":\"https:\/\/chocolala.ee\/ru\/#website\"},\"primaryImageOfPage\":{\"@id\":\"https:\/\/chocolala.ee\/ru\/product\/%d0%bf%d1%80%d0%be%d0%b7%d1%80%d0%b0%d1%87%d0%bd%d0%b0%d1%8f-%d0%ba%d0%be%d1%80%d0%be%d0%b1%d0%ba%d0%b0-%d1%81-9-%d1%88%d0%be%d0%ba%d0%be%d0%bb%d0%b0%d0%b4%d0%bd%d1%8b%d0%bc%d0%b8-%d0%ba%d0%be%d0%bd\/#primaryimage\"},\"datePublished\":\"2021-04-11T14:56:34+00:00\",\"dateModified\":\"2026-04-09T08:47:11+00:00\",\"description\":\"\\u041f\\u0440\\u043e\\u0437\\u0440\\u0430\\u0447\\u043d\\u0430\\u044f \\u043a\\u043e\\u0440\\u043e\\u0431\\u043a\\u0430 \\u0441 9 \\u0448\\u043e\\u043a\\u043e\\u043b\\u0430\\u0434\\u043d\\u044b\\u043c\\u0438 \\u043a\\u043e\\u043d\\u0444\\u0435\\u0442\\u0430\\u043c\\u0438 \\u2013 Head emadep\\u00e4eva! (\\u0421 \\u0434\\u043d\\u0435\\u043c \\u043c\\u0430\\u0442\\u0435\\u0440\\u0438) - Emadep\\u00e4ev, Emale ja isale, K\\u00f5ik tooted, V\\u00e4iksed karbid (2-9 kommi), \\u0412\\u0441\\u044f \\u043f\\u0440\\u043e\\u0434\\u0443\\u043a\\u0446\\u0438\\u044f, \\u0414\\u0435\\u043d\\u044c \\u043c\\u0430\\u0442\\u0435\\u0440\\u0438, \\u041c\\u0430\\u043b\\u0435\\u043d\\u044c\\u043a\\u0438\\u0435 \\u043a\\u043e\\u0440\\u043e\\u0431\\u043a\\u0438 (2\\u20139 \\u043a\\u043e\\u043d\\u0444\\u0435\\u0442), \\u041c\\u0430\\u043c\\u0435 \\u0438 \\u043f\\u0430\\u043f\\u0435. Chocolala\",\"inLanguage\":\"ru-RU\",\"potentialAction\":[{\"@type\":\"ReadAction\",\"target\":[\"https:\/\/chocolala.ee\/ru\/product\/%d0%bf%d1%80%d0%be%d0%b7%d1%80%d0%b0%d1%87%d0%bd%d0%b0%d1%8f-%d0%ba%d0%be%d1%80%d0%be%d0%b1%d0%ba%d0%b0-%d1%81-9-%d1%88%d0%be%d0%ba%d0%be%d0%bb%d0%b0%d0%b4%d0%bd%d1%8b%d0%bc%d0%b8-%d0%ba%d0%be%d0%bd\/\"]}]}]}<\/script>\n<!-- \/ Yoast SEO plugin. -->","_links":{"self":[{"href":"https:\/\/chocolala.ee\/ru\/wp-json\/wp\/v2\/product\/8974"}],"collection":[{"href":"https:\/\/chocolala.ee\/ru\/wp-json\/wp\/v2\/product"}],"about":[{"href":"https:\/\/chocolala.ee\/ru\/wp-json\/wp\/v2\/types\/product"}],"replies":[{"embeddable":true,"href":"https:\/\/chocolala.ee\/ru\/wp-json\/wp\/v2\/comments?post=8974"}],"wp:featuredmedia":[{"embeddable":true,"href":"https:\/\/chocolala.ee\/ru\/wp-json\/wp\/v2\/media\/34880"}],"wp:attachment":[{"href":"https:\/\/chocolala.ee\/ru\/wp-json\/wp\/v2\/media?parent=8974"}],"wp:term":[{"taxonomy":"product_cat","embeddable":true,"href":"https:\/\/chocolala.ee\/ru\/wp-json\/wp\/v2\/product_cat?post=8974"},{"taxonomy":"product_tag","embeddable":true,"href":"https:\/\/chocolala.ee\/ru\/wp-json\/wp\/v2\/product_tag?post=8974"},{"taxonomy":"features","embeddable":true,"href":"https:\/\/chocolala.ee\/ru\/wp-json\/wp\/v2\/features?post=8974"}],"curies":[{"name":"wp","href":"https:\/\/api.w.org\/{rel}","templated":true}]}}